{"id":4273,"date":"2026-01-15T15:13:53","date_gmt":"2026-01-15T13:13:53","guid":{"rendered":"https:\/\/solove.lt\/?post_type=product&#038;p=4273"},"modified":"2026-03-31T20:11:58","modified_gmt":"2026-03-31T17:11:58","slug":"smelio-zvakiu-rinkinys","status":"publish","type":"product","link":"https:\/\/solove.lt\/en\/product\/smelio-zvakiu-rinkinys\/","title":{"rendered":"Sm\u0117lio \u017evaki\u0173 rinkinys \u2013 2 \u00d7 650 g + 1 \u00d7 330 g | Sutaupyk 15 \u20ac"},"content":{"rendered":"<h3 data-start=\"1243\" data-end=\"1290\">\u00a0Maksimali vert\u0117 \u2013 maksimalus sutaupymas<\/h3>\n<p data-start=\"1291\" data-end=\"1528\">\u0160is <strong data-start=\"1295\" data-end=\"1345\">sm\u0117lio \u017evaki\u0173 rinkinys (2 \u00d7 650 g + 1 \u00d7 330 g)<\/strong> sukurtas tiems, kurie nori <strong data-start=\"1373\" data-end=\"1437\">daugiau \u017evaki\u0173, daugiau jaukumo ir realios finansin\u0117s naudos<\/strong>. Perkant rinkin\u012f, <strong data-start=\"1456\" data-end=\"1477\">sutaupai net 15 \u20ac<\/strong>, lyginant su perkant tas pa\u010dias pakuotes atskirai.<\/p>\n<p data-start=\"1530\" data-end=\"1594\">Tai vienas labiausiai apsimokan\u010di\u0173 pasirinkim\u0173 m\u016bs\u0173 asortimente.<\/p>\n<h3 data-start=\"1596\" data-end=\"1646\">Populiariausi kvapai \u2013 saugus pasirinkimas<\/h3>\n<p data-start=\"1647\" data-end=\"1909\">\u012e rinkin\u012f atrinkti <strong data-start=\"1666\" data-end=\"1710\">patys populiariausi sm\u0117lio \u017evaki\u0173 kvapai<\/strong>, kuriuos renkasi m\u016bs\u0173 klientai. Tai universal\u016bs, jauk\u016bs aromatai, tinkantys daugumai nam\u0173 ir skoni\u0173.<br data-start=\"1811\" data-end=\"1814\" \/>\ud83d\udc49 <strong data-start=\"1817\" data-end=\"1863\">Kad ir kur\u012f pasirinksi \u2013 tikrai nepra\u0161ausi<\/strong>, tod\u0117l rinkinys puikiai tinka ir kaip dovana.<\/p>\n<h3 data-start=\"1911\" data-end=\"1945\">\u00a0Susikomplektuok pagal save<\/h3>\n<p data-start=\"1946\" data-end=\"2164\">Rinkinys n\u0117ra fiksuotas \u2013 <strong data-start=\"1972\" data-end=\"2007\">gali keisti produktus ir kvapus<\/strong> pagal savo poreikius.<br data-start=\"2029\" data-end=\"2032\" \/>Pasirink <strong data-start=\"2041\" data-end=\"2091\">2 dideles (650 g) ir 1 ma\u017eesn\u0119 (330 g) pakuot\u0119<\/strong> i\u0161 galim\u0173 variant\u0173 ir susikurk rinkin\u012f, kuris idealiai tiks tavo namams.<\/p>\n<p data-start=\"2166\" data-end=\"2225\">Vienu pirkimu gauni daugiau, o kaina \u2013 \u017eenkliai palankesn\u0117.<\/p>\n<h3 data-start=\"2227\" data-end=\"2273\">\u00a0Nat\u016bralios, daugkartin\u0117s sm\u0117lio \u017evak\u0117s<\/h3>\n<p data-start=\"2274\" data-end=\"2474\">soLove sm\u0117lio \u017evak\u0117s gaminamos i\u0161 <strong data-start=\"2308\" data-end=\"2327\">augalinio va\u0161ko<\/strong>, yra <strong data-start=\"2333\" data-end=\"2359\">daugkartinio naudojimo<\/strong> \u2013 pakeiti tik dagt\u012f, o \u017evak\u0119 gali naudoti v\u0117l ir v\u0117l. Tai tvarus, esteti\u0161kas ir modernus sprendimas nam\u0173 jaukumui.<\/p>\n<p data-start=\"2476\" data-end=\"2580\">\u2728 <strong data-start=\"2478\" data-end=\"2514\">Rinkin\u012f pirkti visada yra geriau<\/strong> \u2013 daugiau produkto, daugiau pasirinkimo ir <strong data-start=\"2558\" data-end=\"2579\">sutaupai net 15 \u20ac<\/strong>.<\/p>","protected":false},"excerpt":{"rendered":"<p><strong data-start=\"215\" data-end=\"253\">Daugiau jaukumo viename rinkinyje.<\/strong><br data-start=\"253\" data-end=\"256\" \/>2 didel\u0117s ir 1 ma\u017eesn\u0117 sm\u0117lio \u017evak\u0117 \u2013 populiariausi kvapai, kuriuos gali keisti pagal save.<br data-start=\"347\" data-end=\"350\" \/>Rinkinys, kuris <strong data-start=\"366\" data-end=\"392\">visada labiau apsimoka<\/strong> \u2013 sutaupai <strong data-start=\"404\" data-end=\"412\">15 \u20ac<\/strong>.<\/p>","protected":false},"featured_media":4274,"comment_status":"open","ping_status":"closed","template":"","meta":[],"product_brand":[],"product_cat":[66,95,69,84,67,21],"product_tag":[],"class_list":{"0":"post-4273","1":"product","2":"type-product","3":"status-publish","4":"has-post-thumbnail","6":"product_cat-papildymo-pakuote-kartoninis-vamzdis","7":"product_cat-smelio-zvakiu-rinkiniai","8":"product_cat-stikline-kvapni-zvake","9":"product_cat-zvakiu-smelis","10":"product_cat-papildymo-pakuote-zvakiu-smelis-ir-zvakes","11":"product_cat-zvakiu-smelis-ir-zvakes","13":"first","14":"instock","15":"sale","16":"shipping-taxable","17":"purchasable","18":"product-type-easy_product_bundle"},"yoast_head":"<!-- This site is optimized with the Yoast SEO plugin v27.4 - https:\/\/yoast.com\/product\/yoast-seo-wordpress\/ -->\n<title>Sm\u0117lio \u017evaki\u0173 rinkinys 2\u00d7650 g + 1\u00d7330 g \u2013 sutaupyk 15 \u20ac | soLove<\/title>\n<meta name=\"description\" content=\"Sm\u0117lio \u017evaki\u0173 rinkinys: 2\u00d7650 g + 1\u00d7330 g. Sutaupyk net 15 \u20ac. Populiariausi kvapai, galimyb\u0117 keisti produktus. Rinkin\u012f pirkti visada apsimoka.\" \/>\n<meta name=\"robots\" content=\"index, follow, max-snippet:-1, max-image-preview:large, max-video-preview:-1\" \/>\n<link rel=\"canonical\" href=\"https:\/\/solove.lt\/en\/product\/smelio-zvakiu-rinkinys\/\" \/>\n<meta property=\"og:locale\" content=\"en_US\" \/>\n<meta property=\"og:type\" content=\"article\" \/>\n<meta property=\"og:title\" content=\"Sm\u0117lio \u017evaki\u0173 rinkinys 2\u00d7650 g + 1\u00d7330 g \u2013 sutaupyk 15 \u20ac | soLove\" \/>\n<meta property=\"og:description\" content=\"Sm\u0117lio \u017evaki\u0173 rinkinys: 2\u00d7650 g + 1\u00d7330 g. Sutaupyk net 15 \u20ac. Populiariausi kvapai, galimyb\u0117 keisti produktus. Rinkin\u012f pirkti visada apsimoka.\" \/>\n<meta property=\"og:url\" content=\"https:\/\/solove.lt\/en\/product\/smelio-zvakiu-rinkinys\/\" \/>\n<meta property=\"og:site_name\" content=\"Solove\" \/>\n<meta property=\"article:modified_time\" content=\"2026-03-31T17:11:58+00:00\" \/>\n<meta property=\"og:image\" content=\"https:\/\/solove.lt\/wp-content\/uploads\/2026\/01\/2vnt-650-330.png\" \/>\n\t<meta property=\"og:image:width\" content=\"1080\" \/>\n\t<meta property=\"og:image:height\" content=\"1350\" \/>\n\t<meta property=\"og:image:type\" content=\"image\/png\" \/>\n<meta name=\"twitter:card\" content=\"summary_large_image\" \/>\n<meta name=\"twitter:label1\" content=\"Est. reading time\" \/>\n\t<meta name=\"twitter:data1\" content=\"2 minutes\" \/>\n<script type=\"application\/ld+json\" class=\"yoast-schema-graph\">{\"@context\":\"https:\\\/\\\/schema.org\",\"@graph\":[{\"@type\":\"WebPage\",\"@id\":\"https:\\\/\\\/solove.lt\\\/product\\\/smelio-zvakiu-rinkinys\\\/\",\"url\":\"https:\\\/\\\/solove.lt\\\/product\\\/smelio-zvakiu-rinkinys\\\/\",\"name\":\"Sm\u0117lio \u017evaki\u0173 rinkinys 2\u00d7650 g + 1\u00d7330 g \u2013 sutaupyk 15 \u20ac | soLove\",\"isPartOf\":{\"@id\":\"https:\\\/\\\/solove.lt\\\/#website\"},\"primaryImageOfPage\":{\"@id\":\"https:\\\/\\\/solove.lt\\\/product\\\/smelio-zvakiu-rinkinys\\\/#primaryimage\"},\"image\":{\"@id\":\"https:\\\/\\\/solove.lt\\\/product\\\/smelio-zvakiu-rinkinys\\\/#primaryimage\"},\"thumbnailUrl\":\"https:\\\/\\\/solove.lt\\\/wp-content\\\/uploads\\\/2026\\\/01\\\/2vnt-650-330.png\",\"datePublished\":\"2026-01-15T13:13:53+00:00\",\"dateModified\":\"2026-03-31T17:11:58+00:00\",\"description\":\"Sm\u0117lio \u017evaki\u0173 rinkinys: 2\u00d7650 g + 1\u00d7330 g. Sutaupyk net 15 \u20ac. Populiariausi kvapai, galimyb\u0117 keisti produktus. Rinkin\u012f pirkti visada apsimoka.\",\"breadcrumb\":{\"@id\":\"https:\\\/\\\/solove.lt\\\/product\\\/smelio-zvakiu-rinkinys\\\/#breadcrumb\"},\"inLanguage\":\"en-US\",\"potentialAction\":[{\"@type\":\"ReadAction\",\"target\":[\"https:\\\/\\\/solove.lt\\\/product\\\/smelio-zvakiu-rinkinys\\\/\"]}]},{\"@type\":\"ImageObject\",\"inLanguage\":\"en-US\",\"@id\":\"https:\\\/\\\/solove.lt\\\/product\\\/smelio-zvakiu-rinkinys\\\/#primaryimage\",\"url\":\"https:\\\/\\\/solove.lt\\\/wp-content\\\/uploads\\\/2026\\\/01\\\/2vnt-650-330.png\",\"contentUrl\":\"https:\\\/\\\/solove.lt\\\/wp-content\\\/uploads\\\/2026\\\/01\\\/2vnt-650-330.png\",\"width\":1080,\"height\":1350,\"caption\":\"Sm\u0117lio \u017evaki\u0173 rinkinys 2x650 g + 1x330 g \u2013 sutaupyk 15 \u20ac\"},{\"@type\":\"BreadcrumbList\",\"@id\":\"https:\\\/\\\/solove.lt\\\/product\\\/smelio-zvakiu-rinkinys\\\/#breadcrumb\",\"itemListElement\":[{\"@type\":\"ListItem\",\"position\":1,\"name\":\"Home\",\"item\":\"https:\\\/\\\/solove.lt\\\/\"},{\"@type\":\"ListItem\",\"position\":2,\"name\":\"Parduotuv\u0117\",\"item\":\"https:\\\/\\\/solove.lt\\\/shop\\\/\"},{\"@type\":\"ListItem\",\"position\":3,\"name\":\"Sm\u0117lio \u017evaki\u0173 rinkinys \u2013 2 \u00d7 650 g + 1 \u00d7 330 g | Sutaupyk 15 \u20ac\"}]},{\"@type\":\"WebSite\",\"@id\":\"https:\\\/\\\/solove.lt\\\/#website\",\"url\":\"https:\\\/\\\/solove.lt\\\/\",\"name\":\"Solove\",\"description\":\"Nat\u016bral\u016bs nam\u0173 kvapai ir \u017evaki\u0173 sm\u0117lis\",\"publisher\":{\"@id\":\"https:\\\/\\\/solove.lt\\\/#organization\"},\"potentialAction\":[{\"@type\":\"SearchAction\",\"target\":{\"@type\":\"EntryPoint\",\"urlTemplate\":\"https:\\\/\\\/solove.lt\\\/?s={search_term_string}\"},\"query-input\":{\"@type\":\"PropertyValueSpecification\",\"valueRequired\":true,\"valueName\":\"search_term_string\"}}],\"inLanguage\":\"en-US\"},{\"@type\":\"Organization\",\"@id\":\"https:\\\/\\\/solove.lt\\\/#organization\",\"name\":\"Solove\",\"url\":\"https:\\\/\\\/solove.lt\\\/\",\"logo\":{\"@type\":\"ImageObject\",\"inLanguage\":\"en-US\",\"@id\":\"https:\\\/\\\/solove.lt\\\/#\\\/schema\\\/logo\\\/image\\\/\",\"url\":\"https:\\\/\\\/solove.lt\\\/wp-content\\\/uploads\\\/2025\\\/11\\\/logo.svg\",\"contentUrl\":\"https:\\\/\\\/solove.lt\\\/wp-content\\\/uploads\\\/2025\\\/11\\\/logo.svg\",\"width\":320,\"height\":280,\"caption\":\"Solove\"},\"image\":{\"@id\":\"https:\\\/\\\/solove.lt\\\/#\\\/schema\\\/logo\\\/image\\\/\"},\"sameAs\":[\"https:\\\/\\\/www.instagram.com\\\/solove.lt\\\/\"]}]}<\/script>\n<!-- \/ Yoast SEO plugin. -->","yoast_head_json":{"title":"Sm\u0117lio \u017evaki\u0173 rinkinys 2\u00d7650 g + 1\u00d7330 g \u2013 sutaupyk 15 \u20ac | soLove","description":"Sm\u0117lio \u017evaki\u0173 rinkinys: 2\u00d7650 g + 1\u00d7330 g. Sutaupyk net 15 \u20ac. Populiariausi kvapai, galimyb\u0117 keisti produktus. Rinkin\u012f pirkti visada apsimoka.","robots":{"index":"index","follow":"follow","max-snippet":"max-snippet:-1","max-image-preview":"max-image-preview:large","max-video-preview":"max-video-preview:-1"},"canonical":"https:\/\/solove.lt\/en\/product\/smelio-zvakiu-rinkinys\/","og_locale":"en_US","og_type":"article","og_title":"Sm\u0117lio \u017evaki\u0173 rinkinys 2\u00d7650 g + 1\u00d7330 g \u2013 sutaupyk 15 \u20ac | soLove","og_description":"Sm\u0117lio \u017evaki\u0173 rinkinys: 2\u00d7650 g + 1\u00d7330 g. Sutaupyk net 15 \u20ac. Populiariausi kvapai, galimyb\u0117 keisti produktus. Rinkin\u012f pirkti visada apsimoka.","og_url":"https:\/\/solove.lt\/en\/product\/smelio-zvakiu-rinkinys\/","og_site_name":"Solove","article_modified_time":"2026-03-31T17:11:58+00:00","og_image":[{"width":1080,"height":1350,"url":"https:\/\/solove.lt\/wp-content\/uploads\/2026\/01\/2vnt-650-330.png","type":"image\/png"}],"twitter_card":"summary_large_image","twitter_misc":{"Est. reading time":"2 minutes"},"schema":{"@context":"https:\/\/schema.org","@graph":[{"@type":"WebPage","@id":"https:\/\/solove.lt\/product\/smelio-zvakiu-rinkinys\/","url":"https:\/\/solove.lt\/product\/smelio-zvakiu-rinkinys\/","name":"Sm\u0117lio \u017evaki\u0173 rinkinys 2\u00d7650 g + 1\u00d7330 g \u2013 sutaupyk 15 \u20ac | soLove","isPartOf":{"@id":"https:\/\/solove.lt\/#website"},"primaryImageOfPage":{"@id":"https:\/\/solove.lt\/product\/smelio-zvakiu-rinkinys\/#primaryimage"},"image":{"@id":"https:\/\/solove.lt\/product\/smelio-zvakiu-rinkinys\/#primaryimage"},"thumbnailUrl":"https:\/\/solove.lt\/wp-content\/uploads\/2026\/01\/2vnt-650-330.png","datePublished":"2026-01-15T13:13:53+00:00","dateModified":"2026-03-31T17:11:58+00:00","description":"Sm\u0117lio \u017evaki\u0173 rinkinys: 2\u00d7650 g + 1\u00d7330 g. Sutaupyk net 15 \u20ac. Populiariausi kvapai, galimyb\u0117 keisti produktus. Rinkin\u012f pirkti visada apsimoka.","breadcrumb":{"@id":"https:\/\/solove.lt\/product\/smelio-zvakiu-rinkinys\/#breadcrumb"},"inLanguage":"en-US","potentialAction":[{"@type":"ReadAction","target":["https:\/\/solove.lt\/product\/smelio-zvakiu-rinkinys\/"]}]},{"@type":"ImageObject","inLanguage":"en-US","@id":"https:\/\/solove.lt\/product\/smelio-zvakiu-rinkinys\/#primaryimage","url":"https:\/\/solove.lt\/wp-content\/uploads\/2026\/01\/2vnt-650-330.png","contentUrl":"https:\/\/solove.lt\/wp-content\/uploads\/2026\/01\/2vnt-650-330.png","width":1080,"height":1350,"caption":"Sm\u0117lio \u017evaki\u0173 rinkinys 2x650 g + 1x330 g \u2013 sutaupyk 15 \u20ac"},{"@type":"BreadcrumbList","@id":"https:\/\/solove.lt\/product\/smelio-zvakiu-rinkinys\/#breadcrumb","itemListElement":[{"@type":"ListItem","position":1,"name":"Home","item":"https:\/\/solove.lt\/"},{"@type":"ListItem","position":2,"name":"Parduotuv\u0117","item":"https:\/\/solove.lt\/shop\/"},{"@type":"ListItem","position":3,"name":"Sm\u0117lio \u017evaki\u0173 rinkinys \u2013 2 \u00d7 650 g + 1 \u00d7 330 g | Sutaupyk 15 \u20ac"}]},{"@type":"WebSite","@id":"https:\/\/solove.lt\/#website","url":"https:\/\/solove.lt\/","name":"Solove","description":"Nat\u016bral\u016bs nam\u0173 kvapai ir \u017evaki\u0173 sm\u0117lis","publisher":{"@id":"https:\/\/solove.lt\/#organization"},"potentialAction":[{"@type":"SearchAction","target":{"@type":"EntryPoint","urlTemplate":"https:\/\/solove.lt\/?s={search_term_string}"},"query-input":{"@type":"PropertyValueSpecification","valueRequired":true,"valueName":"search_term_string"}}],"inLanguage":"en-US"},{"@type":"Organization","@id":"https:\/\/solove.lt\/#organization","name":"Solove","url":"https:\/\/solove.lt\/","logo":{"@type":"ImageObject","inLanguage":"en-US","@id":"https:\/\/solove.lt\/#\/schema\/logo\/image\/","url":"https:\/\/solove.lt\/wp-content\/uploads\/2025\/11\/logo.svg","contentUrl":"https:\/\/solove.lt\/wp-content\/uploads\/2025\/11\/logo.svg","width":320,"height":280,"caption":"Solove"},"image":{"@id":"https:\/\/solove.lt\/#\/schema\/logo\/image\/"},"sameAs":["https:\/\/www.instagram.com\/solove.lt\/"]}]}},"_links":{"self":[{"href":"https:\/\/solove.lt\/en\/wp-json\/wp\/v2\/product\/4273","targetHints":{"allow":["GET"]}}],"collection":[{"href":"https:\/\/solove.lt\/en\/wp-json\/wp\/v2\/product"}],"about":[{"href":"https:\/\/solove.lt\/en\/wp-json\/wp\/v2\/types\/product"}],"replies":[{"embeddable":true,"href":"https:\/\/solove.lt\/en\/wp-json\/wp\/v2\/comments?post=4273"}],"wp:featuredmedia":[{"embeddable":true,"href":"https:\/\/solove.lt\/en\/wp-json\/wp\/v2\/media\/4274"}],"wp:attachment":[{"href":"https:\/\/solove.lt\/en\/wp-json\/wp\/v2\/media?parent=4273"}],"wp:term":[{"taxonomy":"product_brand","embeddable":true,"href":"https:\/\/solove.lt\/en\/wp-json\/wp\/v2\/product_brand?post=4273"},{"taxonomy":"product_cat","embeddable":true,"href":"https:\/\/solove.lt\/en\/wp-json\/wp\/v2\/product_cat?post=4273"},{"taxonomy":"product_tag","embeddable":true,"href":"https:\/\/solove.lt\/en\/wp-json\/wp\/v2\/product_tag?post=4273"}],"curies":[{"name":"wp","href":"https:\/\/api.w.org\/{rel}","templated":true}]}}