{"id":4267,"date":"2026-01-15T11:24:00","date_gmt":"2026-01-15T09:24:00","guid":{"rendered":"https:\/\/solove.lt\/?post_type=product&#038;p=4267"},"modified":"2026-02-10T20:26:11","modified_gmt":"2026-02-10T18:26:11","slug":"smelio-zvakiu-rinkinys-3-pakuotes","status":"publish","type":"product","link":"https:\/\/solove.lt\/en\/product\/smelio-zvakiu-rinkinys-3-pakuotes\/","title":{"rendered":"Sm\u0117lio \u017evaki\u0173 rinkinys \u2013 3 pakuot\u0117s | Sutaupyk 8 \u20ac"},"content":{"rendered":"<h3 data-start=\"1273\" data-end=\"1323\">Kod\u0117l verta rinktis sm\u0117lio \u017evaki\u0173 rinkin\u012f?<\/h3>\n<p data-start=\"1324\" data-end=\"1531\">Sm\u0117lio \u017evaki\u0173 rinkinys i\u0161 3 pakuo\u010di\u0173 \u2013 tai <strong data-start=\"1367\" data-end=\"1416\">protingas ir labiau apsimokantis pasirinkimas<\/strong>, jei ie\u0161kai jaukumo namams ar dovanos. Perkant rinkin\u012f, <strong data-start=\"1473\" data-end=\"1493\">sutaupai net 8 \u20ac<\/strong>, lyginant su pavieni\u0173 pakuo\u010di\u0173 kaina.<\/p>\n<h3 data-start=\"1533\" data-end=\"1583\">Populiariausi kvapai \u2013 saugus pasirinkimas<\/h3>\n<p data-start=\"1584\" data-end=\"1813\">\u012e rinkin\u012f atrinkti <strong data-start=\"1603\" data-end=\"1647\">patys populiariausi sm\u0117lio \u017evaki\u0173 kvapai<\/strong>, kuriuos renkasi m\u016bs\u0173 klientai. Tai kvapai, kurie tinka daugumai \u2013 <strong data-start=\"1715\" data-end=\"1763\">nesvarbu, kur\u012f pasirinksi, tikrai nepra\u0161ausi<\/strong>. Tod\u0117l \u0161is rinkinys puikiai tinka ir kaip dovana.<\/p>\n<h3 data-start=\"1815\" data-end=\"1851\">Laisvai susikomplektuok pats<\/h3>\n<p data-start=\"1852\" data-end=\"2082\">Rinkinyje gali <strong data-start=\"1867\" data-end=\"1895\">laisvai keisti produktus<\/strong> ir pasirinkti b\u016btent tas 3 pakuotes, kurios labiausiai tinka tau.<br data-start=\"1961\" data-end=\"1964\" \/>I\u0161 viso galimi net <strong data-start=\"1983\" data-end=\"2017\">6 skirtingi kvap\u0173 pasirinkimai<\/strong>, tod\u0117l rinkin\u012f lengvai pritaikysi savo namams ar artimam \u017emogui.<\/p>\n<h3 data-start=\"2084\" data-end=\"2136\">Nat\u016bralios sm\u0117lio \u017evak\u0117s \u2013 daugiau nei \u017evak\u0117<\/h3>\n<p data-start=\"2137\" data-end=\"2317\">M\u016bs\u0173 sm\u0117lio \u017evak\u0117s gaminamos i\u0161 <strong data-start=\"2169\" data-end=\"2188\">augalinio va\u0161ko<\/strong>, yra daugkartinio naudojimo \u2013 pakeiti tik dagt\u012f ir v\u0117l m\u0117gaujiesi jaukumu. Tai modernus, tvarus ir esteti\u0161kas sprendimas namams.<\/p>\n<p data-start=\"2319\" data-end=\"2428\">\u2728 <strong data-start=\"2321\" data-end=\"2357\">Rinkin\u012f pirkti visada yra geriau<\/strong> \u2013 daugiau pasirinkimo, ma\u017eesn\u0117 kaina ir daugiau jaukumo vienu pirkimu.<\/p>","protected":false},"excerpt":{"rendered":"<p data-start=\"382\" data-end=\"574\">\u0160is rinkinys sukurtas taip, kad b\u016bt\u0173 <strong data-start=\"419\" data-end=\"453\">saugus pasirinkimas kiekvienam<\/strong> \u2013 jame sud\u0117ti <strong data-start=\"468\" data-end=\"520\">patys populiariausi ir labiausiai pam\u0117gti kvapai<\/strong>. Nesvarbu, kur\u012f variant\u0105 pasirinksi \u2013 <strong data-start=\"559\" data-end=\"573\">nepra\u0161ausi<\/strong>.<\/p>\n<p data-start=\"576\" data-end=\"805\">\ud83d\udc49 I\u0161 viso gali rinktis net i\u0161 <strong data-start=\"607\" data-end=\"628\">6 skirting\u0173 kvap\u0173<\/strong>, o svarbiausia \u2013<br data-start=\"645\" data-end=\"648\" \/><strong data-start=\"648\" data-end=\"718\">visus produktus gali laisvai keisti ir susikomplektuoti pagal save<\/strong>.<br data-start=\"719\" data-end=\"722\" \/>\u012eeini \u012f rinkin\u012f, pasirenki norimas 3 pakuotes ir vienu pirkimu gauni geresn\u0119 kain\u0105.<\/p>\n<p data-start=\"807\" data-end=\"902\">\u2728 <strong data-start=\"809\" data-end=\"845\">Rinkin\u012f pirkti visada yra geriau<\/strong> \u2013 daugiau pasirinkimo, daugiau jaukumo ir ma\u017eesn\u0117 kaina.<\/p>","protected":false},"featured_media":4272,"comment_status":"open","ping_status":"closed","template":"","meta":[],"product_brand":[],"product_cat":[95,84,67,21],"product_tag":[],"class_list":{"0":"post-4267","1":"product","2":"type-product","3":"status-publish","4":"has-post-thumbnail","6":"product_cat-smelio-zvakiu-rinkiniai","7":"product_cat-zvakiu-smelis","8":"product_cat-papildymo-pakuote-zvakiu-smelis-ir-zvakes","9":"product_cat-zvakiu-smelis-ir-zvakes","11":"first","12":"instock","13":"sale","14":"shipping-taxable","15":"purchasable","16":"product-type-easy_product_bundle"},"yoast_head":"<!-- This site is optimized with the Yoast SEO plugin v27.4 - https:\/\/yoast.com\/product\/yoast-seo-wordpress\/ -->\n<title>Sm\u0117lio \u017evaki\u0173 rinkinys \u2013 3 pakuot\u0117s | Sutaupyk 8 \u20ac - Solove<\/title>\n<meta name=\"description\" content=\"Sm\u0117lio \u017evaki\u0173 rinkinys i\u0161 3 pakuo\u010di\u0173 \u2013 sutaupyk 8 \u20ac. Populiariausi kvapai, 6 pasirinkimai, galimyb\u0117 keisti produktus. Rinkin\u012f pirkti visada apsimoka.\" \/>\n<meta name=\"robots\" content=\"index, follow, max-snippet:-1, max-image-preview:large, max-video-preview:-1\" \/>\n<link rel=\"canonical\" href=\"https:\/\/solove.lt\/en\/product\/smelio-zvakiu-rinkinys-3-pakuotes\/\" \/>\n<meta property=\"og:locale\" content=\"en_US\" \/>\n<meta property=\"og:type\" content=\"article\" \/>\n<meta property=\"og:title\" content=\"Sm\u0117lio \u017evaki\u0173 rinkinys \u2013 3 pakuot\u0117s | Sutaupyk 8 \u20ac - Solove\" \/>\n<meta property=\"og:description\" content=\"Sm\u0117lio \u017evaki\u0173 rinkinys i\u0161 3 pakuo\u010di\u0173 \u2013 sutaupyk 8 \u20ac. Populiariausi kvapai, 6 pasirinkimai, galimyb\u0117 keisti produktus. Rinkin\u012f pirkti visada apsimoka.\" \/>\n<meta property=\"og:url\" content=\"https:\/\/solove.lt\/en\/product\/smelio-zvakiu-rinkinys-3-pakuotes\/\" \/>\n<meta property=\"og:site_name\" content=\"Solove\" \/>\n<meta property=\"article:modified_time\" content=\"2026-02-10T18:26:11+00:00\" \/>\n<meta property=\"og:image\" content=\"https:\/\/solove.lt\/wp-content\/uploads\/2026\/01\/PERKANT-RINKINI-\u2013-VISADA-PIGIAU-1.png\" \/>\n\t<meta property=\"og:image:width\" content=\"1080\" \/>\n\t<meta property=\"og:image:height\" content=\"1350\" \/>\n\t<meta property=\"og:image:type\" content=\"image\/png\" \/>\n<meta name=\"twitter:card\" content=\"summary_large_image\" \/>\n<meta name=\"twitter:label1\" content=\"Est. reading time\" \/>\n\t<meta name=\"twitter:data1\" content=\"2 minutes\" \/>\n<script type=\"application\/ld+json\" class=\"yoast-schema-graph\">{\"@context\":\"https:\\\/\\\/schema.org\",\"@graph\":[{\"@type\":\"WebPage\",\"@id\":\"https:\\\/\\\/solove.lt\\\/product\\\/smelio-zvakiu-rinkinys-3-pakuotes\\\/\",\"url\":\"https:\\\/\\\/solove.lt\\\/product\\\/smelio-zvakiu-rinkinys-3-pakuotes\\\/\",\"name\":\"Sm\u0117lio \u017evaki\u0173 rinkinys \u2013 3 pakuot\u0117s | Sutaupyk 8 \u20ac - Solove\",\"isPartOf\":{\"@id\":\"https:\\\/\\\/solove.lt\\\/#website\"},\"primaryImageOfPage\":{\"@id\":\"https:\\\/\\\/solove.lt\\\/product\\\/smelio-zvakiu-rinkinys-3-pakuotes\\\/#primaryimage\"},\"image\":{\"@id\":\"https:\\\/\\\/solove.lt\\\/product\\\/smelio-zvakiu-rinkinys-3-pakuotes\\\/#primaryimage\"},\"thumbnailUrl\":\"https:\\\/\\\/solove.lt\\\/wp-content\\\/uploads\\\/2026\\\/01\\\/PERKANT-RINKINI-\u2013-VISADA-PIGIAU-1.png\",\"datePublished\":\"2026-01-15T09:24:00+00:00\",\"dateModified\":\"2026-02-10T18:26:11+00:00\",\"description\":\"Sm\u0117lio \u017evaki\u0173 rinkinys i\u0161 3 pakuo\u010di\u0173 \u2013 sutaupyk 8 \u20ac. Populiariausi kvapai, 6 pasirinkimai, galimyb\u0117 keisti produktus. Rinkin\u012f pirkti visada apsimoka.\",\"breadcrumb\":{\"@id\":\"https:\\\/\\\/solove.lt\\\/product\\\/smelio-zvakiu-rinkinys-3-pakuotes\\\/#breadcrumb\"},\"inLanguage\":\"en-US\",\"potentialAction\":[{\"@type\":\"ReadAction\",\"target\":[\"https:\\\/\\\/solove.lt\\\/product\\\/smelio-zvakiu-rinkinys-3-pakuotes\\\/\"]}]},{\"@type\":\"ImageObject\",\"inLanguage\":\"en-US\",\"@id\":\"https:\\\/\\\/solove.lt\\\/product\\\/smelio-zvakiu-rinkinys-3-pakuotes\\\/#primaryimage\",\"url\":\"https:\\\/\\\/solove.lt\\\/wp-content\\\/uploads\\\/2026\\\/01\\\/PERKANT-RINKINI-\u2013-VISADA-PIGIAU-1.png\",\"contentUrl\":\"https:\\\/\\\/solove.lt\\\/wp-content\\\/uploads\\\/2026\\\/01\\\/PERKANT-RINKINI-\u2013-VISADA-PIGIAU-1.png\",\"width\":1080,\"height\":1350,\"caption\":\"Sm\u0117lio \u017evaki\u0173 rinkinys \u2013 3 pakuot\u0117s su populiariausiais kvapais\"},{\"@type\":\"BreadcrumbList\",\"@id\":\"https:\\\/\\\/solove.lt\\\/product\\\/smelio-zvakiu-rinkinys-3-pakuotes\\\/#breadcrumb\",\"itemListElement\":[{\"@type\":\"ListItem\",\"position\":1,\"name\":\"Home\",\"item\":\"https:\\\/\\\/solove.lt\\\/\"},{\"@type\":\"ListItem\",\"position\":2,\"name\":\"Parduotuv\u0117\",\"item\":\"https:\\\/\\\/solove.lt\\\/shop\\\/\"},{\"@type\":\"ListItem\",\"position\":3,\"name\":\"Sm\u0117lio \u017evaki\u0173 rinkinys \u2013 3 pakuot\u0117s | Sutaupyk 8 \u20ac\"}]},{\"@type\":\"WebSite\",\"@id\":\"https:\\\/\\\/solove.lt\\\/#website\",\"url\":\"https:\\\/\\\/solove.lt\\\/\",\"name\":\"Solove\",\"description\":\"Nat\u016bral\u016bs nam\u0173 kvapai ir \u017evaki\u0173 sm\u0117lis\",\"publisher\":{\"@id\":\"https:\\\/\\\/solove.lt\\\/#organization\"},\"potentialAction\":[{\"@type\":\"SearchAction\",\"target\":{\"@type\":\"EntryPoint\",\"urlTemplate\":\"https:\\\/\\\/solove.lt\\\/?s={search_term_string}\"},\"query-input\":{\"@type\":\"PropertyValueSpecification\",\"valueRequired\":true,\"valueName\":\"search_term_string\"}}],\"inLanguage\":\"en-US\"},{\"@type\":\"Organization\",\"@id\":\"https:\\\/\\\/solove.lt\\\/#organization\",\"name\":\"Solove\",\"url\":\"https:\\\/\\\/solove.lt\\\/\",\"logo\":{\"@type\":\"ImageObject\",\"inLanguage\":\"en-US\",\"@id\":\"https:\\\/\\\/solove.lt\\\/#\\\/schema\\\/logo\\\/image\\\/\",\"url\":\"https:\\\/\\\/solove.lt\\\/wp-content\\\/uploads\\\/2025\\\/11\\\/logo.svg\",\"contentUrl\":\"https:\\\/\\\/solove.lt\\\/wp-content\\\/uploads\\\/2025\\\/11\\\/logo.svg\",\"width\":320,\"height\":280,\"caption\":\"Solove\"},\"image\":{\"@id\":\"https:\\\/\\\/solove.lt\\\/#\\\/schema\\\/logo\\\/image\\\/\"},\"sameAs\":[\"https:\\\/\\\/www.instagram.com\\\/solove.lt\\\/\"]}]}<\/script>\n<!-- \/ Yoast SEO plugin. -->","yoast_head_json":{"title":"Sm\u0117lio \u017evaki\u0173 rinkinys \u2013 3 pakuot\u0117s | Sutaupyk 8 \u20ac - Solove","description":"Sm\u0117lio \u017evaki\u0173 rinkinys i\u0161 3 pakuo\u010di\u0173 \u2013 sutaupyk 8 \u20ac. Populiariausi kvapai, 6 pasirinkimai, galimyb\u0117 keisti produktus. Rinkin\u012f pirkti visada apsimoka.","robots":{"index":"index","follow":"follow","max-snippet":"max-snippet:-1","max-image-preview":"max-image-preview:large","max-video-preview":"max-video-preview:-1"},"canonical":"https:\/\/solove.lt\/en\/product\/smelio-zvakiu-rinkinys-3-pakuotes\/","og_locale":"en_US","og_type":"article","og_title":"Sm\u0117lio \u017evaki\u0173 rinkinys \u2013 3 pakuot\u0117s | Sutaupyk 8 \u20ac - Solove","og_description":"Sm\u0117lio \u017evaki\u0173 rinkinys i\u0161 3 pakuo\u010di\u0173 \u2013 sutaupyk 8 \u20ac. Populiariausi kvapai, 6 pasirinkimai, galimyb\u0117 keisti produktus. Rinkin\u012f pirkti visada apsimoka.","og_url":"https:\/\/solove.lt\/en\/product\/smelio-zvakiu-rinkinys-3-pakuotes\/","og_site_name":"Solove","article_modified_time":"2026-02-10T18:26:11+00:00","og_image":[{"width":1080,"height":1350,"url":"https:\/\/solove.lt\/wp-content\/uploads\/2026\/01\/PERKANT-RINKINI-\u2013-VISADA-PIGIAU-1.png","type":"image\/png"}],"twitter_card":"summary_large_image","twitter_misc":{"Est. reading time":"2 minutes"},"schema":{"@context":"https:\/\/schema.org","@graph":[{"@type":"WebPage","@id":"https:\/\/solove.lt\/product\/smelio-zvakiu-rinkinys-3-pakuotes\/","url":"https:\/\/solove.lt\/product\/smelio-zvakiu-rinkinys-3-pakuotes\/","name":"Sm\u0117lio \u017evaki\u0173 rinkinys \u2013 3 pakuot\u0117s | Sutaupyk 8 \u20ac - Solove","isPartOf":{"@id":"https:\/\/solove.lt\/#website"},"primaryImageOfPage":{"@id":"https:\/\/solove.lt\/product\/smelio-zvakiu-rinkinys-3-pakuotes\/#primaryimage"},"image":{"@id":"https:\/\/solove.lt\/product\/smelio-zvakiu-rinkinys-3-pakuotes\/#primaryimage"},"thumbnailUrl":"https:\/\/solove.lt\/wp-content\/uploads\/2026\/01\/PERKANT-RINKINI-\u2013-VISADA-PIGIAU-1.png","datePublished":"2026-01-15T09:24:00+00:00","dateModified":"2026-02-10T18:26:11+00:00","description":"Sm\u0117lio \u017evaki\u0173 rinkinys i\u0161 3 pakuo\u010di\u0173 \u2013 sutaupyk 8 \u20ac. Populiariausi kvapai, 6 pasirinkimai, galimyb\u0117 keisti produktus. Rinkin\u012f pirkti visada apsimoka.","breadcrumb":{"@id":"https:\/\/solove.lt\/product\/smelio-zvakiu-rinkinys-3-pakuotes\/#breadcrumb"},"inLanguage":"en-US","potentialAction":[{"@type":"ReadAction","target":["https:\/\/solove.lt\/product\/smelio-zvakiu-rinkinys-3-pakuotes\/"]}]},{"@type":"ImageObject","inLanguage":"en-US","@id":"https:\/\/solove.lt\/product\/smelio-zvakiu-rinkinys-3-pakuotes\/#primaryimage","url":"https:\/\/solove.lt\/wp-content\/uploads\/2026\/01\/PERKANT-RINKINI-\u2013-VISADA-PIGIAU-1.png","contentUrl":"https:\/\/solove.lt\/wp-content\/uploads\/2026\/01\/PERKANT-RINKINI-\u2013-VISADA-PIGIAU-1.png","width":1080,"height":1350,"caption":"Sm\u0117lio \u017evaki\u0173 rinkinys \u2013 3 pakuot\u0117s su populiariausiais kvapais"},{"@type":"BreadcrumbList","@id":"https:\/\/solove.lt\/product\/smelio-zvakiu-rinkinys-3-pakuotes\/#breadcrumb","itemListElement":[{"@type":"ListItem","position":1,"name":"Home","item":"https:\/\/solove.lt\/"},{"@type":"ListItem","position":2,"name":"Parduotuv\u0117","item":"https:\/\/solove.lt\/shop\/"},{"@type":"ListItem","position":3,"name":"Sm\u0117lio \u017evaki\u0173 rinkinys \u2013 3 pakuot\u0117s | Sutaupyk 8 \u20ac"}]},{"@type":"WebSite","@id":"https:\/\/solove.lt\/#website","url":"https:\/\/solove.lt\/","name":"Solove","description":"Nat\u016bral\u016bs nam\u0173 kvapai ir \u017evaki\u0173 sm\u0117lis","publisher":{"@id":"https:\/\/solove.lt\/#organization"},"potentialAction":[{"@type":"SearchAction","target":{"@type":"EntryPoint","urlTemplate":"https:\/\/solove.lt\/?s={search_term_string}"},"query-input":{"@type":"PropertyValueSpecification","valueRequired":true,"valueName":"search_term_string"}}],"inLanguage":"en-US"},{"@type":"Organization","@id":"https:\/\/solove.lt\/#organization","name":"Solove","url":"https:\/\/solove.lt\/","logo":{"@type":"ImageObject","inLanguage":"en-US","@id":"https:\/\/solove.lt\/#\/schema\/logo\/image\/","url":"https:\/\/solove.lt\/wp-content\/uploads\/2025\/11\/logo.svg","contentUrl":"https:\/\/solove.lt\/wp-content\/uploads\/2025\/11\/logo.svg","width":320,"height":280,"caption":"Solove"},"image":{"@id":"https:\/\/solove.lt\/#\/schema\/logo\/image\/"},"sameAs":["https:\/\/www.instagram.com\/solove.lt\/"]}]}},"_links":{"self":[{"href":"https:\/\/solove.lt\/en\/wp-json\/wp\/v2\/product\/4267","targetHints":{"allow":["GET"]}}],"collection":[{"href":"https:\/\/solove.lt\/en\/wp-json\/wp\/v2\/product"}],"about":[{"href":"https:\/\/solove.lt\/en\/wp-json\/wp\/v2\/types\/product"}],"replies":[{"embeddable":true,"href":"https:\/\/solove.lt\/en\/wp-json\/wp\/v2\/comments?post=4267"}],"wp:featuredmedia":[{"embeddable":true,"href":"https:\/\/solove.lt\/en\/wp-json\/wp\/v2\/media\/4272"}],"wp:attachment":[{"href":"https:\/\/solove.lt\/en\/wp-json\/wp\/v2\/media?parent=4267"}],"wp:term":[{"taxonomy":"product_brand","embeddable":true,"href":"https:\/\/solove.lt\/en\/wp-json\/wp\/v2\/product_brand?post=4267"},{"taxonomy":"product_cat","embeddable":true,"href":"https:\/\/solove.lt\/en\/wp-json\/wp\/v2\/product_cat?post=4267"},{"taxonomy":"product_tag","embeddable":true,"href":"https:\/\/solove.lt\/en\/wp-json\/wp\/v2\/product_tag?post=4267"}],"curies":[{"name":"wp","href":"https:\/\/api.w.org\/{rel}","templated":true}]}}