{"id":3707,"date":"2025-12-03T13:56:39","date_gmt":"2025-12-03T11:56:39","guid":{"rendered":"https:\/\/solove.lt\/product\/unscented-powder-candle-in-glass-emerald-160g\/"},"modified":"2026-02-10T20:24:52","modified_gmt":"2026-02-10T18:24:52","slug":"stikline-bekvape-zvake","status":"publish","type":"product","link":"https:\/\/solove.lt\/en\/product\/stikline-bekvape-zvake\/","title":{"rendered":"Smaragdas &#8211; bekvap\u0117 \u017evak\u0117 160g"},"content":{"rendered":"<p>Spindin\u010dios perlamutrin\u0117s \u201eCandledust\u201c \u017evak\u0117s \u2013 tai ne\u012fprastos \u017evak\u0117s! Jos idealiai tinka dovanai, nes prad\u017eiugins visus! \u012ene\u0161kite spindesio \u012f savo gyvenim\u0105!<\/p>\n<p>\u201eCandlelust\u201c \u017evak\u0117s sukurtos suteikti elegancijos. \u017dvak\u0117s dizainas kuklus, bet tuo pa\u010diu eleganti\u0161kas, tod\u0117l nat\u016braliai dera prie bet koki\u0173 nam\u0173 ir interjero. \u201eCandledust\u201c \u017evak\u0117s yra skaidriame stikliniame inde, o \u017evak\u0117 u\u017edengta ro\u017einio aukso spalvos metaliniu dangteliu!<\/p>\n<h3 data-start=\"63\" data-end=\"98\"><strong data-start=\"67\" data-end=\"98\">Kaip gaminamos m\u016bs\u0173 \u017evak\u0117s?<\/strong><\/h3>\n<p data-start=\"100\" data-end=\"577\">Visi <strong data-start=\"105\" data-end=\"123\">The Candledust<\/strong> produktai gaminami rankomis, naudojant auk\u0161tos kokyb\u0117s augalin\u012f va\u0161k\u0105 ir tik premium klas\u0117s (IFRA sertifikuotus) kvap\u0173 aliejus. <strong data-start=\"252\" data-end=\"270\">The Candledust<\/strong> \u017evaki\u0173 dagtis yra medvilnin\u0117, tod\u0117l degimas yra \u0161varus, be toksin\u0173 ir be alergen\u0173.<br data-start=\"353\" data-end=\"356\" \/>\u017dvak\u0117 ner\u016bksta, jei dagtis n\u0117ra per ilgas ir tinkamai juo r\u016bpinamasi \u2013 ji dega <strong data-start=\"433\" data-end=\"453\">iki 60 % \u0161variau<\/strong> nei \u012fprastos parafino \u017evak\u0117s. Taip, jos tikrai tokios geros!<br data-start=\"514\" data-end=\"517\" \/>Produktai yra <strong data-start=\"531\" data-end=\"544\">vegani\u0161ki<\/strong> ir <strong data-start=\"548\" data-end=\"576\">netestuojami su gyv\u016bnais<\/strong>.<\/p>\n<hr data-start=\"579\" data-end=\"582\" \/>\n<h3 data-start=\"584\" data-end=\"609\"><strong data-start=\"588\" data-end=\"609\">Rinkinio sud\u0117tis:<\/strong><\/h3>\n<ul data-start=\"611\" data-end=\"814\">\n<li data-start=\"611\" data-end=\"679\">\n<p data-start=\"613\" data-end=\"679\"><strong data-start=\"613\" data-end=\"677\">1 x 160 g paruo\u0161ta naudoti \u017evak\u0117 stikliniame inde su perlais<\/strong><\/p>\n<\/li>\n<li data-start=\"680\" data-end=\"709\">\n<p data-start=\"682\" data-end=\"709\"><strong data-start=\"682\" data-end=\"707\">Metalinis dangtelis<\/strong><\/p>\n<\/li>\n<li data-start=\"710\" data-end=\"755\">\n<p data-start=\"712\" data-end=\"755\"><strong data-start=\"712\" data-end=\"753\">Kristalizuoto augalinio va\u0161ko mi\u0161inys<\/strong><\/p>\n<\/li>\n<li data-start=\"756\" data-end=\"787\">\n<p data-start=\"758\" data-end=\"787\"><strong data-start=\"758\" data-end=\"785\">Degimo laikas \u2013 30 val.<\/strong><\/p>\n<\/li>\n<li data-start=\"788\" data-end=\"814\">\n<p data-start=\"790\" data-end=\"814\"><strong data-start=\"790\" data-end=\"814\">Rank\u0173 darbo\u00a0<\/strong><\/p>\n<\/li>\n<\/ul>","protected":false},"excerpt":{"rendered":"<p>Sodrios ir ry\u0161kios, bekvap\u0117s smaragdo \u017ealios spalvos \u017evak\u0117 i\u0161 \u201eThe Candledust 160\u201c kolekcijos bet kuriam kambariui suteikia prabangos ir gamtos \u012fkv\u0117ptos elegancijos. Brangakmeni\u0173 atspalvi\u0173 \u017ealia spalva, supilta \u012f permatom\u0105 stiklin\u012f ind\u0105, spindi nuostabiai, tod\u0117l tampa ak\u012f traukian\u010diu centriniu elementu ar akcentu tiek moderniame, tiek tradiciniame interjere.<\/p>","protected":false},"featured_media":3712,"comment_status":"open","ping_status":"closed","template":"","meta":[],"product_brand":[],"product_cat":[68,21],"product_tag":[],"class_list":{"0":"post-3707","1":"product","2":"type-product","3":"status-publish","4":"has-post-thumbnail","6":"product_cat-stikline-bekvape-zvake","7":"product_cat-zvakiu-smelis-ir-zvakes","9":"first","10":"instock","11":"shipping-taxable","12":"purchasable","13":"product-type-simple"},"yoast_head":"<!-- This site is optimized with the Yoast SEO plugin v27.4 - https:\/\/yoast.com\/product\/yoast-seo-wordpress\/ -->\n<title>Smaragdas - bekvap\u0117 \u017evak\u0117 160g - Solove<\/title>\n<meta name=\"description\" content=\"Stiklin\u0117 bekvap\u0117 \u017evak\u0117 \u2013 \u0161vari liepsna, 30 valand\u0173 degimo laikas. Tinka \u017emon\u0117ms, kurie jautr\u016bs kvapams ir kuria rami\u0105 atmosfer\u0105 namuose.\" \/>\n<meta name=\"robots\" content=\"index, follow, max-snippet:-1, max-image-preview:large, max-video-preview:-1\" \/>\n<link rel=\"canonical\" href=\"https:\/\/solove.lt\/en\/product\/stikline-bekvape-zvake\/\" \/>\n<meta property=\"og:locale\" content=\"en_US\" \/>\n<meta property=\"og:type\" content=\"article\" \/>\n<meta property=\"og:title\" content=\"Smaragdas - bekvap\u0117 \u017evak\u0117 160g - Solove\" \/>\n<meta property=\"og:description\" content=\"Stiklin\u0117 bekvap\u0117 \u017evak\u0117 \u2013 \u0161vari liepsna, 30 valand\u0173 degimo laikas. Tinka \u017emon\u0117ms, kurie jautr\u016bs kvapams ir kuria rami\u0105 atmosfer\u0105 namuose.\" \/>\n<meta property=\"og:url\" content=\"https:\/\/solove.lt\/en\/product\/stikline-bekvape-zvake\/\" \/>\n<meta property=\"og:site_name\" content=\"Solove\" \/>\n<meta property=\"article:modified_time\" content=\"2026-02-10T18:24:52+00:00\" \/>\n<meta property=\"og:image\" content=\"https:\/\/solove.lt\/wp-content\/uploads\/2025\/12\/3-1.jpg\" \/>\n\t<meta property=\"og:image:width\" content=\"800\" \/>\n\t<meta property=\"og:image:height\" content=\"940\" \/>\n\t<meta property=\"og:image:type\" content=\"image\/jpeg\" \/>\n<meta name=\"twitter:card\" content=\"summary_large_image\" \/>\n<meta name=\"twitter:label1\" content=\"Est. reading time\" \/>\n\t<meta name=\"twitter:data1\" content=\"1 minute\" \/>\n<script type=\"application\/ld+json\" class=\"yoast-schema-graph\">{\"@context\":\"https:\\\/\\\/schema.org\",\"@graph\":[{\"@type\":\"WebPage\",\"@id\":\"https:\\\/\\\/solove.lt\\\/product\\\/stikline-bekvape-zvake\\\/\",\"url\":\"https:\\\/\\\/solove.lt\\\/product\\\/stikline-bekvape-zvake\\\/\",\"name\":\"Smaragdas - bekvap\u0117 \u017evak\u0117 160g - Solove\",\"isPartOf\":{\"@id\":\"https:\\\/\\\/solove.lt\\\/#website\"},\"primaryImageOfPage\":{\"@id\":\"https:\\\/\\\/solove.lt\\\/product\\\/stikline-bekvape-zvake\\\/#primaryimage\"},\"image\":{\"@id\":\"https:\\\/\\\/solove.lt\\\/product\\\/stikline-bekvape-zvake\\\/#primaryimage\"},\"thumbnailUrl\":\"https:\\\/\\\/solove.lt\\\/wp-content\\\/uploads\\\/2025\\\/12\\\/3-1.jpg\",\"datePublished\":\"2025-12-03T11:56:39+00:00\",\"dateModified\":\"2026-02-10T18:24:52+00:00\",\"description\":\"Stiklin\u0117 bekvap\u0117 \u017evak\u0117 \u2013 \u0161vari liepsna, 30 valand\u0173 degimo laikas. Tinka \u017emon\u0117ms, kurie jautr\u016bs kvapams ir kuria rami\u0105 atmosfer\u0105 namuose.\",\"breadcrumb\":{\"@id\":\"https:\\\/\\\/solove.lt\\\/product\\\/stikline-bekvape-zvake\\\/#breadcrumb\"},\"inLanguage\":\"en-US\",\"potentialAction\":[{\"@type\":\"ReadAction\",\"target\":[\"https:\\\/\\\/solove.lt\\\/product\\\/stikline-bekvape-zvake\\\/\"]}]},{\"@type\":\"ImageObject\",\"inLanguage\":\"en-US\",\"@id\":\"https:\\\/\\\/solove.lt\\\/product\\\/stikline-bekvape-zvake\\\/#primaryimage\",\"url\":\"https:\\\/\\\/solove.lt\\\/wp-content\\\/uploads\\\/2025\\\/12\\\/3-1.jpg\",\"contentUrl\":\"https:\\\/\\\/solove.lt\\\/wp-content\\\/uploads\\\/2025\\\/12\\\/3-1.jpg\",\"width\":800,\"height\":940,\"caption\":\"stiklin\u0117 bekvap\u0117 \u017evak\u0117\"},{\"@type\":\"BreadcrumbList\",\"@id\":\"https:\\\/\\\/solove.lt\\\/product\\\/stikline-bekvape-zvake\\\/#breadcrumb\",\"itemListElement\":[{\"@type\":\"ListItem\",\"position\":1,\"name\":\"Home\",\"item\":\"https:\\\/\\\/solove.lt\\\/\"},{\"@type\":\"ListItem\",\"position\":2,\"name\":\"Parduotuv\u0117\",\"item\":\"https:\\\/\\\/solove.lt\\\/shop\\\/\"},{\"@type\":\"ListItem\",\"position\":3,\"name\":\"Smaragdas &#8211; bekvap\u0117 \u017evak\u0117 160g\"}]},{\"@type\":\"WebSite\",\"@id\":\"https:\\\/\\\/solove.lt\\\/#website\",\"url\":\"https:\\\/\\\/solove.lt\\\/\",\"name\":\"Solove\",\"description\":\"Nat\u016bral\u016bs nam\u0173 kvapai ir \u017evaki\u0173 sm\u0117lis\",\"publisher\":{\"@id\":\"https:\\\/\\\/solove.lt\\\/#organization\"},\"potentialAction\":[{\"@type\":\"SearchAction\",\"target\":{\"@type\":\"EntryPoint\",\"urlTemplate\":\"https:\\\/\\\/solove.lt\\\/?s={search_term_string}\"},\"query-input\":{\"@type\":\"PropertyValueSpecification\",\"valueRequired\":true,\"valueName\":\"search_term_string\"}}],\"inLanguage\":\"en-US\"},{\"@type\":\"Organization\",\"@id\":\"https:\\\/\\\/solove.lt\\\/#organization\",\"name\":\"Solove\",\"url\":\"https:\\\/\\\/solove.lt\\\/\",\"logo\":{\"@type\":\"ImageObject\",\"inLanguage\":\"en-US\",\"@id\":\"https:\\\/\\\/solove.lt\\\/#\\\/schema\\\/logo\\\/image\\\/\",\"url\":\"https:\\\/\\\/solove.lt\\\/wp-content\\\/uploads\\\/2025\\\/11\\\/logo.svg\",\"contentUrl\":\"https:\\\/\\\/solove.lt\\\/wp-content\\\/uploads\\\/2025\\\/11\\\/logo.svg\",\"width\":320,\"height\":280,\"caption\":\"Solove\"},\"image\":{\"@id\":\"https:\\\/\\\/solove.lt\\\/#\\\/schema\\\/logo\\\/image\\\/\"},\"sameAs\":[\"https:\\\/\\\/www.instagram.com\\\/solove.lt\\\/\"]}]}<\/script>\n<!-- \/ Yoast SEO plugin. -->","yoast_head_json":{"title":"Smaragdas - bekvap\u0117 \u017evak\u0117 160g - Solove","description":"Stiklin\u0117 bekvap\u0117 \u017evak\u0117 \u2013 \u0161vari liepsna, 30 valand\u0173 degimo laikas. Tinka \u017emon\u0117ms, kurie jautr\u016bs kvapams ir kuria rami\u0105 atmosfer\u0105 namuose.","robots":{"index":"index","follow":"follow","max-snippet":"max-snippet:-1","max-image-preview":"max-image-preview:large","max-video-preview":"max-video-preview:-1"},"canonical":"https:\/\/solove.lt\/en\/product\/stikline-bekvape-zvake\/","og_locale":"en_US","og_type":"article","og_title":"Smaragdas - bekvap\u0117 \u017evak\u0117 160g - Solove","og_description":"Stiklin\u0117 bekvap\u0117 \u017evak\u0117 \u2013 \u0161vari liepsna, 30 valand\u0173 degimo laikas. Tinka \u017emon\u0117ms, kurie jautr\u016bs kvapams ir kuria rami\u0105 atmosfer\u0105 namuose.","og_url":"https:\/\/solove.lt\/en\/product\/stikline-bekvape-zvake\/","og_site_name":"Solove","article_modified_time":"2026-02-10T18:24:52+00:00","og_image":[{"width":800,"height":940,"url":"https:\/\/solove.lt\/wp-content\/uploads\/2025\/12\/3-1.jpg","type":"image\/jpeg"}],"twitter_card":"summary_large_image","twitter_misc":{"Est. reading time":"1 minute"},"schema":{"@context":"https:\/\/schema.org","@graph":[{"@type":"WebPage","@id":"https:\/\/solove.lt\/product\/stikline-bekvape-zvake\/","url":"https:\/\/solove.lt\/product\/stikline-bekvape-zvake\/","name":"Smaragdas - bekvap\u0117 \u017evak\u0117 160g - Solove","isPartOf":{"@id":"https:\/\/solove.lt\/#website"},"primaryImageOfPage":{"@id":"https:\/\/solove.lt\/product\/stikline-bekvape-zvake\/#primaryimage"},"image":{"@id":"https:\/\/solove.lt\/product\/stikline-bekvape-zvake\/#primaryimage"},"thumbnailUrl":"https:\/\/solove.lt\/wp-content\/uploads\/2025\/12\/3-1.jpg","datePublished":"2025-12-03T11:56:39+00:00","dateModified":"2026-02-10T18:24:52+00:00","description":"Stiklin\u0117 bekvap\u0117 \u017evak\u0117 \u2013 \u0161vari liepsna, 30 valand\u0173 degimo laikas. Tinka \u017emon\u0117ms, kurie jautr\u016bs kvapams ir kuria rami\u0105 atmosfer\u0105 namuose.","breadcrumb":{"@id":"https:\/\/solove.lt\/product\/stikline-bekvape-zvake\/#breadcrumb"},"inLanguage":"en-US","potentialAction":[{"@type":"ReadAction","target":["https:\/\/solove.lt\/product\/stikline-bekvape-zvake\/"]}]},{"@type":"ImageObject","inLanguage":"en-US","@id":"https:\/\/solove.lt\/product\/stikline-bekvape-zvake\/#primaryimage","url":"https:\/\/solove.lt\/wp-content\/uploads\/2025\/12\/3-1.jpg","contentUrl":"https:\/\/solove.lt\/wp-content\/uploads\/2025\/12\/3-1.jpg","width":800,"height":940,"caption":"stiklin\u0117 bekvap\u0117 \u017evak\u0117"},{"@type":"BreadcrumbList","@id":"https:\/\/solove.lt\/product\/stikline-bekvape-zvake\/#breadcrumb","itemListElement":[{"@type":"ListItem","position":1,"name":"Home","item":"https:\/\/solove.lt\/"},{"@type":"ListItem","position":2,"name":"Parduotuv\u0117","item":"https:\/\/solove.lt\/shop\/"},{"@type":"ListItem","position":3,"name":"Smaragdas &#8211; bekvap\u0117 \u017evak\u0117 160g"}]},{"@type":"WebSite","@id":"https:\/\/solove.lt\/#website","url":"https:\/\/solove.lt\/","name":"Solove","description":"Nat\u016bral\u016bs nam\u0173 kvapai ir \u017evaki\u0173 sm\u0117lis","publisher":{"@id":"https:\/\/solove.lt\/#organization"},"potentialAction":[{"@type":"SearchAction","target":{"@type":"EntryPoint","urlTemplate":"https:\/\/solove.lt\/?s={search_term_string}"},"query-input":{"@type":"PropertyValueSpecification","valueRequired":true,"valueName":"search_term_string"}}],"inLanguage":"en-US"},{"@type":"Organization","@id":"https:\/\/solove.lt\/#organization","name":"Solove","url":"https:\/\/solove.lt\/","logo":{"@type":"ImageObject","inLanguage":"en-US","@id":"https:\/\/solove.lt\/#\/schema\/logo\/image\/","url":"https:\/\/solove.lt\/wp-content\/uploads\/2025\/11\/logo.svg","contentUrl":"https:\/\/solove.lt\/wp-content\/uploads\/2025\/11\/logo.svg","width":320,"height":280,"caption":"Solove"},"image":{"@id":"https:\/\/solove.lt\/#\/schema\/logo\/image\/"},"sameAs":["https:\/\/www.instagram.com\/solove.lt\/"]}]}},"_links":{"self":[{"href":"https:\/\/solove.lt\/en\/wp-json\/wp\/v2\/product\/3707","targetHints":{"allow":["GET"]}}],"collection":[{"href":"https:\/\/solove.lt\/en\/wp-json\/wp\/v2\/product"}],"about":[{"href":"https:\/\/solove.lt\/en\/wp-json\/wp\/v2\/types\/product"}],"replies":[{"embeddable":true,"href":"https:\/\/solove.lt\/en\/wp-json\/wp\/v2\/comments?post=3707"}],"wp:featuredmedia":[{"embeddable":true,"href":"https:\/\/solove.lt\/en\/wp-json\/wp\/v2\/media\/3712"}],"wp:attachment":[{"href":"https:\/\/solove.lt\/en\/wp-json\/wp\/v2\/media?parent=3707"}],"wp:term":[{"taxonomy":"product_brand","embeddable":true,"href":"https:\/\/solove.lt\/en\/wp-json\/wp\/v2\/product_brand?post=3707"},{"taxonomy":"product_cat","embeddable":true,"href":"https:\/\/solove.lt\/en\/wp-json\/wp\/v2\/product_cat?post=3707"},{"taxonomy":"product_tag","embeddable":true,"href":"https:\/\/solove.lt\/en\/wp-json\/wp\/v2\/product_tag?post=3707"}],"curies":[{"name":"wp","href":"https:\/\/api.w.org\/{rel}","templated":true}]}}