{"id":3689,"date":"2025-12-03T13:55:14","date_gmt":"2025-12-03T11:55:14","guid":{"rendered":"https:\/\/solove.lt\/product\/luxurious-room-diffuser-refill-250ml-rosso\/"},"modified":"2026-02-10T20:24:53","modified_gmt":"2026-02-10T18:24:53","slug":"namu-kvapu-papildymas-250-ml","status":"publish","type":"product","link":"https:\/\/solove.lt\/en\/product\/namu-kvapu-papildymas-250-ml\/","title":{"rendered":"Rosso &#8211; nam\u0173 kvapo paildymas 250ml"},"content":{"rendered":"<p>250 ml talpos buteliuke yra naujas lazdeli\u0173 rinkinys, atitinkantis j\u016bs\u0173 rafinuoto <strong><a href=\"https:\/\/solove.lt\/en\/product-category\/namu-kvapai\/namu-kvapai-namu-kvapai\/\">stiklinio difuzoriaus<\/a><\/strong> dyd\u012f.<\/p>\n<p>\u201eRosso\u201c \u2013 tai didingas sald\u017ei\u0173 ir vaisini\u0173 vynuogi\u0173 bei uog\u0173 kvap\u0173 mi\u0161inys, derinamas su \u0161velniu \u017eibuokli\u0173 ir magnolij\u0173 aromatu bei ber\u017eo medien\u0105 primenan\u010diais taninais.<\/p>\n<p>Difuzoriaus veikimo laikas \u2014 <strong data-start=\"908\" data-end=\"926\">iki 10 m\u0117nesi\u0173<\/strong>.<br \/>\n_____________________________________________________________________<\/p>\n<p data-start=\"68\" data-end=\"397\">Difuzori\u0173 rekomenduojama statyti <strong data-start=\"101\" data-end=\"124\">\u017emogaus aki\u0173 lygyje<\/strong>. Vidutinio dyd\u017eio patalpose difuzori\u0173 geriausia pastatyti <strong data-start=\"183\" data-end=\"202\">kambario centre<\/strong>, kad praeinant \u017emon\u0117ms oras jud\u0117t\u0173 ir kvapas nat\u016braliai sklist\u0173. Didesn\u0117se erdv\u0117se patartina naudoti <strong data-start=\"304\" data-end=\"321\">du difuzorius<\/strong>, pastatytus prie\u0161ingose kambario pus\u0117se, kad kvapas pasiskirstyt\u0173 tolygiai.<\/p>\n<p data-start=\"399\" data-end=\"1036\">Prie\u0161 naudojim\u0105 <strong data-start=\"415\" data-end=\"434\">gerai suplakite<\/strong>, kad visi aliejai ir kvapiosios med\u017eiagos gerai susimai\u0161yt\u0173. Nuimkite apsaugin\u012f dangtel\u012f ir \u012fstatykite lazdeles \u012f buteliuk\u0105.<br data-start=\"559\" data-end=\"562\" \/>Jei per 24 valandas lazdel\u0117s nebus visi\u0161kai prisig\u0117rusios, apverskite jas kita puse. Difuzori\u0173 statykite vietoje, kur yra gera oro cirkuliacija \u2014 tai sustiprins kvapo sklaid\u0105 po patalp\u0105.<br data-start=\"748\" data-end=\"751\" \/>Nor\u0117dami intensyvesnio kvapo, apverskite lazdeles kas por\u0105 savai\u010di\u0173. Kuo daugiau lazdeli\u0173 naudosite, tuo stipresnis bus kvapas. Difuzoriaus veikimo laikas \u2014 <strong data-start=\"908\" data-end=\"926\">iki 10 m\u0117nesi\u0173<\/strong>.<\/p>\n<hr data-start=\"1038\" data-end=\"1041\" \/>\n<h3 data-start=\"1043\" data-end=\"1073\"><strong data-start=\"1047\" data-end=\"1071\">Atsargumo priemon\u0117s:<\/strong><\/h3>\n<p data-start=\"1074\" data-end=\"1249\">Skystis gali pa\u017eeisti tekstil\u0119, medinius ar plastikinius pavir\u0161ius. Buteliuk\u0105 statykite ant stabilaus pagrindo. Laikykite vaikams ir naminiams gyv\u016bnams nepasiekiamoje vietoje.<\/p>\n<p data-start=\"1251\" data-end=\"1551\">\u26a0 <strong data-start=\"1253\" data-end=\"1356\">Gali sukelti alergin\u0119 odos reakcij\u0105. Pavojinga vandens organizmams, gali sukelti ilgalaik\u012f poveik\u012f.<\/strong><br data-start=\"1356\" data-end=\"1359\" \/>Jeigu reikalinga medicinin\u0117 pagalba, tur\u0117kite produkto pakuot\u0119 ar etiket\u0119. Laikykite vaikams ir gyv\u016bnams nepasiekiamoje vietoje.<br data-start=\"1487\" data-end=\"1490\" \/>Venkite tiesiogiai \u012fkv\u0117pti gar\u0173. Venkite i\u0161pilti \u012f aplink\u0105.<\/p>\n<p data-start=\"1553\" data-end=\"1682\"><strong data-start=\"1553\" data-end=\"1577\">JEI PATEKO ANT ODOS:<\/strong> nuplaukite dideliu kiekiu vandens ir muilo. Jei atsiranda sudirgimas ar b\u0117rimas \u2014 kreipkit\u0117s \u012f gydytoj\u0105.<\/p>\n<p>&nbsp;<\/p>","protected":false},"excerpt":{"rendered":"<p>\u201eRosso\u201c kambario difuzorius yra daugiau nei tik kvapas \u2013 jis puikiai tinka romanti\u0161koms akimirkoms namuose sukurti. Nesvarbu, ar tai nepamir\u0161tama vakarien\u0117 dviese, ar ypatinga atmosfera, kuri\u0105 norite sukurti savo erdv\u0117je, \u201eRosso\u201c yra idealus pasirinkimas.<\/p>\n<p>Vir\u0161utin\u0117s natos: juodosios vynuog\u0117s, vaisi\u0173 gaivumas<br \/>\n\u0160irdies natos: vynuogi\u0173 sultys<br \/>\nBazin\u0117s natos: vanil\u0117, tonka pupel\u0117s, baltasis muskusas, d\u017eiovinti vaisiai<\/p>","protected":false},"featured_media":3229,"comment_status":"open","ping_status":"closed","template":"","meta":[],"product_brand":[],"product_cat":[62,37],"product_tag":[],"class_list":{"0":"post-3689","1":"product","2":"type-product","3":"status-publish","4":"has-post-thumbnail","6":"product_cat-namu-kvapu-papildymas","7":"product_cat-namu-kvapai-ir-difuzoriai","9":"first","10":"instock","11":"shipping-taxable","12":"purchasable","13":"product-type-simple"},"yoast_head":"<!-- This site is optimized with the Yoast SEO plugin v27.4 - https:\/\/yoast.com\/product\/yoast-seo-wordpress\/ -->\n<title>Rosso - nam\u0173 kvapo paildymas 250ml - Solove<\/title>\n<meta name=\"description\" content=\"250 ml nam\u0173 kvap\u0173 papildymas \u2013 patogus b\u016bdas atnaujinti kvap\u0105 be naujo butelio. Ilgai i\u0161liekantis aromatas ir tvarus pasirinkimas.\" \/>\n<meta name=\"robots\" content=\"index, follow, max-snippet:-1, max-image-preview:large, max-video-preview:-1\" \/>\n<link rel=\"canonical\" href=\"https:\/\/solove.lt\/en\/product\/namu-kvapu-papildymas-250-ml\/\" \/>\n<meta property=\"og:locale\" content=\"en_US\" \/>\n<meta property=\"og:type\" content=\"article\" \/>\n<meta property=\"og:title\" content=\"Rosso - nam\u0173 kvapo paildymas 250ml - Solove\" \/>\n<meta property=\"og:description\" content=\"250 ml nam\u0173 kvap\u0173 papildymas \u2013 patogus b\u016bdas atnaujinti kvap\u0105 be naujo butelio. Ilgai i\u0161liekantis aromatas ir tvarus pasirinkimas.\" \/>\n<meta property=\"og:url\" content=\"https:\/\/solove.lt\/en\/product\/namu-kvapu-papildymas-250-ml\/\" \/>\n<meta property=\"og:site_name\" content=\"Solove\" \/>\n<meta property=\"article:modified_time\" content=\"2026-02-10T18:24:53+00:00\" \/>\n<meta property=\"og:image\" content=\"https:\/\/solove.lt\/wp-content\/uploads\/2025\/12\/Rosso-2.jpg\" \/>\n\t<meta property=\"og:image:width\" content=\"1181\" \/>\n\t<meta property=\"og:image:height\" content=\"1417\" \/>\n\t<meta property=\"og:image:type\" content=\"image\/jpeg\" \/>\n<meta name=\"twitter:card\" content=\"summary_large_image\" \/>\n<meta name=\"twitter:label1\" content=\"Est. reading time\" \/>\n\t<meta name=\"twitter:data1\" content=\"2 minutes\" \/>\n<script type=\"application\/ld+json\" class=\"yoast-schema-graph\">{\"@context\":\"https:\\\/\\\/schema.org\",\"@graph\":[{\"@type\":\"WebPage\",\"@id\":\"https:\\\/\\\/solove.lt\\\/product\\\/namu-kvapu-papildymas-250-ml\\\/\",\"url\":\"https:\\\/\\\/solove.lt\\\/product\\\/namu-kvapu-papildymas-250-ml\\\/\",\"name\":\"Rosso - nam\u0173 kvapo paildymas 250ml - Solove\",\"isPartOf\":{\"@id\":\"https:\\\/\\\/solove.lt\\\/#website\"},\"primaryImageOfPage\":{\"@id\":\"https:\\\/\\\/solove.lt\\\/product\\\/namu-kvapu-papildymas-250-ml\\\/#primaryimage\"},\"image\":{\"@id\":\"https:\\\/\\\/solove.lt\\\/product\\\/namu-kvapu-papildymas-250-ml\\\/#primaryimage\"},\"thumbnailUrl\":\"https:\\\/\\\/solove.lt\\\/wp-content\\\/uploads\\\/2025\\\/12\\\/Rosso-2.jpg\",\"datePublished\":\"2025-12-03T11:55:14+00:00\",\"dateModified\":\"2026-02-10T18:24:53+00:00\",\"description\":\"250 ml nam\u0173 kvap\u0173 papildymas \u2013 patogus b\u016bdas atnaujinti kvap\u0105 be naujo butelio. Ilgai i\u0161liekantis aromatas ir tvarus pasirinkimas.\",\"breadcrumb\":{\"@id\":\"https:\\\/\\\/solove.lt\\\/product\\\/namu-kvapu-papildymas-250-ml\\\/#breadcrumb\"},\"inLanguage\":\"en-US\",\"potentialAction\":[{\"@type\":\"ReadAction\",\"target\":[\"https:\\\/\\\/solove.lt\\\/product\\\/namu-kvapu-papildymas-250-ml\\\/\"]}]},{\"@type\":\"ImageObject\",\"inLanguage\":\"en-US\",\"@id\":\"https:\\\/\\\/solove.lt\\\/product\\\/namu-kvapu-papildymas-250-ml\\\/#primaryimage\",\"url\":\"https:\\\/\\\/solove.lt\\\/wp-content\\\/uploads\\\/2025\\\/12\\\/Rosso-2.jpg\",\"contentUrl\":\"https:\\\/\\\/solove.lt\\\/wp-content\\\/uploads\\\/2025\\\/12\\\/Rosso-2.jpg\",\"width\":1181,\"height\":1417,\"caption\":\"nam\u0173 kvap\u0173 papildymas 250 ml\"},{\"@type\":\"BreadcrumbList\",\"@id\":\"https:\\\/\\\/solove.lt\\\/product\\\/namu-kvapu-papildymas-250-ml\\\/#breadcrumb\",\"itemListElement\":[{\"@type\":\"ListItem\",\"position\":1,\"name\":\"Home\",\"item\":\"https:\\\/\\\/solove.lt\\\/\"},{\"@type\":\"ListItem\",\"position\":2,\"name\":\"Parduotuv\u0117\",\"item\":\"https:\\\/\\\/solove.lt\\\/shop\\\/\"},{\"@type\":\"ListItem\",\"position\":3,\"name\":\"Rosso &#8211; nam\u0173 kvapo paildymas 250ml\"}]},{\"@type\":\"WebSite\",\"@id\":\"https:\\\/\\\/solove.lt\\\/#website\",\"url\":\"https:\\\/\\\/solove.lt\\\/\",\"name\":\"Solove\",\"description\":\"Nat\u016bral\u016bs nam\u0173 kvapai ir \u017evaki\u0173 sm\u0117lis\",\"publisher\":{\"@id\":\"https:\\\/\\\/solove.lt\\\/#organization\"},\"potentialAction\":[{\"@type\":\"SearchAction\",\"target\":{\"@type\":\"EntryPoint\",\"urlTemplate\":\"https:\\\/\\\/solove.lt\\\/?s={search_term_string}\"},\"query-input\":{\"@type\":\"PropertyValueSpecification\",\"valueRequired\":true,\"valueName\":\"search_term_string\"}}],\"inLanguage\":\"en-US\"},{\"@type\":\"Organization\",\"@id\":\"https:\\\/\\\/solove.lt\\\/#organization\",\"name\":\"Solove\",\"url\":\"https:\\\/\\\/solove.lt\\\/\",\"logo\":{\"@type\":\"ImageObject\",\"inLanguage\":\"en-US\",\"@id\":\"https:\\\/\\\/solove.lt\\\/#\\\/schema\\\/logo\\\/image\\\/\",\"url\":\"https:\\\/\\\/solove.lt\\\/wp-content\\\/uploads\\\/2025\\\/11\\\/logo.svg\",\"contentUrl\":\"https:\\\/\\\/solove.lt\\\/wp-content\\\/uploads\\\/2025\\\/11\\\/logo.svg\",\"width\":320,\"height\":280,\"caption\":\"Solove\"},\"image\":{\"@id\":\"https:\\\/\\\/solove.lt\\\/#\\\/schema\\\/logo\\\/image\\\/\"},\"sameAs\":[\"https:\\\/\\\/www.instagram.com\\\/solove.lt\\\/\"]}]}<\/script>\n<!-- \/ Yoast SEO plugin. -->","yoast_head_json":{"title":"Rosso - nam\u0173 kvapo paildymas 250ml - Solove","description":"250 ml nam\u0173 kvap\u0173 papildymas \u2013 patogus b\u016bdas atnaujinti kvap\u0105 be naujo butelio. Ilgai i\u0161liekantis aromatas ir tvarus pasirinkimas.","robots":{"index":"index","follow":"follow","max-snippet":"max-snippet:-1","max-image-preview":"max-image-preview:large","max-video-preview":"max-video-preview:-1"},"canonical":"https:\/\/solove.lt\/en\/product\/namu-kvapu-papildymas-250-ml\/","og_locale":"en_US","og_type":"article","og_title":"Rosso - nam\u0173 kvapo paildymas 250ml - Solove","og_description":"250 ml nam\u0173 kvap\u0173 papildymas \u2013 patogus b\u016bdas atnaujinti kvap\u0105 be naujo butelio. Ilgai i\u0161liekantis aromatas ir tvarus pasirinkimas.","og_url":"https:\/\/solove.lt\/en\/product\/namu-kvapu-papildymas-250-ml\/","og_site_name":"Solove","article_modified_time":"2026-02-10T18:24:53+00:00","og_image":[{"width":1181,"height":1417,"url":"https:\/\/solove.lt\/wp-content\/uploads\/2025\/12\/Rosso-2.jpg","type":"image\/jpeg"}],"twitter_card":"summary_large_image","twitter_misc":{"Est. reading time":"2 minutes"},"schema":{"@context":"https:\/\/schema.org","@graph":[{"@type":"WebPage","@id":"https:\/\/solove.lt\/product\/namu-kvapu-papildymas-250-ml\/","url":"https:\/\/solove.lt\/product\/namu-kvapu-papildymas-250-ml\/","name":"Rosso - nam\u0173 kvapo paildymas 250ml - Solove","isPartOf":{"@id":"https:\/\/solove.lt\/#website"},"primaryImageOfPage":{"@id":"https:\/\/solove.lt\/product\/namu-kvapu-papildymas-250-ml\/#primaryimage"},"image":{"@id":"https:\/\/solove.lt\/product\/namu-kvapu-papildymas-250-ml\/#primaryimage"},"thumbnailUrl":"https:\/\/solove.lt\/wp-content\/uploads\/2025\/12\/Rosso-2.jpg","datePublished":"2025-12-03T11:55:14+00:00","dateModified":"2026-02-10T18:24:53+00:00","description":"250 ml nam\u0173 kvap\u0173 papildymas \u2013 patogus b\u016bdas atnaujinti kvap\u0105 be naujo butelio. Ilgai i\u0161liekantis aromatas ir tvarus pasirinkimas.","breadcrumb":{"@id":"https:\/\/solove.lt\/product\/namu-kvapu-papildymas-250-ml\/#breadcrumb"},"inLanguage":"en-US","potentialAction":[{"@type":"ReadAction","target":["https:\/\/solove.lt\/product\/namu-kvapu-papildymas-250-ml\/"]}]},{"@type":"ImageObject","inLanguage":"en-US","@id":"https:\/\/solove.lt\/product\/namu-kvapu-papildymas-250-ml\/#primaryimage","url":"https:\/\/solove.lt\/wp-content\/uploads\/2025\/12\/Rosso-2.jpg","contentUrl":"https:\/\/solove.lt\/wp-content\/uploads\/2025\/12\/Rosso-2.jpg","width":1181,"height":1417,"caption":"nam\u0173 kvap\u0173 papildymas 250 ml"},{"@type":"BreadcrumbList","@id":"https:\/\/solove.lt\/product\/namu-kvapu-papildymas-250-ml\/#breadcrumb","itemListElement":[{"@type":"ListItem","position":1,"name":"Home","item":"https:\/\/solove.lt\/"},{"@type":"ListItem","position":2,"name":"Parduotuv\u0117","item":"https:\/\/solove.lt\/shop\/"},{"@type":"ListItem","position":3,"name":"Rosso &#8211; nam\u0173 kvapo paildymas 250ml"}]},{"@type":"WebSite","@id":"https:\/\/solove.lt\/#website","url":"https:\/\/solove.lt\/","name":"Solove","description":"Nat\u016bral\u016bs nam\u0173 kvapai ir \u017evaki\u0173 sm\u0117lis","publisher":{"@id":"https:\/\/solove.lt\/#organization"},"potentialAction":[{"@type":"SearchAction","target":{"@type":"EntryPoint","urlTemplate":"https:\/\/solove.lt\/?s={search_term_string}"},"query-input":{"@type":"PropertyValueSpecification","valueRequired":true,"valueName":"search_term_string"}}],"inLanguage":"en-US"},{"@type":"Organization","@id":"https:\/\/solove.lt\/#organization","name":"Solove","url":"https:\/\/solove.lt\/","logo":{"@type":"ImageObject","inLanguage":"en-US","@id":"https:\/\/solove.lt\/#\/schema\/logo\/image\/","url":"https:\/\/solove.lt\/wp-content\/uploads\/2025\/11\/logo.svg","contentUrl":"https:\/\/solove.lt\/wp-content\/uploads\/2025\/11\/logo.svg","width":320,"height":280,"caption":"Solove"},"image":{"@id":"https:\/\/solove.lt\/#\/schema\/logo\/image\/"},"sameAs":["https:\/\/www.instagram.com\/solove.lt\/"]}]}},"_links":{"self":[{"href":"https:\/\/solove.lt\/en\/wp-json\/wp\/v2\/product\/3689","targetHints":{"allow":["GET"]}}],"collection":[{"href":"https:\/\/solove.lt\/en\/wp-json\/wp\/v2\/product"}],"about":[{"href":"https:\/\/solove.lt\/en\/wp-json\/wp\/v2\/types\/product"}],"replies":[{"embeddable":true,"href":"https:\/\/solove.lt\/en\/wp-json\/wp\/v2\/comments?post=3689"}],"wp:featuredmedia":[{"embeddable":true,"href":"https:\/\/solove.lt\/en\/wp-json\/wp\/v2\/media\/3229"}],"wp:attachment":[{"href":"https:\/\/solove.lt\/en\/wp-json\/wp\/v2\/media?parent=3689"}],"wp:term":[{"taxonomy":"product_brand","embeddable":true,"href":"https:\/\/solove.lt\/en\/wp-json\/wp\/v2\/product_brand?post=3689"},{"taxonomy":"product_cat","embeddable":true,"href":"https:\/\/solove.lt\/en\/wp-json\/wp\/v2\/product_cat?post=3689"},{"taxonomy":"product_tag","embeddable":true,"href":"https:\/\/solove.lt\/en\/wp-json\/wp\/v2\/product_tag?post=3689"}],"curies":[{"name":"wp","href":"https:\/\/api.w.org\/{rel}","templated":true}]}}