{"id":3647,"date":"2025-12-03T13:54:45","date_gmt":"2025-12-03T11:54:45","guid":{"rendered":"https:\/\/solove.lt\/product\/powdered-candle-rhubarb-sparkle\/"},"modified":"2025-12-12T15:08:25","modified_gmt":"2025-12-12T13:08:25","slug":"powdered-candle-rhubarb-sparkle","status":"publish","type":"product","link":"https:\/\/solove.lt\/en\/product\/powdered-candle-rhubarb-sparkle\/","title":{"rendered":"Rabarbar\u0173 burbuliukai &#8211; vamzdis, 650g"},"content":{"rendered":"<p>Kvapni \u017evaki\u0173 papildymo pakuot\u0117 650 g yra didesn\u0117, ilgesnio naudojimo alternatyva sm\u0117lio \u017evaki\u0173 myl\u0117tojams. \u0160is sm\u0117lis leid\u017eia papildyti \u017evak\u0119 net keliems m\u0117nesiams ir suteikia iki 140 valand\u0173 degimo. Kvapas \u0161velniai skleid\u017eiasi degant, suteikdamas namams jaukumo ir \u0161varios \u0161viesos. Puikus pasirinkimas didesniems indams arba ilgam naudojimui.<\/p>\n<p><strong>\u017d<\/strong><strong>vaki\u0173 sm\u0117lis pagaminta <\/strong><strong>i\u0161 augalinio va\u0161ko ir pakv\u0117pinta auk\u0161tos kokyb\u0117s kvap\u0173 aliejais.<\/strong><br data-start=\"168\" data-end=\"171\" \/>\u0160ios \u017evak\u0117s magija slypi tame, kad kiekvien\u0105 kart\u0105 j\u0105 u\u017edegus gali pasirinkti vis kit\u0105 savo m\u0117gstam\u0105 ind\u0105 ir taip sukurti visi\u0161kai nauj\u0105, \u0161vie\u017ei\u0105 \u017evak\u0119!<br data-start=\"323\" data-end=\"326\" \/><strong>The Candledust<\/strong> \u017evaki\u0173 sm\u0117lis i\u0161laisvina tavo k\u016brybi\u0161kum\u0105 ir leid\u017eia jam skleistis be rib\u0173. Nebereikia galvoti, k\u0105 daryti su panaudotais \u017evaki\u0173 indais \u2013 tiesiog pripilk j\u0173 milteliniu va\u0161ku.<\/p>\n<h2 data-start=\"758\" data-end=\"794\"><strong data-start=\"761\" data-end=\"794\">Kaip naudoti <\/strong>\u017evaki\u0173 sm\u0117l\u012f<strong>?<\/strong><\/h2>\n<ol>\n<li data-start=\"799\" data-end=\"857\">Rask tinkam\u0105, <strong data-start=\"813\" data-end=\"823\">nedeg\u0173<\/strong> ind\u0105 ir supilk miltelin\u0119 \u017evak\u0119.<\/li>\n<li data-start=\"861\" data-end=\"929\">Vienai dag\u010diai rekomenduojama apie <strong data-start=\"896\" data-end=\"914\">8 cm skersmens<\/strong> degimo zona.\n<ul>\n<li data-start=\"935\" data-end=\"1021\">Platesniems indams galima naudoti kelias dagtis, tarp j\u0173 paliekant <strong data-start=\"1002\" data-end=\"1018\">8 cm atstum\u0105<\/strong>.<\/li>\n<\/ul>\n<\/li>\n<li data-start=\"1025\" data-end=\"1089\">\u012esitikink, kad dagties galiukas b\u016bt\u0173 <strong data-start=\"1062\" data-end=\"1072\">0,5 cm<\/strong> vir\u0161 milteli\u0173.<\/li>\n<li data-start=\"1093\" data-end=\"1117\">U\u017edek \u017evak\u0119 ir m\u0117gaukis.<\/li>\n<\/ol>\n<h2 data-start=\"1124\" data-end=\"1169\"><strong data-start=\"1127\" data-end=\"1169\">Trys b\u016bdai naudoti \u017evak\u0119 pakartotinai:<\/strong><\/h2>\n<ul>\n<li data-start=\"1171\" data-end=\"1311\"><strong data-start=\"1173\" data-end=\"1203\">Sutrupink sustingus\u012f va\u0161k\u0105<\/strong> \u012f miltelius, u\u017epilk naujo miltelinio va\u0161ko ir \u012fstatyk dagt\u012f \u2013 taip sukursi visi\u0161kai nauj\u0105, \u0161vie\u017ei\u0105 \u017evak\u0119.<\/li>\n<li data-start=\"1313\" data-end=\"1403\">Jei dagties dar liko pakankamai, <strong data-start=\"1348\" data-end=\"1377\">naudok kaip \u012fprast\u0105 \u017evak\u0119<\/strong> \u2013 tiesiog v\u0117l j\u0105 u\u017edek.<\/li>\n<li data-start=\"1405\" data-end=\"1467\"><strong data-start=\"1407\" data-end=\"1434\">I\u0161mesk sustingus\u012f va\u0161k\u0105<\/strong> ir \u012f miltelius \u012fd\u0117k nauj\u0105 dagt\u012f.<\/li>\n<\/ul>\n<h2 data-start=\"1474\" data-end=\"1488\"><strong data-start=\"1477\" data-end=\"1488\">SVARBU!<\/strong><\/h2>\n<ul>\n<li data-start=\"1492\" data-end=\"1598\">Naudok <strong data-start=\"1499\" data-end=\"1535\">platesn\u012f nei 8 cm skersmens ind\u0105<\/strong> \u2013 tuomet va\u0161kas nenutek\u0117s ant kra\u0161t\u0173, o indas i\u0161liks \u0161varus.<\/li>\n<li data-start=\"1601\" data-end=\"1704\">Jei nori pakeisti ind\u0105, tiesiog perpilk miltelin\u0119 \u017evak\u0119 \u012f kit\u0105 ind\u0105, \u012fd\u0117k dagt\u012f \u2013 ir viskas paruo\u0161ta.<\/li>\n<li data-start=\"1707\" data-end=\"1749\">Pakuot\u0117 <strong data-start=\"1715\" data-end=\"1731\">n\u0117ra tinkama<\/strong> \u017evakei deginti!<\/li>\n<li data-start=\"1752\" data-end=\"1804\">Prilipinamo dagties degimo laikas \u2013 apie <strong data-start=\"1794\" data-end=\"1804\">9 val.<\/strong><\/li>\n<\/ul>\n<h2 data-start=\"1811\" data-end=\"1839\"><strong data-start=\"1814\" data-end=\"1839\">Papildoma informacija<\/strong><\/h2>\n<p data-start=\"1841\" data-end=\"1995\">\u0160ios \u017evak\u0117s bendras degimo laikas yra <strong data-start=\"1879\" data-end=\"1892\">~140 val.<\/strong><br data-start=\"1892\" data-end=\"1895\" \/>Pakuot\u0117je yra <strong data-start=\"1909\" data-end=\"1948\">20 dag\u010di\u0173 + 2 dagtys su lipduku<\/strong>, skirtos pakartotiniam \u017evaki\u0173 ind\u0173 naudojimui.<\/p>","protected":false},"excerpt":{"rendered":"<p>Romanti\u0161kas ir prabangus klasikinis aromatas <strong data-start=\"371\" data-end=\"394\">Champagne &amp; Rhubarb<\/strong> \u2013 tai kvapas, kupinas emocij\u0173 ir ypating\u0173 patir\u010di\u0173. \u0160ioje \u017evak\u0117je ry\u0161kiai jau\u010diasi gausus pavasarinio rabarbaro aromatas. Neabejotinai vienas klient\u0173 favorit\u0173.<\/p>\n<p>Vir\u0161utin\u0117s natos: rabarbarai, \u0161ampanas<br \/>\n\u0160irdies natos: persikas, kriau\u0161\u0117<br \/>\nBazin\u0117s natos: gervuog\u0117, slyva<\/p>","protected":false},"featured_media":3696,"comment_status":"open","ping_status":"closed","template":"","meta":[],"product_brand":[],"product_cat":[66,21],"product_tag":[],"class_list":{"0":"post-3647","1":"product","2":"type-product","3":"status-publish","4":"has-post-thumbnail","6":"product_cat-papildymo-pakuote-kartoninis-vamzdis","7":"product_cat-zvakiu-smelis-ir-zvakes","9":"first","10":"instock","11":"shipping-taxable","12":"purchasable","13":"product-type-simple"},"yoast_head":"<!-- This site is optimized with the Yoast SEO plugin v27.4 - https:\/\/yoast.com\/product\/yoast-seo-wordpress\/ -->\n<title>Rabarbar\u0173 burbuliukai - vamzdis, 650g - Solove<\/title>\n<meta name=\"description\" content=\"Kvapni \u017evaki\u0173 papildymo pakuot\u0117 650 g \u2013 ilgo degimo papildymas sm\u0117lio \u017evak\u0117ms, suteikiantis iki 140 val. jaukios \u0161viesos ir malonaus aromato.\" \/>\n<meta name=\"robots\" content=\"index, follow, max-snippet:-1, max-image-preview:large, max-video-preview:-1\" \/>\n<link rel=\"canonical\" href=\"https:\/\/solove.lt\/en\/product\/powdered-candle-rhubarb-sparkle\/\" \/>\n<meta property=\"og:locale\" content=\"en_US\" \/>\n<meta property=\"og:type\" content=\"article\" \/>\n<meta property=\"og:title\" content=\"Rabarbar\u0173 burbuliukai - vamzdis, 650g - Solove\" \/>\n<meta property=\"og:description\" content=\"Kvapni \u017evaki\u0173 papildymo pakuot\u0117 650 g \u2013 ilgo degimo papildymas sm\u0117lio \u017evak\u0117ms, suteikiantis iki 140 val. jaukios \u0161viesos ir malonaus aromato.\" \/>\n<meta property=\"og:url\" content=\"https:\/\/solove.lt\/en\/product\/powdered-candle-rhubarb-sparkle\/\" \/>\n<meta property=\"og:site_name\" content=\"Solove\" \/>\n<meta property=\"article:modified_time\" content=\"2025-12-12T13:08:25+00:00\" \/>\n<meta property=\"og:image\" content=\"https:\/\/solove.lt\/wp-content\/uploads\/2025\/12\/PIC-5-1.jpg\" \/>\n\t<meta property=\"og:image:width\" content=\"1080\" \/>\n\t<meta property=\"og:image:height\" content=\"1080\" \/>\n\t<meta property=\"og:image:type\" content=\"image\/jpeg\" \/>\n<meta name=\"twitter:card\" content=\"summary_large_image\" \/>\n<meta name=\"twitter:label1\" content=\"Est. reading time\" \/>\n\t<meta name=\"twitter:data1\" content=\"2 minutes\" \/>\n<script type=\"application\/ld+json\" class=\"yoast-schema-graph\">{\"@context\":\"https:\\\/\\\/schema.org\",\"@graph\":[{\"@type\":\"WebPage\",\"@id\":\"https:\\\/\\\/solove.lt\\\/product\\\/powdered-candle-rhubarb-sparkle\\\/\",\"url\":\"https:\\\/\\\/solove.lt\\\/product\\\/powdered-candle-rhubarb-sparkle\\\/\",\"name\":\"Rabarbar\u0173 burbuliukai - vamzdis, 650g - Solove\",\"isPartOf\":{\"@id\":\"https:\\\/\\\/solove.lt\\\/#website\"},\"primaryImageOfPage\":{\"@id\":\"https:\\\/\\\/solove.lt\\\/product\\\/powdered-candle-rhubarb-sparkle\\\/#primaryimage\"},\"image\":{\"@id\":\"https:\\\/\\\/solove.lt\\\/product\\\/powdered-candle-rhubarb-sparkle\\\/#primaryimage\"},\"thumbnailUrl\":\"https:\\\/\\\/solove.lt\\\/wp-content\\\/uploads\\\/2025\\\/12\\\/PIC-5-1.jpg\",\"datePublished\":\"2025-12-03T11:54:45+00:00\",\"dateModified\":\"2025-12-12T13:08:25+00:00\",\"description\":\"Kvapni \u017evaki\u0173 papildymo pakuot\u0117 650 g \u2013 ilgo degimo papildymas sm\u0117lio \u017evak\u0117ms, suteikiantis iki 140 val. jaukios \u0161viesos ir malonaus aromato.\",\"breadcrumb\":{\"@id\":\"https:\\\/\\\/solove.lt\\\/product\\\/powdered-candle-rhubarb-sparkle\\\/#breadcrumb\"},\"inLanguage\":\"en-US\",\"potentialAction\":[{\"@type\":\"ReadAction\",\"target\":[\"https:\\\/\\\/solove.lt\\\/product\\\/powdered-candle-rhubarb-sparkle\\\/\"]}]},{\"@type\":\"ImageObject\",\"inLanguage\":\"en-US\",\"@id\":\"https:\\\/\\\/solove.lt\\\/product\\\/powdered-candle-rhubarb-sparkle\\\/#primaryimage\",\"url\":\"https:\\\/\\\/solove.lt\\\/wp-content\\\/uploads\\\/2025\\\/12\\\/PIC-5-1.jpg\",\"contentUrl\":\"https:\\\/\\\/solove.lt\\\/wp-content\\\/uploads\\\/2025\\\/12\\\/PIC-5-1.jpg\",\"width\":1080,\"height\":1080,\"caption\":\"Kvapni 650 g \u017evaki\u0173 sm\u0117lio papildymo pakuot\u0117 ilgalaikiam \u017evak\u0117s papildymui.\"},{\"@type\":\"BreadcrumbList\",\"@id\":\"https:\\\/\\\/solove.lt\\\/product\\\/powdered-candle-rhubarb-sparkle\\\/#breadcrumb\",\"itemListElement\":[{\"@type\":\"ListItem\",\"position\":1,\"name\":\"Home\",\"item\":\"https:\\\/\\\/solove.lt\\\/\"},{\"@type\":\"ListItem\",\"position\":2,\"name\":\"Parduotuv\u0117\",\"item\":\"https:\\\/\\\/solove.lt\\\/shop\\\/\"},{\"@type\":\"ListItem\",\"position\":3,\"name\":\"Rabarbar\u0173 burbuliukai &#8211; vamzdis, 650g\"}]},{\"@type\":\"WebSite\",\"@id\":\"https:\\\/\\\/solove.lt\\\/#website\",\"url\":\"https:\\\/\\\/solove.lt\\\/\",\"name\":\"Solove\",\"description\":\"Nat\u016bral\u016bs nam\u0173 kvapai ir \u017evaki\u0173 sm\u0117lis\",\"publisher\":{\"@id\":\"https:\\\/\\\/solove.lt\\\/#organization\"},\"potentialAction\":[{\"@type\":\"SearchAction\",\"target\":{\"@type\":\"EntryPoint\",\"urlTemplate\":\"https:\\\/\\\/solove.lt\\\/?s={search_term_string}\"},\"query-input\":{\"@type\":\"PropertyValueSpecification\",\"valueRequired\":true,\"valueName\":\"search_term_string\"}}],\"inLanguage\":\"en-US\"},{\"@type\":\"Organization\",\"@id\":\"https:\\\/\\\/solove.lt\\\/#organization\",\"name\":\"Solove\",\"url\":\"https:\\\/\\\/solove.lt\\\/\",\"logo\":{\"@type\":\"ImageObject\",\"inLanguage\":\"en-US\",\"@id\":\"https:\\\/\\\/solove.lt\\\/#\\\/schema\\\/logo\\\/image\\\/\",\"url\":\"https:\\\/\\\/solove.lt\\\/wp-content\\\/uploads\\\/2025\\\/11\\\/logo.svg\",\"contentUrl\":\"https:\\\/\\\/solove.lt\\\/wp-content\\\/uploads\\\/2025\\\/11\\\/logo.svg\",\"width\":320,\"height\":280,\"caption\":\"Solove\"},\"image\":{\"@id\":\"https:\\\/\\\/solove.lt\\\/#\\\/schema\\\/logo\\\/image\\\/\"},\"sameAs\":[\"https:\\\/\\\/www.instagram.com\\\/solove.lt\\\/\"]}]}<\/script>\n<!-- \/ Yoast SEO plugin. -->","yoast_head_json":{"title":"Rabarbar\u0173 burbuliukai - vamzdis, 650g - Solove","description":"Kvapni \u017evaki\u0173 papildymo pakuot\u0117 650 g \u2013 ilgo degimo papildymas sm\u0117lio \u017evak\u0117ms, suteikiantis iki 140 val. jaukios \u0161viesos ir malonaus aromato.","robots":{"index":"index","follow":"follow","max-snippet":"max-snippet:-1","max-image-preview":"max-image-preview:large","max-video-preview":"max-video-preview:-1"},"canonical":"https:\/\/solove.lt\/en\/product\/powdered-candle-rhubarb-sparkle\/","og_locale":"en_US","og_type":"article","og_title":"Rabarbar\u0173 burbuliukai - vamzdis, 650g - Solove","og_description":"Kvapni \u017evaki\u0173 papildymo pakuot\u0117 650 g \u2013 ilgo degimo papildymas sm\u0117lio \u017evak\u0117ms, suteikiantis iki 140 val. jaukios \u0161viesos ir malonaus aromato.","og_url":"https:\/\/solove.lt\/en\/product\/powdered-candle-rhubarb-sparkle\/","og_site_name":"Solove","article_modified_time":"2025-12-12T13:08:25+00:00","og_image":[{"width":1080,"height":1080,"url":"https:\/\/solove.lt\/wp-content\/uploads\/2025\/12\/PIC-5-1.jpg","type":"image\/jpeg"}],"twitter_card":"summary_large_image","twitter_misc":{"Est. reading time":"2 minutes"},"schema":{"@context":"https:\/\/schema.org","@graph":[{"@type":"WebPage","@id":"https:\/\/solove.lt\/product\/powdered-candle-rhubarb-sparkle\/","url":"https:\/\/solove.lt\/product\/powdered-candle-rhubarb-sparkle\/","name":"Rabarbar\u0173 burbuliukai - vamzdis, 650g - Solove","isPartOf":{"@id":"https:\/\/solove.lt\/#website"},"primaryImageOfPage":{"@id":"https:\/\/solove.lt\/product\/powdered-candle-rhubarb-sparkle\/#primaryimage"},"image":{"@id":"https:\/\/solove.lt\/product\/powdered-candle-rhubarb-sparkle\/#primaryimage"},"thumbnailUrl":"https:\/\/solove.lt\/wp-content\/uploads\/2025\/12\/PIC-5-1.jpg","datePublished":"2025-12-03T11:54:45+00:00","dateModified":"2025-12-12T13:08:25+00:00","description":"Kvapni \u017evaki\u0173 papildymo pakuot\u0117 650 g \u2013 ilgo degimo papildymas sm\u0117lio \u017evak\u0117ms, suteikiantis iki 140 val. jaukios \u0161viesos ir malonaus aromato.","breadcrumb":{"@id":"https:\/\/solove.lt\/product\/powdered-candle-rhubarb-sparkle\/#breadcrumb"},"inLanguage":"en-US","potentialAction":[{"@type":"ReadAction","target":["https:\/\/solove.lt\/product\/powdered-candle-rhubarb-sparkle\/"]}]},{"@type":"ImageObject","inLanguage":"en-US","@id":"https:\/\/solove.lt\/product\/powdered-candle-rhubarb-sparkle\/#primaryimage","url":"https:\/\/solove.lt\/wp-content\/uploads\/2025\/12\/PIC-5-1.jpg","contentUrl":"https:\/\/solove.lt\/wp-content\/uploads\/2025\/12\/PIC-5-1.jpg","width":1080,"height":1080,"caption":"Kvapni 650 g \u017evaki\u0173 sm\u0117lio papildymo pakuot\u0117 ilgalaikiam \u017evak\u0117s papildymui."},{"@type":"BreadcrumbList","@id":"https:\/\/solove.lt\/product\/powdered-candle-rhubarb-sparkle\/#breadcrumb","itemListElement":[{"@type":"ListItem","position":1,"name":"Home","item":"https:\/\/solove.lt\/"},{"@type":"ListItem","position":2,"name":"Parduotuv\u0117","item":"https:\/\/solove.lt\/shop\/"},{"@type":"ListItem","position":3,"name":"Rabarbar\u0173 burbuliukai &#8211; vamzdis, 650g"}]},{"@type":"WebSite","@id":"https:\/\/solove.lt\/#website","url":"https:\/\/solove.lt\/","name":"Solove","description":"Nat\u016bral\u016bs nam\u0173 kvapai ir \u017evaki\u0173 sm\u0117lis","publisher":{"@id":"https:\/\/solove.lt\/#organization"},"potentialAction":[{"@type":"SearchAction","target":{"@type":"EntryPoint","urlTemplate":"https:\/\/solove.lt\/?s={search_term_string}"},"query-input":{"@type":"PropertyValueSpecification","valueRequired":true,"valueName":"search_term_string"}}],"inLanguage":"en-US"},{"@type":"Organization","@id":"https:\/\/solove.lt\/#organization","name":"Solove","url":"https:\/\/solove.lt\/","logo":{"@type":"ImageObject","inLanguage":"en-US","@id":"https:\/\/solove.lt\/#\/schema\/logo\/image\/","url":"https:\/\/solove.lt\/wp-content\/uploads\/2025\/11\/logo.svg","contentUrl":"https:\/\/solove.lt\/wp-content\/uploads\/2025\/11\/logo.svg","width":320,"height":280,"caption":"Solove"},"image":{"@id":"https:\/\/solove.lt\/#\/schema\/logo\/image\/"},"sameAs":["https:\/\/www.instagram.com\/solove.lt\/"]}]}},"_links":{"self":[{"href":"https:\/\/solove.lt\/en\/wp-json\/wp\/v2\/product\/3647","targetHints":{"allow":["GET"]}}],"collection":[{"href":"https:\/\/solove.lt\/en\/wp-json\/wp\/v2\/product"}],"about":[{"href":"https:\/\/solove.lt\/en\/wp-json\/wp\/v2\/types\/product"}],"replies":[{"embeddable":true,"href":"https:\/\/solove.lt\/en\/wp-json\/wp\/v2\/comments?post=3647"}],"wp:featuredmedia":[{"embeddable":true,"href":"https:\/\/solove.lt\/en\/wp-json\/wp\/v2\/media\/3696"}],"wp:attachment":[{"href":"https:\/\/solove.lt\/en\/wp-json\/wp\/v2\/media?parent=3647"}],"wp:term":[{"taxonomy":"product_brand","embeddable":true,"href":"https:\/\/solove.lt\/en\/wp-json\/wp\/v2\/product_brand?post=3647"},{"taxonomy":"product_cat","embeddable":true,"href":"https:\/\/solove.lt\/en\/wp-json\/wp\/v2\/product_cat?post=3647"},{"taxonomy":"product_tag","embeddable":true,"href":"https:\/\/solove.lt\/en\/wp-json\/wp\/v2\/product_tag?post=3647"}],"curies":[{"name":"wp","href":"https:\/\/api.w.org\/{rel}","templated":true}]}}