{"id":3630,"date":"2025-12-03T13:54:38","date_gmt":"2025-12-03T11:54:38","guid":{"rendered":"https:\/\/solove.lt\/product\/powdered-candle-refill-kit-unscented-light-lilac-330g\/"},"modified":"2025-12-30T13:18:14","modified_gmt":"2025-12-30T11:18:14","slug":"papildymo-pakuote-bekvape-330g-11","status":"publish","type":"product","link":"https:\/\/solove.lt\/en\/product\/papildymo-pakuote-bekvape-330g-11\/","title":{"rendered":"\u0160velni alyva &#8211; bekvapis \u017evaki\u0173 sm\u0117lis, 330g"},"content":{"rendered":"<p>Bekvap\u0117 \u017evaki\u0173 sm\u0117lio papildymo pakuot\u0117 330 g \/ 60 h. Patogi naudoti, tinka visiems indams, \u0161vari degimo patirtis ir lengva \u017evak\u0117s prie\u017ei\u016bra.<\/p>\n<p>Sukurkite jauki\u0105 atmosfer\u0105 bet kur naudodami m\u016bs\u0173 \u017evaki\u0173 sm\u0117l\u012f!<br \/>\n\u012e komplekt\u0105 <strong>\u012feina dag\u010diai<\/strong>, leid\u017eiantys saugiai gaminti kvapi\u0105sias \u017evakes <strong>\u012fvairiuose indeliuose<\/strong> \u2013 stiklin\u0117je, keramikin\u0117je ir kt. Tai paprastas ir ekologi\u0161kas sprendimas, puikiai tinkantis bet kuriuose namuose. \u017dvaki\u0173 dulki\u0173 perlamutrin\u0117 ir granuliuota tekst\u016bra puikiai tinka kuriant eleganti\u0161kas<strong> \u201epasidaryk pats\u201c<\/strong> \u017evakes.<\/p>\n<p>Atrask smag\u0173 ir k\u016brybi\u0161k\u0105 b\u016bd\u0105 pasigaminti \u017evak\u0119!<br \/>\n<strong>\u017dvaki\u0173 sm\u0117lis<\/strong> \u2013 tai smulki va\u0161ko granul\u0117, leid\u017eianti susikurti b\u016btent toki\u0105 \u017evak\u0119, kokios nori: pasirink indel\u012f, dyd\u012f ir prid\u0117k dagt\u012f.<\/p>\n<p><strong>Privalumai:<\/strong><\/p>\n<ul>\n<li><strong>Lengvai pritaikoma:<\/strong> pasirink savo ind\u0105, dyd\u012f ir susikurk unikali\u0105 \u017evak\u0119.<\/li>\n<li><strong>\u012etraukta -5 <\/strong>dagtys<\/li>\n<li><strong>Degimo laikas: 60 val.<\/strong><\/li>\n<li><strong>Paprasta naudoti:<\/strong> paruo\u0161k vos per kelias minutes.<\/li>\n<li><strong>Daugkartinis naudojimas:<\/strong> tiesiog perpilk sm\u0117l\u012f \u012f kit\u0105 ind\u0105 ir naudok v\u0117l.<\/li>\n<li><strong>Draugi\u0161ka aplinkai:<\/strong> vegani\u0161ka, be parafino ir paraben\u0173, 100 % biologi\u0161kai suyranti.<\/li>\n<li><strong>\u0160varesnis degimas:<\/strong> i\u0161skiria iki <strong>80 % ma\u017eiau suod\u017ei\u0173<\/strong> nei \u012fprasta parafino \u017evak\u0117.<\/li>\n<li><strong>Pl\u016bduriuoja vandenyje:<\/strong> puikiai tinka k\u016brybi\u0161koms dekoracijoms ir ypatingoms akimirkoms.<\/li>\n<\/ul>\n<p><strong>The Candledust naudojimas paprastas kaip 1-2-3:<\/strong><\/p>\n<ol>\n<li><strong>Paimk dagt\u012f<\/strong><br \/>\nir pritvirtink j\u0105 kar\u0161\u010diui atspariame indo dugne.<\/li>\n<li><strong>U\u017epildyk ind\u0105 \u017evaki\u0173 sm\u0117liu<\/strong><br \/>\nminimum 3cm ir \u012fsitikink, kad dagties galiukas ky\u0161o <strong>0,5 &#8211; 1 cm.<\/strong><\/li>\n<\/ol>\n<p><strong>U\u017edek \u017evak\u0119<br \/>\n<\/strong>ir m\u0117gaukis \u2013 taip paprasta!<br \/>\n<strong>Galite rasti i\u0161sami\u0105 naudojimo<\/strong><a href=\"https:\/\/solove.lt\/en\/kaip-naudoti\/\">\u00a0instrukcij\u0105 \u010dia!<\/a><\/p>","protected":false},"excerpt":{"rendered":"<p>\u201e\u0160velni alyva\u201c \u017evak\u0117 yra \u0161velnus ir eleganti\u0161kas pasirinkimas, suteikiantis bet kokiai erdvei \u0161veln\u0173, raminant\u012f atspalv\u012f. Bekvap\u0117 ir raminanti, ji skleid\u017eia \u0161ilt\u0105, raminant\u012f \u0161vyt\u0117jim\u0105, puikiai tinkant\u012f bet kokiai nuotaikai ar progai. Subtilus \u0161viesiai alyvinis atspalvis suteikia j\u016bs\u0173 dekorui subtilaus \u017eavesio ir rafinuotumo.<br \/>\nJei nor\u0117tum j\u0105 personalizuoti, degimo metu gali \u012fla\u0161inti m\u016bs\u0173 <a href=\"https:\/\/solove.lt\/en\/product-category\/aromatiniai-aliejai\/kvapieji-aliejai\/\"><strong data-start=\"576\" data-end=\"598\">10 ml kvap\u0173 aliej\u0173<\/strong><\/a>\u00a0ir susikurti individual\u0173 aromat\u0105.<\/p>","protected":false},"featured_media":3635,"comment_status":"open","ping_status":"closed","template":"","meta":[],"product_brand":[],"product_cat":[65,21],"product_tag":[],"class_list":{"0":"post-3630","1":"product","2":"type-product","3":"status-publish","4":"has-post-thumbnail","6":"product_cat-zvakiu-smelis-bekvapis","7":"product_cat-zvakiu-smelis-ir-zvakes","9":"first","10":"instock","11":"shipping-taxable","12":"purchasable","13":"product-type-simple"},"yoast_head":"<!-- This site is optimized with the Yoast SEO plugin v27.4 - https:\/\/yoast.com\/product\/yoast-seo-wordpress\/ -->\n<title>\u0160velni alyva - bekvapis \u017evaki\u0173 sm\u0117lis, 330g - Solove<\/title>\n<meta name=\"description\" content=\"Bekvap\u0117 \u017evaki\u0173 sm\u0117lio papildymo pakuot\u0117 330 g \/ 60 h. Patogi naudoti, tinka visiems indams, \u0161vari degimo patirtis ir lengva \u017evak\u0117s prie\u017ei\u016bra.\" \/>\n<meta name=\"robots\" content=\"index, follow, max-snippet:-1, max-image-preview:large, max-video-preview:-1\" \/>\n<link rel=\"canonical\" href=\"https:\/\/solove.lt\/en\/product\/papildymo-pakuote-bekvape-330g-11\/\" \/>\n<meta property=\"og:locale\" content=\"en_US\" \/>\n<meta property=\"og:type\" content=\"article\" \/>\n<meta property=\"og:title\" content=\"\u0160velni alyva - bekvapis \u017evaki\u0173 sm\u0117lis, 330g - Solove\" \/>\n<meta property=\"og:description\" content=\"Bekvap\u0117 \u017evaki\u0173 sm\u0117lio papildymo pakuot\u0117 330 g \/ 60 h. Patogi naudoti, tinka visiems indams, \u0161vari degimo patirtis ir lengva \u017evak\u0117s prie\u017ei\u016bra.\" \/>\n<meta property=\"og:url\" content=\"https:\/\/solove.lt\/en\/product\/papildymo-pakuote-bekvape-330g-11\/\" \/>\n<meta property=\"og:site_name\" content=\"Solove\" \/>\n<meta property=\"article:modified_time\" content=\"2025-12-30T11:18:14+00:00\" \/>\n<meta property=\"og:image\" content=\"https:\/\/solove.lt\/wp-content\/uploads\/2025\/12\/powdered-candle-refill-kit-unscented-light-lilac-330g-ea6d580e-1.jpg\" \/>\n\t<meta property=\"og:image:width\" content=\"1080\" \/>\n\t<meta property=\"og:image:height\" content=\"1080\" \/>\n\t<meta property=\"og:image:type\" content=\"image\/jpeg\" \/>\n<meta name=\"twitter:card\" content=\"summary_large_image\" \/>\n<meta name=\"twitter:label1\" content=\"Est. reading time\" \/>\n\t<meta name=\"twitter:data1\" content=\"2 minutes\" \/>\n<script type=\"application\/ld+json\" class=\"yoast-schema-graph\">{\"@context\":\"https:\\\/\\\/schema.org\",\"@graph\":[{\"@type\":\"WebPage\",\"@id\":\"https:\\\/\\\/solove.lt\\\/product\\\/papildymo-pakuote-bekvape-330g-11\\\/\",\"url\":\"https:\\\/\\\/solove.lt\\\/product\\\/papildymo-pakuote-bekvape-330g-11\\\/\",\"name\":\"\u0160velni alyva - bekvapis \u017evaki\u0173 sm\u0117lis, 330g - Solove\",\"isPartOf\":{\"@id\":\"https:\\\/\\\/solove.lt\\\/#website\"},\"primaryImageOfPage\":{\"@id\":\"https:\\\/\\\/solove.lt\\\/product\\\/papildymo-pakuote-bekvape-330g-11\\\/#primaryimage\"},\"image\":{\"@id\":\"https:\\\/\\\/solove.lt\\\/product\\\/papildymo-pakuote-bekvape-330g-11\\\/#primaryimage\"},\"thumbnailUrl\":\"https:\\\/\\\/solove.lt\\\/wp-content\\\/uploads\\\/2025\\\/12\\\/powdered-candle-refill-kit-unscented-light-lilac-330g-ea6d580e-1.jpg\",\"datePublished\":\"2025-12-03T11:54:38+00:00\",\"dateModified\":\"2025-12-30T11:18:14+00:00\",\"description\":\"Bekvap\u0117 \u017evaki\u0173 sm\u0117lio papildymo pakuot\u0117 330 g \\\/ 60 h. Patogi naudoti, tinka visiems indams, \u0161vari degimo patirtis ir lengva \u017evak\u0117s prie\u017ei\u016bra.\",\"breadcrumb\":{\"@id\":\"https:\\\/\\\/solove.lt\\\/product\\\/papildymo-pakuote-bekvape-330g-11\\\/#breadcrumb\"},\"inLanguage\":\"en-US\",\"potentialAction\":[{\"@type\":\"ReadAction\",\"target\":[\"https:\\\/\\\/solove.lt\\\/product\\\/papildymo-pakuote-bekvape-330g-11\\\/\"]}]},{\"@type\":\"ImageObject\",\"inLanguage\":\"en-US\",\"@id\":\"https:\\\/\\\/solove.lt\\\/product\\\/papildymo-pakuote-bekvape-330g-11\\\/#primaryimage\",\"url\":\"https:\\\/\\\/solove.lt\\\/wp-content\\\/uploads\\\/2025\\\/12\\\/powdered-candle-refill-kit-unscented-light-lilac-330g-ea6d580e-1.jpg\",\"contentUrl\":\"https:\\\/\\\/solove.lt\\\/wp-content\\\/uploads\\\/2025\\\/12\\\/powdered-candle-refill-kit-unscented-light-lilac-330g-ea6d580e-1.jpg\",\"width\":1080,\"height\":1080,\"caption\":\"papildymo-pakuote-bekvape-330g\"},{\"@type\":\"BreadcrumbList\",\"@id\":\"https:\\\/\\\/solove.lt\\\/product\\\/papildymo-pakuote-bekvape-330g-11\\\/#breadcrumb\",\"itemListElement\":[{\"@type\":\"ListItem\",\"position\":1,\"name\":\"Home\",\"item\":\"https:\\\/\\\/solove.lt\\\/\"},{\"@type\":\"ListItem\",\"position\":2,\"name\":\"Parduotuv\u0117\",\"item\":\"https:\\\/\\\/solove.lt\\\/shop\\\/\"},{\"@type\":\"ListItem\",\"position\":3,\"name\":\"\u0160velni alyva &#8211; bekvapis \u017evaki\u0173 sm\u0117lis, 330g\"}]},{\"@type\":\"WebSite\",\"@id\":\"https:\\\/\\\/solove.lt\\\/#website\",\"url\":\"https:\\\/\\\/solove.lt\\\/\",\"name\":\"Solove\",\"description\":\"Nat\u016bral\u016bs nam\u0173 kvapai ir \u017evaki\u0173 sm\u0117lis\",\"publisher\":{\"@id\":\"https:\\\/\\\/solove.lt\\\/#organization\"},\"potentialAction\":[{\"@type\":\"SearchAction\",\"target\":{\"@type\":\"EntryPoint\",\"urlTemplate\":\"https:\\\/\\\/solove.lt\\\/?s={search_term_string}\"},\"query-input\":{\"@type\":\"PropertyValueSpecification\",\"valueRequired\":true,\"valueName\":\"search_term_string\"}}],\"inLanguage\":\"en-US\"},{\"@type\":\"Organization\",\"@id\":\"https:\\\/\\\/solove.lt\\\/#organization\",\"name\":\"Solove\",\"url\":\"https:\\\/\\\/solove.lt\\\/\",\"logo\":{\"@type\":\"ImageObject\",\"inLanguage\":\"en-US\",\"@id\":\"https:\\\/\\\/solove.lt\\\/#\\\/schema\\\/logo\\\/image\\\/\",\"url\":\"https:\\\/\\\/solove.lt\\\/wp-content\\\/uploads\\\/2025\\\/11\\\/logo.svg\",\"contentUrl\":\"https:\\\/\\\/solove.lt\\\/wp-content\\\/uploads\\\/2025\\\/11\\\/logo.svg\",\"width\":320,\"height\":280,\"caption\":\"Solove\"},\"image\":{\"@id\":\"https:\\\/\\\/solove.lt\\\/#\\\/schema\\\/logo\\\/image\\\/\"},\"sameAs\":[\"https:\\\/\\\/www.instagram.com\\\/solove.lt\\\/\"]}]}<\/script>\n<!-- \/ Yoast SEO plugin. -->","yoast_head_json":{"title":"\u0160velni alyva - bekvapis \u017evaki\u0173 sm\u0117lis, 330g - Solove","description":"Bekvap\u0117 \u017evaki\u0173 sm\u0117lio papildymo pakuot\u0117 330 g \/ 60 h. Patogi naudoti, tinka visiems indams, \u0161vari degimo patirtis ir lengva \u017evak\u0117s prie\u017ei\u016bra.","robots":{"index":"index","follow":"follow","max-snippet":"max-snippet:-1","max-image-preview":"max-image-preview:large","max-video-preview":"max-video-preview:-1"},"canonical":"https:\/\/solove.lt\/en\/product\/papildymo-pakuote-bekvape-330g-11\/","og_locale":"en_US","og_type":"article","og_title":"\u0160velni alyva - bekvapis \u017evaki\u0173 sm\u0117lis, 330g - Solove","og_description":"Bekvap\u0117 \u017evaki\u0173 sm\u0117lio papildymo pakuot\u0117 330 g \/ 60 h. Patogi naudoti, tinka visiems indams, \u0161vari degimo patirtis ir lengva \u017evak\u0117s prie\u017ei\u016bra.","og_url":"https:\/\/solove.lt\/en\/product\/papildymo-pakuote-bekvape-330g-11\/","og_site_name":"Solove","article_modified_time":"2025-12-30T11:18:14+00:00","og_image":[{"width":1080,"height":1080,"url":"https:\/\/solove.lt\/wp-content\/uploads\/2025\/12\/powdered-candle-refill-kit-unscented-light-lilac-330g-ea6d580e-1.jpg","type":"image\/jpeg"}],"twitter_card":"summary_large_image","twitter_misc":{"Est. reading time":"2 minutes"},"schema":{"@context":"https:\/\/schema.org","@graph":[{"@type":"WebPage","@id":"https:\/\/solove.lt\/product\/papildymo-pakuote-bekvape-330g-11\/","url":"https:\/\/solove.lt\/product\/papildymo-pakuote-bekvape-330g-11\/","name":"\u0160velni alyva - bekvapis \u017evaki\u0173 sm\u0117lis, 330g - Solove","isPartOf":{"@id":"https:\/\/solove.lt\/#website"},"primaryImageOfPage":{"@id":"https:\/\/solove.lt\/product\/papildymo-pakuote-bekvape-330g-11\/#primaryimage"},"image":{"@id":"https:\/\/solove.lt\/product\/papildymo-pakuote-bekvape-330g-11\/#primaryimage"},"thumbnailUrl":"https:\/\/solove.lt\/wp-content\/uploads\/2025\/12\/powdered-candle-refill-kit-unscented-light-lilac-330g-ea6d580e-1.jpg","datePublished":"2025-12-03T11:54:38+00:00","dateModified":"2025-12-30T11:18:14+00:00","description":"Bekvap\u0117 \u017evaki\u0173 sm\u0117lio papildymo pakuot\u0117 330 g \/ 60 h. Patogi naudoti, tinka visiems indams, \u0161vari degimo patirtis ir lengva \u017evak\u0117s prie\u017ei\u016bra.","breadcrumb":{"@id":"https:\/\/solove.lt\/product\/papildymo-pakuote-bekvape-330g-11\/#breadcrumb"},"inLanguage":"en-US","potentialAction":[{"@type":"ReadAction","target":["https:\/\/solove.lt\/product\/papildymo-pakuote-bekvape-330g-11\/"]}]},{"@type":"ImageObject","inLanguage":"en-US","@id":"https:\/\/solove.lt\/product\/papildymo-pakuote-bekvape-330g-11\/#primaryimage","url":"https:\/\/solove.lt\/wp-content\/uploads\/2025\/12\/powdered-candle-refill-kit-unscented-light-lilac-330g-ea6d580e-1.jpg","contentUrl":"https:\/\/solove.lt\/wp-content\/uploads\/2025\/12\/powdered-candle-refill-kit-unscented-light-lilac-330g-ea6d580e-1.jpg","width":1080,"height":1080,"caption":"papildymo-pakuote-bekvape-330g"},{"@type":"BreadcrumbList","@id":"https:\/\/solove.lt\/product\/papildymo-pakuote-bekvape-330g-11\/#breadcrumb","itemListElement":[{"@type":"ListItem","position":1,"name":"Home","item":"https:\/\/solove.lt\/"},{"@type":"ListItem","position":2,"name":"Parduotuv\u0117","item":"https:\/\/solove.lt\/shop\/"},{"@type":"ListItem","position":3,"name":"\u0160velni alyva &#8211; bekvapis \u017evaki\u0173 sm\u0117lis, 330g"}]},{"@type":"WebSite","@id":"https:\/\/solove.lt\/#website","url":"https:\/\/solove.lt\/","name":"Solove","description":"Nat\u016bral\u016bs nam\u0173 kvapai ir \u017evaki\u0173 sm\u0117lis","publisher":{"@id":"https:\/\/solove.lt\/#organization"},"potentialAction":[{"@type":"SearchAction","target":{"@type":"EntryPoint","urlTemplate":"https:\/\/solove.lt\/?s={search_term_string}"},"query-input":{"@type":"PropertyValueSpecification","valueRequired":true,"valueName":"search_term_string"}}],"inLanguage":"en-US"},{"@type":"Organization","@id":"https:\/\/solove.lt\/#organization","name":"Solove","url":"https:\/\/solove.lt\/","logo":{"@type":"ImageObject","inLanguage":"en-US","@id":"https:\/\/solove.lt\/#\/schema\/logo\/image\/","url":"https:\/\/solove.lt\/wp-content\/uploads\/2025\/11\/logo.svg","contentUrl":"https:\/\/solove.lt\/wp-content\/uploads\/2025\/11\/logo.svg","width":320,"height":280,"caption":"Solove"},"image":{"@id":"https:\/\/solove.lt\/#\/schema\/logo\/image\/"},"sameAs":["https:\/\/www.instagram.com\/solove.lt\/"]}]}},"_links":{"self":[{"href":"https:\/\/solove.lt\/en\/wp-json\/wp\/v2\/product\/3630","targetHints":{"allow":["GET"]}}],"collection":[{"href":"https:\/\/solove.lt\/en\/wp-json\/wp\/v2\/product"}],"about":[{"href":"https:\/\/solove.lt\/en\/wp-json\/wp\/v2\/types\/product"}],"replies":[{"embeddable":true,"href":"https:\/\/solove.lt\/en\/wp-json\/wp\/v2\/comments?post=3630"}],"wp:featuredmedia":[{"embeddable":true,"href":"https:\/\/solove.lt\/en\/wp-json\/wp\/v2\/media\/3635"}],"wp:attachment":[{"href":"https:\/\/solove.lt\/en\/wp-json\/wp\/v2\/media?parent=3630"}],"wp:term":[{"taxonomy":"product_brand","embeddable":true,"href":"https:\/\/solove.lt\/en\/wp-json\/wp\/v2\/product_brand?post=3630"},{"taxonomy":"product_cat","embeddable":true,"href":"https:\/\/solove.lt\/en\/wp-json\/wp\/v2\/product_cat?post=3630"},{"taxonomy":"product_tag","embeddable":true,"href":"https:\/\/solove.lt\/en\/wp-json\/wp\/v2\/product_tag?post=3630"}],"curies":[{"name":"wp","href":"https:\/\/api.w.org\/{rel}","templated":true}]}}