{"id":3603,"date":"2025-12-03T13:54:02","date_gmt":"2025-12-03T11:54:02","guid":{"rendered":"https:\/\/solove.lt\/product\/luxurious-room-diffuser-500ml-champagne-rhubarb\/"},"modified":"2026-01-15T14:57:47","modified_gmt":"2026-01-15T12:57:47","slug":"prabangus-namu-kvapas-500-ml","status":"publish","type":"product","link":"https:\/\/solove.lt\/en\/product\/prabangus-namu-kvapas-500-ml\/","title":{"rendered":"Rabarbar\u0173 \u0161ampanas &#8211; prabangus nam\u0173 kvapas, 500ml"},"content":{"rendered":"<p>Nesvarbu, ar norite sukurti raminan\u010di\u0105 atmosfer\u0105, \u012fkvepian\u010di\u0105 aplink\u0105, ar tiesiog suteikti gaivumo savo kambariui, \u201eBreeze\u201c kambario difuzorius yra patikimas j\u016bs\u0173 pasirinkimas. Universalus aromatas ir unikalus mi\u0161inys paver\u010dia bet kuri\u0105 erdv\u0119 ypatinga vieta, kurioje sve\u010diai gali m\u0117gautis \u0161velniu ir maloniu aromatu.<\/p>\n<p data-start=\"66\" data-end=\"317\"><strong data-start=\"66\" data-end=\"81\">Naudojimas:<\/strong><br data-start=\"81\" data-end=\"84\" \/>Nuimkite buteliuko dangtel\u012f ir \u012fstatykite lazdeles \u012f vid\u0173. Skystis bus absorbuojamas lazdeli\u0173, o kvapas prad\u0117s sklisti per <strong data-start=\"207\" data-end=\"221\">12 valand\u0173<\/strong>. Difuzori\u0173 statykite vietoje, kur yra oro jud\u0117jimas \u2014 taip kvapas pasklis geriau ir tolygiau.<\/p>\n<p data-start=\"319\" data-end=\"462\">Nor\u0117dami sustiprinti aromat\u0105, apverskite lazdeles <strong data-start=\"369\" data-end=\"395\">1\u20132 kartus per savait\u0119<\/strong>.<br data-start=\"396\" data-end=\"399\" \/>Kuo daugiau lazdeli\u0173 naudosite, tuo intensyvesnis bus kvapas:<\/p>\n<ul data-start=\"463\" data-end=\"538\">\n<li data-start=\"463\" data-end=\"513\">\n<p data-start=\"465\" data-end=\"513\">ma\u017eesn\u0117je patalpoje naudokite ma\u017eiau lazdeli\u0173,<\/p>\n<\/li>\n<li data-start=\"514\" data-end=\"538\">\n<p data-start=\"516\" data-end=\"538\">didesn\u0117je \u2014 daugiau.<\/p>\n<\/li>\n<\/ul>\n<p data-start=\"540\" data-end=\"623\">Kvapas i\u0161lieka <strong data-start=\"555\" data-end=\"576\">apie 8\u201310 m\u0117nesi\u0173<\/strong>, per t\u0105 laik\u0105 skystis palaipsniui i\u0161garuoja.<\/p>\n<p data-start=\"625\" data-end=\"743\">B\u016bkite atsarg\u016bs \u2014 skystis gali pa\u017eeisti tekstil\u0119, medien\u0105 ar plastik\u0105. Difuzori\u0173 statykite ant stabilaus pavir\u0161iaus.<\/p>\n<p data-start=\"745\" data-end=\"925\">Visada naudokite <strong data-start=\"762\" data-end=\"789\">visas prid\u0117tas lazdeles<\/strong> (jei kvapas per stiprus, galite suma\u017einti lazdeli\u0173 kiek\u012f).<br data-start=\"848\" data-end=\"851\" \/>Difuzorius komplektuojamas su <strong data-start=\"881\" data-end=\"924\">12 juod\u0173 40 cm ilgio pluo\u0161to lazdel\u0117mis<\/strong>.<\/p>\n<p>_____________________________________________________________________<\/p>\n<p data-start=\"68\" data-end=\"397\">Difuzori\u0173 rekomenduojama statyti\u00a0<strong data-start=\"101\" data-end=\"124\">\u017emogaus aki\u0173 lygyje<\/strong>. Vidutinio dyd\u017eio patalpose difuzori\u0173 geriausia pastatyti\u00a0<strong data-start=\"183\" data-end=\"202\">kambario centre<\/strong>, kad praeinant \u017emon\u0117ms oras jud\u0117t\u0173 ir kvapas nat\u016braliai sklist\u0173. Didesn\u0117se erdv\u0117se patartina naudoti\u00a0<strong data-start=\"304\" data-end=\"321\">du difuzorius<\/strong>, pastatytus prie\u0161ingose kambario pus\u0117se, kad kvapas pasiskirstyt\u0173 tolygiai.<\/p>\n<p data-start=\"399\" data-end=\"1036\">Prie\u0161 naudojim\u0105\u00a0<strong data-start=\"415\" data-end=\"434\">gerai suplakite<\/strong>, kad visi aliejai ir kvapiosios med\u017eiagos gerai susimai\u0161yt\u0173. Nuimkite apsaugin\u012f dangtel\u012f ir \u012fstatykite lazdeles \u012f buteliuk\u0105.<br data-start=\"559\" data-end=\"562\" \/>Jei per 24 valandas lazdel\u0117s nebus visi\u0161kai prisig\u0117rusios, apverskite jas kita puse. Difuzori\u0173 statykite vietoje, kur yra gera oro cirkuliacija \u2014 tai sustiprins kvapo sklaid\u0105 po patalp\u0105.<br data-start=\"748\" data-end=\"751\" \/>Nor\u0117dami intensyvesnio kvapo, apverskite lazdeles kas por\u0105 savai\u010di\u0173. Kuo daugiau lazdeli\u0173 naudosite, tuo stipresnis bus kvapas. Difuzoriaus veikimo laikas \u2014\u00a0<strong data-start=\"908\" data-end=\"926\">iki 10 m\u0117nesi\u0173<\/strong>.<br data-start=\"927\" data-end=\"930\" \/>Kai kvapas visi\u0161kai i\u0161garuoja,\u00a0<strong data-start=\"961\" data-end=\"985\">pasilikite buteliuk\u0105<\/strong>, nes j\u012f galima papildyti nauju papildymo rinkiniu.<\/p>\n<hr data-start=\"1038\" data-end=\"1041\" \/>\n<h3 data-start=\"1043\" data-end=\"1073\"><strong data-start=\"1047\" data-end=\"1071\">Atsargumo priemon\u0117s:<\/strong><\/h3>\n<p data-start=\"1074\" data-end=\"1249\">Skystis gali pa\u017eeisti tekstil\u0119, medinius ar plastikinius pavir\u0161ius. Buteliuk\u0105 statykite ant stabilaus pagrindo. Laikykite vaikams ir naminiams gyv\u016bnams nepasiekiamoje vietoje.<\/p>\n<p data-start=\"1251\" data-end=\"1551\"><img decoding=\"async\" class=\"emoji\" role=\"img\" draggable=\"false\" src=\"https:\/\/s.w.org\/images\/core\/emoji\/17.0.2\/svg\/26a0.svg\" alt=\"\u26a0\" \/>\u00a0<strong data-start=\"1253\" data-end=\"1356\">Gali sukelti alergin\u0119 odos reakcij\u0105. Pavojinga vandens organizmams, gali sukelti ilgalaik\u012f poveik\u012f.<\/strong><br data-start=\"1356\" data-end=\"1359\" \/>Jeigu reikalinga medicinin\u0117 pagalba, tur\u0117kite produkto pakuot\u0119 ar etiket\u0119. Laikykite vaikams ir gyv\u016bnams nepasiekiamoje vietoje.<br data-start=\"1487\" data-end=\"1490\" \/>Venkite tiesiogiai \u012fkv\u0117pti gar\u0173. Venkite i\u0161pilti \u012f aplink\u0105.<\/p>\n<p data-start=\"1553\" data-end=\"1682\"><strong data-start=\"1553\" data-end=\"1577\">JEI PATEKO ANT ODOS:<\/strong>\u00a0nuplaukite dideliu kiekiu vandens ir muilo. Jei atsiranda sudirgimas ar b\u0117rimas \u2014 kreipkit\u0117s \u012f gydytoj\u0105.<\/p>\n<p>&nbsp;<\/p>","protected":false},"excerpt":{"rendered":"<p>Romanti\u0161kas ir prabangus klasikinis aromatas\u00a0<strong data-start=\"371\" data-end=\"394\">Champagne &amp; Rhubarb<\/strong>\u00a0\u2013 tai kvapas, kupinas emocij\u0173 ir ypating\u0173 patir\u010di\u0173. \u0160ioje \u017evak\u0117je ry\u0161kiai jau\u010diasi gausus pavasarinio rabarbaro aromatas. Neabejotinai vienas klient\u0173 favorit\u0173.<\/p>\n<p>Vir\u0161utin\u0117s natos: rabarbarai, \u0161ampanas<br \/>\n\u0160irdies natos: persikas, kriau\u0161\u0117<br \/>\nBazin\u0117s natos: gervuog\u0117, slyva<\/p>\n<p>&nbsp;<\/p>","protected":false},"featured_media":3693,"comment_status":"open","ping_status":"closed","template":"","meta":[],"product_brand":[],"product_cat":[63,37],"product_tag":[],"class_list":{"0":"post-3603","1":"product","2":"type-product","3":"status-publish","4":"has-post-thumbnail","6":"product_cat-namu-kvapai-namu-kvapai","7":"product_cat-namu-kvapai-ir-difuzoriai","9":"first","10":"instock","11":"shipping-taxable","12":"purchasable","13":"product-type-simple"},"yoast_head":"<!-- This site is optimized with the Yoast SEO plugin v27.4 - https:\/\/yoast.com\/product\/yoast-seo-wordpress\/ -->\n<title>Rabarbar\u0173 \u0161ampanas - prabangus nam\u0173 kvapas, 500ml - Solove<\/title>\n<meta name=\"description\" content=\"Aromatas atsiskleid\u017eia sodriuis juodosios slyvos, prinokusios kriau\u0161\u0117s ir pavasarinio rabarbar\u0173 niuansais, sukurdamas kvap\u0173 patirt\u012f.\" \/>\n<meta name=\"robots\" content=\"index, follow, max-snippet:-1, max-image-preview:large, max-video-preview:-1\" \/>\n<link rel=\"canonical\" href=\"https:\/\/solove.lt\/en\/product\/prabangus-namu-kvapas-500-ml\/\" \/>\n<meta property=\"og:locale\" content=\"en_US\" \/>\n<meta property=\"og:type\" content=\"article\" \/>\n<meta property=\"og:title\" content=\"Rabarbar\u0173 \u0161ampanas - prabangus nam\u0173 kvapas, 500ml - Solove\" \/>\n<meta property=\"og:description\" content=\"Aromatas atsiskleid\u017eia sodriuis juodosios slyvos, prinokusios kriau\u0161\u0117s ir pavasarinio rabarbar\u0173 niuansais, sukurdamas kvap\u0173 patirt\u012f.\" \/>\n<meta property=\"og:url\" content=\"https:\/\/solove.lt\/en\/product\/prabangus-namu-kvapas-500-ml\/\" \/>\n<meta property=\"og:site_name\" content=\"Solove\" \/>\n<meta property=\"article:modified_time\" content=\"2026-01-15T12:57:47+00:00\" \/>\n<meta property=\"og:image\" content=\"https:\/\/solove.lt\/wp-content\/uploads\/2025\/12\/6-1-14.jpg\" \/>\n\t<meta property=\"og:image:width\" content=\"1181\" \/>\n\t<meta property=\"og:image:height\" content=\"1417\" \/>\n\t<meta property=\"og:image:type\" content=\"image\/jpeg\" \/>\n<meta name=\"twitter:card\" content=\"summary_large_image\" \/>\n<meta name=\"twitter:label1\" content=\"Est. reading time\" \/>\n\t<meta name=\"twitter:data1\" content=\"3 minutes\" \/>\n<script type=\"application\/ld+json\" class=\"yoast-schema-graph\">{\"@context\":\"https:\\\/\\\/schema.org\",\"@graph\":[{\"@type\":\"WebPage\",\"@id\":\"https:\\\/\\\/solove.lt\\\/product\\\/prabangus-namu-kvapas-500-ml\\\/\",\"url\":\"https:\\\/\\\/solove.lt\\\/product\\\/prabangus-namu-kvapas-500-ml\\\/\",\"name\":\"Rabarbar\u0173 \u0161ampanas - prabangus nam\u0173 kvapas, 500ml - Solove\",\"isPartOf\":{\"@id\":\"https:\\\/\\\/solove.lt\\\/#website\"},\"primaryImageOfPage\":{\"@id\":\"https:\\\/\\\/solove.lt\\\/product\\\/prabangus-namu-kvapas-500-ml\\\/#primaryimage\"},\"image\":{\"@id\":\"https:\\\/\\\/solove.lt\\\/product\\\/prabangus-namu-kvapas-500-ml\\\/#primaryimage\"},\"thumbnailUrl\":\"https:\\\/\\\/solove.lt\\\/wp-content\\\/uploads\\\/2025\\\/12\\\/6-1-14.jpg\",\"datePublished\":\"2025-12-03T11:54:02+00:00\",\"dateModified\":\"2026-01-15T12:57:47+00:00\",\"description\":\"Aromatas atsiskleid\u017eia sodriuis juodosios slyvos, prinokusios kriau\u0161\u0117s ir pavasarinio rabarbar\u0173 niuansais, sukurdamas kvap\u0173 patirt\u012f.\",\"breadcrumb\":{\"@id\":\"https:\\\/\\\/solove.lt\\\/product\\\/prabangus-namu-kvapas-500-ml\\\/#breadcrumb\"},\"inLanguage\":\"en-US\",\"potentialAction\":[{\"@type\":\"ReadAction\",\"target\":[\"https:\\\/\\\/solove.lt\\\/product\\\/prabangus-namu-kvapas-500-ml\\\/\"]}]},{\"@type\":\"ImageObject\",\"inLanguage\":\"en-US\",\"@id\":\"https:\\\/\\\/solove.lt\\\/product\\\/prabangus-namu-kvapas-500-ml\\\/#primaryimage\",\"url\":\"https:\\\/\\\/solove.lt\\\/wp-content\\\/uploads\\\/2025\\\/12\\\/6-1-14.jpg\",\"contentUrl\":\"https:\\\/\\\/solove.lt\\\/wp-content\\\/uploads\\\/2025\\\/12\\\/6-1-14.jpg\",\"width\":1181,\"height\":1417,\"caption\":\"prabangus nam\u0173 kvapas 500 ml\"},{\"@type\":\"BreadcrumbList\",\"@id\":\"https:\\\/\\\/solove.lt\\\/product\\\/prabangus-namu-kvapas-500-ml\\\/#breadcrumb\",\"itemListElement\":[{\"@type\":\"ListItem\",\"position\":1,\"name\":\"Home\",\"item\":\"https:\\\/\\\/solove.lt\\\/\"},{\"@type\":\"ListItem\",\"position\":2,\"name\":\"Parduotuv\u0117\",\"item\":\"https:\\\/\\\/solove.lt\\\/shop\\\/\"},{\"@type\":\"ListItem\",\"position\":3,\"name\":\"Rabarbar\u0173 \u0161ampanas &#8211; prabangus nam\u0173 kvapas, 500ml\"}]},{\"@type\":\"WebSite\",\"@id\":\"https:\\\/\\\/solove.lt\\\/#website\",\"url\":\"https:\\\/\\\/solove.lt\\\/\",\"name\":\"Solove\",\"description\":\"Nat\u016bral\u016bs nam\u0173 kvapai ir \u017evaki\u0173 sm\u0117lis\",\"publisher\":{\"@id\":\"https:\\\/\\\/solove.lt\\\/#organization\"},\"potentialAction\":[{\"@type\":\"SearchAction\",\"target\":{\"@type\":\"EntryPoint\",\"urlTemplate\":\"https:\\\/\\\/solove.lt\\\/?s={search_term_string}\"},\"query-input\":{\"@type\":\"PropertyValueSpecification\",\"valueRequired\":true,\"valueName\":\"search_term_string\"}}],\"inLanguage\":\"en-US\"},{\"@type\":\"Organization\",\"@id\":\"https:\\\/\\\/solove.lt\\\/#organization\",\"name\":\"Solove\",\"url\":\"https:\\\/\\\/solove.lt\\\/\",\"logo\":{\"@type\":\"ImageObject\",\"inLanguage\":\"en-US\",\"@id\":\"https:\\\/\\\/solove.lt\\\/#\\\/schema\\\/logo\\\/image\\\/\",\"url\":\"https:\\\/\\\/solove.lt\\\/wp-content\\\/uploads\\\/2025\\\/11\\\/logo.svg\",\"contentUrl\":\"https:\\\/\\\/solove.lt\\\/wp-content\\\/uploads\\\/2025\\\/11\\\/logo.svg\",\"width\":320,\"height\":280,\"caption\":\"Solove\"},\"image\":{\"@id\":\"https:\\\/\\\/solove.lt\\\/#\\\/schema\\\/logo\\\/image\\\/\"},\"sameAs\":[\"https:\\\/\\\/www.instagram.com\\\/solove.lt\\\/\"]}]}<\/script>\n<!-- \/ Yoast SEO plugin. -->","yoast_head_json":{"title":"Rabarbar\u0173 \u0161ampanas - prabangus nam\u0173 kvapas, 500ml - Solove","description":"Aromatas atsiskleid\u017eia sodriuis juodosios slyvos, prinokusios kriau\u0161\u0117s ir pavasarinio rabarbar\u0173 niuansais, sukurdamas kvap\u0173 patirt\u012f.","robots":{"index":"index","follow":"follow","max-snippet":"max-snippet:-1","max-image-preview":"max-image-preview:large","max-video-preview":"max-video-preview:-1"},"canonical":"https:\/\/solove.lt\/en\/product\/prabangus-namu-kvapas-500-ml\/","og_locale":"en_US","og_type":"article","og_title":"Rabarbar\u0173 \u0161ampanas - prabangus nam\u0173 kvapas, 500ml - Solove","og_description":"Aromatas atsiskleid\u017eia sodriuis juodosios slyvos, prinokusios kriau\u0161\u0117s ir pavasarinio rabarbar\u0173 niuansais, sukurdamas kvap\u0173 patirt\u012f.","og_url":"https:\/\/solove.lt\/en\/product\/prabangus-namu-kvapas-500-ml\/","og_site_name":"Solove","article_modified_time":"2026-01-15T12:57:47+00:00","og_image":[{"width":1181,"height":1417,"url":"https:\/\/solove.lt\/wp-content\/uploads\/2025\/12\/6-1-14.jpg","type":"image\/jpeg"}],"twitter_card":"summary_large_image","twitter_misc":{"Est. reading time":"3 minutes"},"schema":{"@context":"https:\/\/schema.org","@graph":[{"@type":"WebPage","@id":"https:\/\/solove.lt\/product\/prabangus-namu-kvapas-500-ml\/","url":"https:\/\/solove.lt\/product\/prabangus-namu-kvapas-500-ml\/","name":"Rabarbar\u0173 \u0161ampanas - prabangus nam\u0173 kvapas, 500ml - Solove","isPartOf":{"@id":"https:\/\/solove.lt\/#website"},"primaryImageOfPage":{"@id":"https:\/\/solove.lt\/product\/prabangus-namu-kvapas-500-ml\/#primaryimage"},"image":{"@id":"https:\/\/solove.lt\/product\/prabangus-namu-kvapas-500-ml\/#primaryimage"},"thumbnailUrl":"https:\/\/solove.lt\/wp-content\/uploads\/2025\/12\/6-1-14.jpg","datePublished":"2025-12-03T11:54:02+00:00","dateModified":"2026-01-15T12:57:47+00:00","description":"Aromatas atsiskleid\u017eia sodriuis juodosios slyvos, prinokusios kriau\u0161\u0117s ir pavasarinio rabarbar\u0173 niuansais, sukurdamas kvap\u0173 patirt\u012f.","breadcrumb":{"@id":"https:\/\/solove.lt\/product\/prabangus-namu-kvapas-500-ml\/#breadcrumb"},"inLanguage":"en-US","potentialAction":[{"@type":"ReadAction","target":["https:\/\/solove.lt\/product\/prabangus-namu-kvapas-500-ml\/"]}]},{"@type":"ImageObject","inLanguage":"en-US","@id":"https:\/\/solove.lt\/product\/prabangus-namu-kvapas-500-ml\/#primaryimage","url":"https:\/\/solove.lt\/wp-content\/uploads\/2025\/12\/6-1-14.jpg","contentUrl":"https:\/\/solove.lt\/wp-content\/uploads\/2025\/12\/6-1-14.jpg","width":1181,"height":1417,"caption":"prabangus nam\u0173 kvapas 500 ml"},{"@type":"BreadcrumbList","@id":"https:\/\/solove.lt\/product\/prabangus-namu-kvapas-500-ml\/#breadcrumb","itemListElement":[{"@type":"ListItem","position":1,"name":"Home","item":"https:\/\/solove.lt\/"},{"@type":"ListItem","position":2,"name":"Parduotuv\u0117","item":"https:\/\/solove.lt\/shop\/"},{"@type":"ListItem","position":3,"name":"Rabarbar\u0173 \u0161ampanas &#8211; prabangus nam\u0173 kvapas, 500ml"}]},{"@type":"WebSite","@id":"https:\/\/solove.lt\/#website","url":"https:\/\/solove.lt\/","name":"Solove","description":"Nat\u016bral\u016bs nam\u0173 kvapai ir \u017evaki\u0173 sm\u0117lis","publisher":{"@id":"https:\/\/solove.lt\/#organization"},"potentialAction":[{"@type":"SearchAction","target":{"@type":"EntryPoint","urlTemplate":"https:\/\/solove.lt\/?s={search_term_string}"},"query-input":{"@type":"PropertyValueSpecification","valueRequired":true,"valueName":"search_term_string"}}],"inLanguage":"en-US"},{"@type":"Organization","@id":"https:\/\/solove.lt\/#organization","name":"Solove","url":"https:\/\/solove.lt\/","logo":{"@type":"ImageObject","inLanguage":"en-US","@id":"https:\/\/solove.lt\/#\/schema\/logo\/image\/","url":"https:\/\/solove.lt\/wp-content\/uploads\/2025\/11\/logo.svg","contentUrl":"https:\/\/solove.lt\/wp-content\/uploads\/2025\/11\/logo.svg","width":320,"height":280,"caption":"Solove"},"image":{"@id":"https:\/\/solove.lt\/#\/schema\/logo\/image\/"},"sameAs":["https:\/\/www.instagram.com\/solove.lt\/"]}]}},"_links":{"self":[{"href":"https:\/\/solove.lt\/en\/wp-json\/wp\/v2\/product\/3603","targetHints":{"allow":["GET"]}}],"collection":[{"href":"https:\/\/solove.lt\/en\/wp-json\/wp\/v2\/product"}],"about":[{"href":"https:\/\/solove.lt\/en\/wp-json\/wp\/v2\/types\/product"}],"replies":[{"embeddable":true,"href":"https:\/\/solove.lt\/en\/wp-json\/wp\/v2\/comments?post=3603"}],"wp:featuredmedia":[{"embeddable":true,"href":"https:\/\/solove.lt\/en\/wp-json\/wp\/v2\/media\/3693"}],"wp:attachment":[{"href":"https:\/\/solove.lt\/en\/wp-json\/wp\/v2\/media?parent=3603"}],"wp:term":[{"taxonomy":"product_brand","embeddable":true,"href":"https:\/\/solove.lt\/en\/wp-json\/wp\/v2\/product_brand?post=3603"},{"taxonomy":"product_cat","embeddable":true,"href":"https:\/\/solove.lt\/en\/wp-json\/wp\/v2\/product_cat?post=3603"},{"taxonomy":"product_tag","embeddable":true,"href":"https:\/\/solove.lt\/en\/wp-json\/wp\/v2\/product_tag?post=3603"}],"curies":[{"name":"wp","href":"https:\/\/api.w.org\/{rel}","templated":true}]}}