{"id":3581,"date":"2025-12-03T13:53:07","date_gmt":"2025-12-03T11:53:07","guid":{"rendered":"https:\/\/solove.lt\/product\/powdered-candle-in-glass-diamond-dust-160g\/"},"modified":"2026-01-12T19:57:40","modified_gmt":"2026-01-12T17:57:40","slug":"stikline-kvapni-zvake","status":"publish","type":"product","link":"https:\/\/solove.lt\/en\/product\/stikline-kvapni-zvake\/","title":{"rendered":"Deimanto dulk\u0117s &#8211; kvapni \u017evak\u0117, 160g"},"content":{"rendered":"<h3>Stiklin\u0117 kvapni \u017evak\u0117 \u2013 puikus pasirinkimas ie\u0161kantiems jaukumo, nat\u016bralios \u0161viesos ir subtilaus aromato.<\/h3>\n<h3><strong>Candlelust \u017evak\u0117s sukurtos suteikti elegancijos ir nuostab\u0173 aromat\u0105.<\/strong><br data-start=\"127\" data-end=\"130\" \/>J\u0173 dizainas yra minimalistinis, ta\u010diau kartu ir eleganti\u0161kas, tod\u0117l nat\u016braliai \u012fsilieja \u012f bet kuriuos namus ir bet kok\u012f interjero stili\u0173.<br data-start=\"267\" data-end=\"270\" \/><strong data-start=\"270\" data-end=\"288\">The Candledust<\/strong> \u017evak\u0117s supilstytos \u012f skaidr\u0173 stiklin\u012f ind\u0105, o vir\u0161us u\u017edengtas prabangiu <strong data-start=\"362\" data-end=\"407\" data-is-only-node=\"\">ro\u017einio aukso spalvos metaliniu dangteliu<\/strong>!<\/h3>\n<p><strong>Kaip gaminamos m\u016bs\u0173 \u017evak\u0117s?<\/strong><\/p>\n<p data-start=\"100\" data-end=\"577\">Visi <strong data-start=\"105\" data-end=\"123\">The Candledust<\/strong> produktai gaminami rankomis, naudojant auk\u0161tos kokyb\u0117s augalin\u012f va\u0161k\u0105 ir tik premium klas\u0117s (IFRA sertifikuotus) kvap\u0173 aliejus. <strong data-start=\"252\" data-end=\"270\">The Candledust<\/strong> \u017evaki\u0173 dagtis yra medvilnin\u0117, tod\u0117l degimas yra \u0161varus, be toksin\u0173 ir be alergen\u0173.<br data-start=\"353\" data-end=\"356\" \/>\u017dvak\u0117 ner\u016bksta, jei dagtis n\u0117ra per ilgas ir tinkamai juo r\u016bpinamasi \u2013 ji dega <strong data-start=\"433\" data-end=\"453\">iki 60 % \u0161variau<\/strong> nei \u012fprastos parafino \u017evak\u0117s. Taip, jos tikrai tokios geros!<br data-start=\"514\" data-end=\"517\" \/>Produktai yra <strong data-start=\"531\" data-end=\"544\">vegani\u0161ki<\/strong> ir <strong data-start=\"548\" data-end=\"576\">netestuojami su gyv\u016bnais<\/strong>.<\/p>\n<h3 data-start=\"584\" data-end=\"609\"><strong data-start=\"588\" data-end=\"609\">Rinkinio sud\u0117tis:<\/strong><\/h3>\n<ul>\n<li data-start=\"613\" data-end=\"679\"><strong data-start=\"613\" data-end=\"677\">1 x 160 g paruo\u0161ta naudoti \u017evak\u0117 stikliniame inde su perlais<\/strong><\/li>\n<li data-start=\"682\" data-end=\"709\"><strong data-start=\"682\" data-end=\"707\">Metalinis dangtelis<\/strong><\/li>\n<li data-start=\"712\" data-end=\"755\"><strong data-start=\"712\" data-end=\"753\">Kristalizuoto augalinio va\u0161ko mi\u0161inys<\/strong><\/li>\n<li data-start=\"758\" data-end=\"787\"><strong data-start=\"758\" data-end=\"785\">Degimo laikas \u2013 30 val.<\/strong><\/li>\n<\/ul>\n<p><strong data-start=\"790\" data-end=\"814\">Rank\u0173 darbo<\/strong><\/p>\n<p>&nbsp;<\/p>","protected":false},"excerpt":{"rendered":"<p>\u201eDiamond Dust\u201c \u2013 tai a\u0161trus prabangos dvelksmas su blizgan\u010diu poskoniu. \u201eDiamond Dust\u201c \u2013 tai nesenstantis paradoksas. \u0160is kvapas gra\u017eiai sujungia a\u0161trius rytieti\u0161kus ir aromatingus medienos kvapus su eleganti\u0161ku ir spindin\u010diu poj\u016b\u010diu.<\/p>\n<p>Vir\u0161utin\u0117s natos: bergamot\u0117, apelsinas, muskato rie\u0161utas, pipirai.<br \/>\n\u0160irdies natos: gvazdik\u0117liai, levandos, pa\u010diuliai, gintaras.<br \/>\nBazin\u0117s natos: vetiverijos, santalas, kedras, samanos, tonka.<\/p>\n<p>Tai paruo\u0161ta naudoti \u017evak\u0117; tereikia j\u0105 u\u017edegti!<\/p>","protected":false},"featured_media":3598,"comment_status":"open","ping_status":"closed","template":"","meta":[],"product_brand":[],"product_cat":[69,21],"product_tag":[],"class_list":{"0":"post-3581","1":"product","2":"type-product","3":"status-publish","4":"has-post-thumbnail","6":"product_cat-stikline-kvapni-zvake","7":"product_cat-zvakiu-smelis-ir-zvakes","9":"first","10":"instock","11":"shipping-taxable","12":"purchasable","13":"product-type-simple"},"yoast_head":"<!-- This site is optimized with the Yoast SEO plugin v27.4 - https:\/\/yoast.com\/product\/yoast-seo-wordpress\/ -->\n<title>Deimanto dulk\u0117s - kvapni \u017evak\u0117, 160g - Solove<\/title>\n<meta name=\"description\" content=\"Stiklin\u0117 kvapni \u017evak\u0117 160 g \u2013 jauki liepsna ir ilgai i\u0161liekantis aromatas. Rinkit\u0117s savo m\u0117gstam\u0105 kvap\u0105 ir kurkite \u0161ilt\u0105 nam\u0173 atmosfer\u0105 su soLove.\" \/>\n<meta name=\"robots\" content=\"index, follow, max-snippet:-1, max-image-preview:large, max-video-preview:-1\" \/>\n<link rel=\"canonical\" href=\"https:\/\/solove.lt\/en\/product\/stikline-kvapni-zvake\/\" \/>\n<meta property=\"og:locale\" content=\"en_US\" \/>\n<meta property=\"og:type\" content=\"article\" \/>\n<meta property=\"og:title\" content=\"Deimanto dulk\u0117s - kvapni \u017evak\u0117, 160g - Solove\" \/>\n<meta property=\"og:description\" content=\"Stiklin\u0117 kvapni \u017evak\u0117 160 g \u2013 jauki liepsna ir ilgai i\u0161liekantis aromatas. Rinkit\u0117s savo m\u0117gstam\u0105 kvap\u0105 ir kurkite \u0161ilt\u0105 nam\u0173 atmosfer\u0105 su soLove.\" \/>\n<meta property=\"og:url\" content=\"https:\/\/solove.lt\/en\/product\/stikline-kvapni-zvake\/\" \/>\n<meta property=\"og:site_name\" content=\"Solove\" \/>\n<meta property=\"article:modified_time\" content=\"2026-01-12T17:57:40+00:00\" \/>\n<meta property=\"og:image\" content=\"https:\/\/solove.lt\/wp-content\/uploads\/2025\/12\/Diamond-dust.png\" \/>\n\t<meta property=\"og:image:width\" content=\"800\" \/>\n\t<meta property=\"og:image:height\" content=\"800\" \/>\n\t<meta property=\"og:image:type\" content=\"image\/png\" \/>\n<meta name=\"twitter:card\" content=\"summary_large_image\" \/>\n<meta name=\"twitter:label1\" content=\"Est. reading time\" \/>\n\t<meta name=\"twitter:data1\" content=\"1 minute\" \/>\n<script type=\"application\/ld+json\" class=\"yoast-schema-graph\">{\"@context\":\"https:\\\/\\\/schema.org\",\"@graph\":[{\"@type\":\"WebPage\",\"@id\":\"https:\\\/\\\/solove.lt\\\/product\\\/stikline-kvapni-zvake\\\/\",\"url\":\"https:\\\/\\\/solove.lt\\\/product\\\/stikline-kvapni-zvake\\\/\",\"name\":\"Deimanto dulk\u0117s - kvapni \u017evak\u0117, 160g - Solove\",\"isPartOf\":{\"@id\":\"https:\\\/\\\/solove.lt\\\/#website\"},\"primaryImageOfPage\":{\"@id\":\"https:\\\/\\\/solove.lt\\\/product\\\/stikline-kvapni-zvake\\\/#primaryimage\"},\"image\":{\"@id\":\"https:\\\/\\\/solove.lt\\\/product\\\/stikline-kvapni-zvake\\\/#primaryimage\"},\"thumbnailUrl\":\"https:\\\/\\\/solove.lt\\\/wp-content\\\/uploads\\\/2025\\\/12\\\/Diamond-dust.png\",\"datePublished\":\"2025-12-03T11:53:07+00:00\",\"dateModified\":\"2026-01-12T17:57:40+00:00\",\"description\":\"Stiklin\u0117 kvapni \u017evak\u0117 160 g \u2013 jauki liepsna ir ilgai i\u0161liekantis aromatas. Rinkit\u0117s savo m\u0117gstam\u0105 kvap\u0105 ir kurkite \u0161ilt\u0105 nam\u0173 atmosfer\u0105 su soLove.\",\"breadcrumb\":{\"@id\":\"https:\\\/\\\/solove.lt\\\/product\\\/stikline-kvapni-zvake\\\/#breadcrumb\"},\"inLanguage\":\"en-US\",\"potentialAction\":[{\"@type\":\"ReadAction\",\"target\":[\"https:\\\/\\\/solove.lt\\\/product\\\/stikline-kvapni-zvake\\\/\"]}]},{\"@type\":\"ImageObject\",\"inLanguage\":\"en-US\",\"@id\":\"https:\\\/\\\/solove.lt\\\/product\\\/stikline-kvapni-zvake\\\/#primaryimage\",\"url\":\"https:\\\/\\\/solove.lt\\\/wp-content\\\/uploads\\\/2025\\\/12\\\/Diamond-dust.png\",\"contentUrl\":\"https:\\\/\\\/solove.lt\\\/wp-content\\\/uploads\\\/2025\\\/12\\\/Diamond-dust.png\",\"width\":800,\"height\":800,\"caption\":\"Stiklin\u0117 kvapni \u017evak\u0117 160 g su soLove sm\u0117liu ir jaukia liepsna\"},{\"@type\":\"BreadcrumbList\",\"@id\":\"https:\\\/\\\/solove.lt\\\/product\\\/stikline-kvapni-zvake\\\/#breadcrumb\",\"itemListElement\":[{\"@type\":\"ListItem\",\"position\":1,\"name\":\"Home\",\"item\":\"https:\\\/\\\/solove.lt\\\/\"},{\"@type\":\"ListItem\",\"position\":2,\"name\":\"Parduotuv\u0117\",\"item\":\"https:\\\/\\\/solove.lt\\\/shop\\\/\"},{\"@type\":\"ListItem\",\"position\":3,\"name\":\"Deimanto dulk\u0117s &#8211; kvapni \u017evak\u0117, 160g\"}]},{\"@type\":\"WebSite\",\"@id\":\"https:\\\/\\\/solove.lt\\\/#website\",\"url\":\"https:\\\/\\\/solove.lt\\\/\",\"name\":\"Solove\",\"description\":\"Nat\u016bral\u016bs nam\u0173 kvapai ir \u017evaki\u0173 sm\u0117lis\",\"publisher\":{\"@id\":\"https:\\\/\\\/solove.lt\\\/#organization\"},\"potentialAction\":[{\"@type\":\"SearchAction\",\"target\":{\"@type\":\"EntryPoint\",\"urlTemplate\":\"https:\\\/\\\/solove.lt\\\/?s={search_term_string}\"},\"query-input\":{\"@type\":\"PropertyValueSpecification\",\"valueRequired\":true,\"valueName\":\"search_term_string\"}}],\"inLanguage\":\"en-US\"},{\"@type\":\"Organization\",\"@id\":\"https:\\\/\\\/solove.lt\\\/#organization\",\"name\":\"Solove\",\"url\":\"https:\\\/\\\/solove.lt\\\/\",\"logo\":{\"@type\":\"ImageObject\",\"inLanguage\":\"en-US\",\"@id\":\"https:\\\/\\\/solove.lt\\\/#\\\/schema\\\/logo\\\/image\\\/\",\"url\":\"https:\\\/\\\/solove.lt\\\/wp-content\\\/uploads\\\/2025\\\/11\\\/logo.svg\",\"contentUrl\":\"https:\\\/\\\/solove.lt\\\/wp-content\\\/uploads\\\/2025\\\/11\\\/logo.svg\",\"width\":320,\"height\":280,\"caption\":\"Solove\"},\"image\":{\"@id\":\"https:\\\/\\\/solove.lt\\\/#\\\/schema\\\/logo\\\/image\\\/\"},\"sameAs\":[\"https:\\\/\\\/www.instagram.com\\\/solove.lt\\\/\"]}]}<\/script>\n<!-- \/ Yoast SEO plugin. -->","yoast_head_json":{"title":"Deimanto dulk\u0117s - kvapni \u017evak\u0117, 160g - Solove","description":"Stiklin\u0117 kvapni \u017evak\u0117 160 g \u2013 jauki liepsna ir ilgai i\u0161liekantis aromatas. Rinkit\u0117s savo m\u0117gstam\u0105 kvap\u0105 ir kurkite \u0161ilt\u0105 nam\u0173 atmosfer\u0105 su soLove.","robots":{"index":"index","follow":"follow","max-snippet":"max-snippet:-1","max-image-preview":"max-image-preview:large","max-video-preview":"max-video-preview:-1"},"canonical":"https:\/\/solove.lt\/en\/product\/stikline-kvapni-zvake\/","og_locale":"en_US","og_type":"article","og_title":"Deimanto dulk\u0117s - kvapni \u017evak\u0117, 160g - Solove","og_description":"Stiklin\u0117 kvapni \u017evak\u0117 160 g \u2013 jauki liepsna ir ilgai i\u0161liekantis aromatas. Rinkit\u0117s savo m\u0117gstam\u0105 kvap\u0105 ir kurkite \u0161ilt\u0105 nam\u0173 atmosfer\u0105 su soLove.","og_url":"https:\/\/solove.lt\/en\/product\/stikline-kvapni-zvake\/","og_site_name":"Solove","article_modified_time":"2026-01-12T17:57:40+00:00","og_image":[{"width":800,"height":800,"url":"https:\/\/solove.lt\/wp-content\/uploads\/2025\/12\/Diamond-dust.png","type":"image\/png"}],"twitter_card":"summary_large_image","twitter_misc":{"Est. reading time":"1 minute"},"schema":{"@context":"https:\/\/schema.org","@graph":[{"@type":"WebPage","@id":"https:\/\/solove.lt\/product\/stikline-kvapni-zvake\/","url":"https:\/\/solove.lt\/product\/stikline-kvapni-zvake\/","name":"Deimanto dulk\u0117s - kvapni \u017evak\u0117, 160g - Solove","isPartOf":{"@id":"https:\/\/solove.lt\/#website"},"primaryImageOfPage":{"@id":"https:\/\/solove.lt\/product\/stikline-kvapni-zvake\/#primaryimage"},"image":{"@id":"https:\/\/solove.lt\/product\/stikline-kvapni-zvake\/#primaryimage"},"thumbnailUrl":"https:\/\/solove.lt\/wp-content\/uploads\/2025\/12\/Diamond-dust.png","datePublished":"2025-12-03T11:53:07+00:00","dateModified":"2026-01-12T17:57:40+00:00","description":"Stiklin\u0117 kvapni \u017evak\u0117 160 g \u2013 jauki liepsna ir ilgai i\u0161liekantis aromatas. Rinkit\u0117s savo m\u0117gstam\u0105 kvap\u0105 ir kurkite \u0161ilt\u0105 nam\u0173 atmosfer\u0105 su soLove.","breadcrumb":{"@id":"https:\/\/solove.lt\/product\/stikline-kvapni-zvake\/#breadcrumb"},"inLanguage":"en-US","potentialAction":[{"@type":"ReadAction","target":["https:\/\/solove.lt\/product\/stikline-kvapni-zvake\/"]}]},{"@type":"ImageObject","inLanguage":"en-US","@id":"https:\/\/solove.lt\/product\/stikline-kvapni-zvake\/#primaryimage","url":"https:\/\/solove.lt\/wp-content\/uploads\/2025\/12\/Diamond-dust.png","contentUrl":"https:\/\/solove.lt\/wp-content\/uploads\/2025\/12\/Diamond-dust.png","width":800,"height":800,"caption":"Stiklin\u0117 kvapni \u017evak\u0117 160 g su soLove sm\u0117liu ir jaukia liepsna"},{"@type":"BreadcrumbList","@id":"https:\/\/solove.lt\/product\/stikline-kvapni-zvake\/#breadcrumb","itemListElement":[{"@type":"ListItem","position":1,"name":"Home","item":"https:\/\/solove.lt\/"},{"@type":"ListItem","position":2,"name":"Parduotuv\u0117","item":"https:\/\/solove.lt\/shop\/"},{"@type":"ListItem","position":3,"name":"Deimanto dulk\u0117s &#8211; kvapni \u017evak\u0117, 160g"}]},{"@type":"WebSite","@id":"https:\/\/solove.lt\/#website","url":"https:\/\/solove.lt\/","name":"Solove","description":"Nat\u016bral\u016bs nam\u0173 kvapai ir \u017evaki\u0173 sm\u0117lis","publisher":{"@id":"https:\/\/solove.lt\/#organization"},"potentialAction":[{"@type":"SearchAction","target":{"@type":"EntryPoint","urlTemplate":"https:\/\/solove.lt\/?s={search_term_string}"},"query-input":{"@type":"PropertyValueSpecification","valueRequired":true,"valueName":"search_term_string"}}],"inLanguage":"en-US"},{"@type":"Organization","@id":"https:\/\/solove.lt\/#organization","name":"Solove","url":"https:\/\/solove.lt\/","logo":{"@type":"ImageObject","inLanguage":"en-US","@id":"https:\/\/solove.lt\/#\/schema\/logo\/image\/","url":"https:\/\/solove.lt\/wp-content\/uploads\/2025\/11\/logo.svg","contentUrl":"https:\/\/solove.lt\/wp-content\/uploads\/2025\/11\/logo.svg","width":320,"height":280,"caption":"Solove"},"image":{"@id":"https:\/\/solove.lt\/#\/schema\/logo\/image\/"},"sameAs":["https:\/\/www.instagram.com\/solove.lt\/"]}]}},"_links":{"self":[{"href":"https:\/\/solove.lt\/en\/wp-json\/wp\/v2\/product\/3581","targetHints":{"allow":["GET"]}}],"collection":[{"href":"https:\/\/solove.lt\/en\/wp-json\/wp\/v2\/product"}],"about":[{"href":"https:\/\/solove.lt\/en\/wp-json\/wp\/v2\/types\/product"}],"replies":[{"embeddable":true,"href":"https:\/\/solove.lt\/en\/wp-json\/wp\/v2\/comments?post=3581"}],"wp:featuredmedia":[{"embeddable":true,"href":"https:\/\/solove.lt\/en\/wp-json\/wp\/v2\/media\/3598"}],"wp:attachment":[{"href":"https:\/\/solove.lt\/en\/wp-json\/wp\/v2\/media?parent=3581"}],"wp:term":[{"taxonomy":"product_brand","embeddable":true,"href":"https:\/\/solove.lt\/en\/wp-json\/wp\/v2\/product_brand?post=3581"},{"taxonomy":"product_cat","embeddable":true,"href":"https:\/\/solove.lt\/en\/wp-json\/wp\/v2\/product_cat?post=3581"},{"taxonomy":"product_tag","embeddable":true,"href":"https:\/\/solove.lt\/en\/wp-json\/wp\/v2\/product_tag?post=3581"}],"curies":[{"name":"wp","href":"https:\/\/api.w.org\/{rel}","templated":true}]}}