{"id":3558,"date":"2025-12-03T13:52:40","date_gmt":"2025-12-03T11:52:40","guid":{"rendered":"https:\/\/solove.lt\/product\/extra-wicks-for-powder-candle-10-pieces-75-cm\/"},"modified":"2025-12-12T15:24:10","modified_gmt":"2025-12-12T13:24:10","slug":"papildomos-dagtys","status":"publish","type":"product","link":"https:\/\/solove.lt\/en\/product\/papildomos-dagtys\/","title":{"rendered":"Papildomos dagtys &#8211; 10vnt, 7,5 cm"},"content":{"rendered":"<p><strong data-start=\"1406\" data-end=\"1427\">Papildomos dagtys<\/strong> \u2013 b\u016btinas priedas norint patogiai ir saugiai naudoti sm\u0117lio \u017evakes. Kokybi\u0161kos dagtys u\u017etikrina pastovi\u0105 liepsn\u0105, lengv\u0105 u\u017edegim\u0105 ir lyg\u0173 degim\u0105. \u0160ios dagtys tinka \u012fvairiems soLove \u017evaki\u0173 indams ir visoms m\u016bs\u0173 sm\u0117lio \u017evaki\u0173 pakuot\u0117ms. Paprasta pakeisti, patogu naudoti ir visada praver\u010dia tur\u0117ti atsarg\u0173. Jei m\u0117gsti jaukum\u0105 be r\u016bpes\u010di\u0173, papildomos dagtys leis tavo \u017evakei degti ilgai ir gra\u017eiai.<\/p>\n<p>Dagtys pridedamos prie vis\u0173 m\u016bs\u0173 gamini\u0173, bet jei manote, kad jums reik\u0117s papildom\u0173 dag\u010di\u0173, galite \u012fsigyti \u0161\u012f papildom\u0105 10 dag\u010di\u0173 rinkin\u012f.<\/p>\n<p>Kiekviena dagtis su laikikliu yra 7,5 cm ilgio, su dvipusiu lipduku, kad b\u016bt\u0173 patogiau naudoti. T\u0105 pa\u010di\u0105 dagt\u012f galite u\u017edegti tiek kart\u0173, kiek norite, kol jos u\u017eteks.<\/p>\n<p>\u0160ias \u017evaki\u0173 dagtis galima naudoti bet kokiuose induose, kuri\u0173 skersmuo ne ma\u017eesnis kaip 8 cm.<br \/>\nIdealiai tinka \u201eCandledust\u201c taur\u0117ms papildyti.<\/p>","protected":false},"excerpt":{"rendered":"<p>Dagtys pridedamos prie vis\u0173 m\u016bs\u0173 gamini\u0173, bet jei manote, kad jums reik\u0117s papildom\u0173 dag\u010di\u0173, galite \u012fsigyti \u0161\u012f papildom\u0105 10 dag\u010di\u0173 rinkin\u012f.<\/p>\n<p>&nbsp;<\/p>","protected":false},"featured_media":3725,"comment_status":"open","ping_status":"closed","template":"","meta":[],"product_brand":[],"product_cat":[70],"product_tag":[],"class_list":{"0":"post-3558","1":"product","2":"type-product","3":"status-publish","4":"has-post-thumbnail","6":"product_cat-priedai","8":"first","9":"instock","10":"shipping-taxable","11":"purchasable","12":"product-type-simple"},"yoast_head":"<!-- This site is optimized with the Yoast SEO plugin v27.4 - https:\/\/yoast.com\/product\/yoast-seo-wordpress\/ -->\n<title>Papildomos dagtys - 10vnt, 7,5 cm - Solove<\/title>\n<meta name=\"description\" content=\"Papildomos dagtys sm\u0117lio \u017evak\u0117ms \u2013 kokybi\u0161kos, saugios ir lengvai naudojamos. Tinka visiems soLove \u017evaki\u0173 indams.\" \/>\n<meta name=\"robots\" content=\"index, follow, max-snippet:-1, max-image-preview:large, max-video-preview:-1\" \/>\n<link rel=\"canonical\" href=\"https:\/\/solove.lt\/en\/product\/papildomos-dagtys\/\" \/>\n<meta property=\"og:locale\" content=\"en_US\" \/>\n<meta property=\"og:type\" content=\"article\" \/>\n<meta property=\"og:title\" content=\"Papildomos dagtys - 10vnt, 7,5 cm - Solove\" \/>\n<meta property=\"og:description\" content=\"Papildomos dagtys sm\u0117lio \u017evak\u0117ms \u2013 kokybi\u0161kos, saugios ir lengvai naudojamos. Tinka visiems soLove \u017evaki\u0173 indams.\" \/>\n<meta property=\"og:url\" content=\"https:\/\/solove.lt\/en\/product\/papildomos-dagtys\/\" \/>\n<meta property=\"og:site_name\" content=\"Solove\" \/>\n<meta property=\"article:modified_time\" content=\"2025-12-12T13:24:10+00:00\" \/>\n<meta property=\"og:image\" content=\"https:\/\/solove.lt\/wp-content\/uploads\/2025\/12\/powdered-candle-refill-kit-unscented-sky-blue-330g-0a60f2c4-29.jpg\" \/>\n\t<meta property=\"og:image:width\" content=\"2000\" \/>\n\t<meta property=\"og:image:height\" content=\"2000\" \/>\n\t<meta property=\"og:image:type\" content=\"image\/jpeg\" \/>\n<meta name=\"twitter:card\" content=\"summary_large_image\" \/>\n<meta name=\"twitter:label1\" content=\"Est. reading time\" \/>\n\t<meta name=\"twitter:data1\" content=\"1 minute\" \/>\n<script type=\"application\/ld+json\" class=\"yoast-schema-graph\">{\"@context\":\"https:\\\/\\\/schema.org\",\"@graph\":[{\"@type\":\"WebPage\",\"@id\":\"https:\\\/\\\/solove.lt\\\/product\\\/papildomos-dagtys\\\/\",\"url\":\"https:\\\/\\\/solove.lt\\\/product\\\/papildomos-dagtys\\\/\",\"name\":\"Papildomos dagtys - 10vnt, 7,5 cm - Solove\",\"isPartOf\":{\"@id\":\"https:\\\/\\\/solove.lt\\\/#website\"},\"primaryImageOfPage\":{\"@id\":\"https:\\\/\\\/solove.lt\\\/product\\\/papildomos-dagtys\\\/#primaryimage\"},\"image\":{\"@id\":\"https:\\\/\\\/solove.lt\\\/product\\\/papildomos-dagtys\\\/#primaryimage\"},\"thumbnailUrl\":\"https:\\\/\\\/solove.lt\\\/wp-content\\\/uploads\\\/2025\\\/12\\\/powdered-candle-refill-kit-unscented-sky-blue-330g-0a60f2c4-29.jpg\",\"datePublished\":\"2025-12-03T11:52:40+00:00\",\"dateModified\":\"2025-12-12T13:24:10+00:00\",\"description\":\"Papildomos dagtys sm\u0117lio \u017evak\u0117ms \u2013 kokybi\u0161kos, saugios ir lengvai naudojamos. Tinka visiems soLove \u017evaki\u0173 indams.\",\"breadcrumb\":{\"@id\":\"https:\\\/\\\/solove.lt\\\/product\\\/papildomos-dagtys\\\/#breadcrumb\"},\"inLanguage\":\"en-US\",\"potentialAction\":[{\"@type\":\"ReadAction\",\"target\":[\"https:\\\/\\\/solove.lt\\\/product\\\/papildomos-dagtys\\\/\"]}]},{\"@type\":\"ImageObject\",\"inLanguage\":\"en-US\",\"@id\":\"https:\\\/\\\/solove.lt\\\/product\\\/papildomos-dagtys\\\/#primaryimage\",\"url\":\"https:\\\/\\\/solove.lt\\\/wp-content\\\/uploads\\\/2025\\\/12\\\/powdered-candle-refill-kit-unscented-sky-blue-330g-0a60f2c4-29.jpg\",\"contentUrl\":\"https:\\\/\\\/solove.lt\\\/wp-content\\\/uploads\\\/2025\\\/12\\\/powdered-candle-refill-kit-unscented-sky-blue-330g-0a60f2c4-29.jpg\",\"width\":2000,\"height\":2000,\"caption\":\"soLove \u017evaki\u0173 papildomos dagtys \u2013 auk\u0161tos kokyb\u0117s ir lengvai naudojamos\"},{\"@type\":\"BreadcrumbList\",\"@id\":\"https:\\\/\\\/solove.lt\\\/product\\\/papildomos-dagtys\\\/#breadcrumb\",\"itemListElement\":[{\"@type\":\"ListItem\",\"position\":1,\"name\":\"Home\",\"item\":\"https:\\\/\\\/solove.lt\\\/\"},{\"@type\":\"ListItem\",\"position\":2,\"name\":\"Parduotuv\u0117\",\"item\":\"https:\\\/\\\/solove.lt\\\/shop\\\/\"},{\"@type\":\"ListItem\",\"position\":3,\"name\":\"Papildomos dagtys &#8211; 10vnt, 7,5 cm\"}]},{\"@type\":\"WebSite\",\"@id\":\"https:\\\/\\\/solove.lt\\\/#website\",\"url\":\"https:\\\/\\\/solove.lt\\\/\",\"name\":\"Solove\",\"description\":\"Nat\u016bral\u016bs nam\u0173 kvapai ir \u017evaki\u0173 sm\u0117lis\",\"publisher\":{\"@id\":\"https:\\\/\\\/solove.lt\\\/#organization\"},\"potentialAction\":[{\"@type\":\"SearchAction\",\"target\":{\"@type\":\"EntryPoint\",\"urlTemplate\":\"https:\\\/\\\/solove.lt\\\/?s={search_term_string}\"},\"query-input\":{\"@type\":\"PropertyValueSpecification\",\"valueRequired\":true,\"valueName\":\"search_term_string\"}}],\"inLanguage\":\"en-US\"},{\"@type\":\"Organization\",\"@id\":\"https:\\\/\\\/solove.lt\\\/#organization\",\"name\":\"Solove\",\"url\":\"https:\\\/\\\/solove.lt\\\/\",\"logo\":{\"@type\":\"ImageObject\",\"inLanguage\":\"en-US\",\"@id\":\"https:\\\/\\\/solove.lt\\\/#\\\/schema\\\/logo\\\/image\\\/\",\"url\":\"https:\\\/\\\/solove.lt\\\/wp-content\\\/uploads\\\/2025\\\/11\\\/logo.svg\",\"contentUrl\":\"https:\\\/\\\/solove.lt\\\/wp-content\\\/uploads\\\/2025\\\/11\\\/logo.svg\",\"width\":320,\"height\":280,\"caption\":\"Solove\"},\"image\":{\"@id\":\"https:\\\/\\\/solove.lt\\\/#\\\/schema\\\/logo\\\/image\\\/\"},\"sameAs\":[\"https:\\\/\\\/www.instagram.com\\\/solove.lt\\\/\"]}]}<\/script>\n<!-- \/ Yoast SEO plugin. -->","yoast_head_json":{"title":"Papildomos dagtys - 10vnt, 7,5 cm - Solove","description":"Papildomos dagtys sm\u0117lio \u017evak\u0117ms \u2013 kokybi\u0161kos, saugios ir lengvai naudojamos. Tinka visiems soLove \u017evaki\u0173 indams.","robots":{"index":"index","follow":"follow","max-snippet":"max-snippet:-1","max-image-preview":"max-image-preview:large","max-video-preview":"max-video-preview:-1"},"canonical":"https:\/\/solove.lt\/en\/product\/papildomos-dagtys\/","og_locale":"en_US","og_type":"article","og_title":"Papildomos dagtys - 10vnt, 7,5 cm - Solove","og_description":"Papildomos dagtys sm\u0117lio \u017evak\u0117ms \u2013 kokybi\u0161kos, saugios ir lengvai naudojamos. Tinka visiems soLove \u017evaki\u0173 indams.","og_url":"https:\/\/solove.lt\/en\/product\/papildomos-dagtys\/","og_site_name":"Solove","article_modified_time":"2025-12-12T13:24:10+00:00","og_image":[{"width":2000,"height":2000,"url":"https:\/\/solove.lt\/wp-content\/uploads\/2025\/12\/powdered-candle-refill-kit-unscented-sky-blue-330g-0a60f2c4-29.jpg","type":"image\/jpeg"}],"twitter_card":"summary_large_image","twitter_misc":{"Est. reading time":"1 minute"},"schema":{"@context":"https:\/\/schema.org","@graph":[{"@type":"WebPage","@id":"https:\/\/solove.lt\/product\/papildomos-dagtys\/","url":"https:\/\/solove.lt\/product\/papildomos-dagtys\/","name":"Papildomos dagtys - 10vnt, 7,5 cm - Solove","isPartOf":{"@id":"https:\/\/solove.lt\/#website"},"primaryImageOfPage":{"@id":"https:\/\/solove.lt\/product\/papildomos-dagtys\/#primaryimage"},"image":{"@id":"https:\/\/solove.lt\/product\/papildomos-dagtys\/#primaryimage"},"thumbnailUrl":"https:\/\/solove.lt\/wp-content\/uploads\/2025\/12\/powdered-candle-refill-kit-unscented-sky-blue-330g-0a60f2c4-29.jpg","datePublished":"2025-12-03T11:52:40+00:00","dateModified":"2025-12-12T13:24:10+00:00","description":"Papildomos dagtys sm\u0117lio \u017evak\u0117ms \u2013 kokybi\u0161kos, saugios ir lengvai naudojamos. Tinka visiems soLove \u017evaki\u0173 indams.","breadcrumb":{"@id":"https:\/\/solove.lt\/product\/papildomos-dagtys\/#breadcrumb"},"inLanguage":"en-US","potentialAction":[{"@type":"ReadAction","target":["https:\/\/solove.lt\/product\/papildomos-dagtys\/"]}]},{"@type":"ImageObject","inLanguage":"en-US","@id":"https:\/\/solove.lt\/product\/papildomos-dagtys\/#primaryimage","url":"https:\/\/solove.lt\/wp-content\/uploads\/2025\/12\/powdered-candle-refill-kit-unscented-sky-blue-330g-0a60f2c4-29.jpg","contentUrl":"https:\/\/solove.lt\/wp-content\/uploads\/2025\/12\/powdered-candle-refill-kit-unscented-sky-blue-330g-0a60f2c4-29.jpg","width":2000,"height":2000,"caption":"soLove \u017evaki\u0173 papildomos dagtys \u2013 auk\u0161tos kokyb\u0117s ir lengvai naudojamos"},{"@type":"BreadcrumbList","@id":"https:\/\/solove.lt\/product\/papildomos-dagtys\/#breadcrumb","itemListElement":[{"@type":"ListItem","position":1,"name":"Home","item":"https:\/\/solove.lt\/"},{"@type":"ListItem","position":2,"name":"Parduotuv\u0117","item":"https:\/\/solove.lt\/shop\/"},{"@type":"ListItem","position":3,"name":"Papildomos dagtys &#8211; 10vnt, 7,5 cm"}]},{"@type":"WebSite","@id":"https:\/\/solove.lt\/#website","url":"https:\/\/solove.lt\/","name":"Solove","description":"Nat\u016bral\u016bs nam\u0173 kvapai ir \u017evaki\u0173 sm\u0117lis","publisher":{"@id":"https:\/\/solove.lt\/#organization"},"potentialAction":[{"@type":"SearchAction","target":{"@type":"EntryPoint","urlTemplate":"https:\/\/solove.lt\/?s={search_term_string}"},"query-input":{"@type":"PropertyValueSpecification","valueRequired":true,"valueName":"search_term_string"}}],"inLanguage":"en-US"},{"@type":"Organization","@id":"https:\/\/solove.lt\/#organization","name":"Solove","url":"https:\/\/solove.lt\/","logo":{"@type":"ImageObject","inLanguage":"en-US","@id":"https:\/\/solove.lt\/#\/schema\/logo\/image\/","url":"https:\/\/solove.lt\/wp-content\/uploads\/2025\/11\/logo.svg","contentUrl":"https:\/\/solove.lt\/wp-content\/uploads\/2025\/11\/logo.svg","width":320,"height":280,"caption":"Solove"},"image":{"@id":"https:\/\/solove.lt\/#\/schema\/logo\/image\/"},"sameAs":["https:\/\/www.instagram.com\/solove.lt\/"]}]}},"_links":{"self":[{"href":"https:\/\/solove.lt\/en\/wp-json\/wp\/v2\/product\/3558","targetHints":{"allow":["GET"]}}],"collection":[{"href":"https:\/\/solove.lt\/en\/wp-json\/wp\/v2\/product"}],"about":[{"href":"https:\/\/solove.lt\/en\/wp-json\/wp\/v2\/types\/product"}],"replies":[{"embeddable":true,"href":"https:\/\/solove.lt\/en\/wp-json\/wp\/v2\/comments?post=3558"}],"wp:featuredmedia":[{"embeddable":true,"href":"https:\/\/solove.lt\/en\/wp-json\/wp\/v2\/media\/3725"}],"wp:attachment":[{"href":"https:\/\/solove.lt\/en\/wp-json\/wp\/v2\/media?parent=3558"}],"wp:term":[{"taxonomy":"product_brand","embeddable":true,"href":"https:\/\/solove.lt\/en\/wp-json\/wp\/v2\/product_brand?post=3558"},{"taxonomy":"product_cat","embeddable":true,"href":"https:\/\/solove.lt\/en\/wp-json\/wp\/v2\/product_cat?post=3558"},{"taxonomy":"product_tag","embeddable":true,"href":"https:\/\/solove.lt\/en\/wp-json\/wp\/v2\/product_tag?post=3558"}],"curies":[{"name":"wp","href":"https:\/\/api.w.org\/{rel}","templated":true}]}}