{"id":3554,"date":"2025-12-03T13:52:37","date_gmt":"2025-12-03T11:52:37","guid":{"rendered":"https:\/\/solove.lt\/product\/powdered-candle-refill-kit-mango-lime-330g\/"},"modified":"2026-01-11T18:28:11","modified_gmt":"2026-01-11T16:28:11","slug":"kvapni-zvakiu-smelio-papildymo-pakuote-3","status":"publish","type":"product","link":"https:\/\/solove.lt\/en\/product\/kvapni-zvakiu-smelio-papildymo-pakuote-3\/","title":{"rendered":"Mangas ir laimas &#8211; kvapnus \u017evaki\u0173 sm\u0117lis, 330g"},"content":{"rendered":"<p>&nbsp;<\/p>\n<p>\u0160i kvapni \u017evaki\u0173 sm\u0117lio papildymo pakuot\u0117 330 g skirta soLove sm\u0117lio \u017evak\u0117ms. Tai nat\u016bralus ir ilgai degantis sprendimas, leid\u017eiantis lengvai atnaujinti \u017evak\u0119 bet kuriame inde. 60 valand\u0173 degimo laikas, \u0161varus degimas ir greitas naudojimas \u2013 tiesiog \u012fberkite sm\u0117lio, \u012fstatykite dagt\u012f ir m\u0117gaukit\u0117s jaukia liepsna.<\/p>\n<p>Sukurkite jauki\u0105 atmosfer\u0105 bet kur naudodami m\u016bs\u0173 \u017evaki\u0173 sm\u0117l\u012f!<br \/>\n\u012e komplekt\u0105 <strong>\u012feina dag\u010diai<\/strong>, leid\u017eiantys saugiai gaminti kvapi\u0105sias \u017evakes <strong>\u012fvairiuose indeliuose<\/strong> \u2013 stiklin\u0117je, keramikin\u0117je ir kt. Tai paprastas ir ekologi\u0161kas sprendimas, puikiai tinkantis bet kuriuose namuose. \u017dvaki\u0173 dulki\u0173 perlamutrin\u0117 ir granuliuota tekst\u016bra puikiai tinka kuriant eleganti\u0161kas<strong> \u201epasidaryk pats\u201c<\/strong> \u017evakes.<\/p>\n<p>Atrask smag\u0173 ir k\u016brybi\u0161k\u0105 b\u016bd\u0105 pasigaminti \u017evak\u0119!<br \/>\n<strong>\u017dvaki\u0173 sm\u0117lis<\/strong> \u2013 tai smulki va\u0161ko granul\u0117, leid\u017eianti susikurti b\u016btent toki\u0105 \u017evak\u0119, kokios nori: pasirink indel\u012f, dyd\u012f ir prid\u0117k dagt\u012f.<\/p>\n<p><strong>Privalumai:<\/strong><\/p>\n<ul>\n<li><strong>Lengvai pritaikoma:<\/strong> pasirink savo ind\u0105, dyd\u012f ir susikurk unikali\u0105 \u017evak\u0119.<\/li>\n<li><strong>\u012etraukta -5 <\/strong>dagtys<\/li>\n<li><strong>Degimo laikas: 60 val.<\/strong><\/li>\n<li><strong>Paprasta naudoti:<\/strong> paruo\u0161k vos per kelias minutes.<\/li>\n<li><strong>Daugkartinis naudojimas:<\/strong> tiesiog perpilk sm\u0117l\u012f \u012f kit\u0105 ind\u0105 ir naudok v\u0117l.<\/li>\n<li><strong>Draugi\u0161ka aplinkai:<\/strong> vegani\u0161ka, be parafino ir paraben\u0173, 100 % biologi\u0161kai suyranti.<\/li>\n<li><strong>\u0160varesnis degimas:<\/strong> i\u0161skiria iki <strong>80 % ma\u017eiau suod\u017ei\u0173<\/strong> nei \u012fprasta parafino \u017evak\u0117.<\/li>\n<li><strong>Pl\u016bduriuoja vandenyje:<\/strong> puikiai tinka k\u016brybi\u0161koms dekoracijoms ir ypatingoms akimirkoms.<\/li>\n<\/ul>\n<p><strong>The Candledust naudojimas paprastas kaip 1-2-3:<\/strong><\/p>\n<ol>\n<li><strong>Paimk dagt\u012f<\/strong><br \/>\nir pritvirtink j\u0105 kar\u0161\u010diui atspariame indo dugne.<\/li>\n<li><strong>U\u017epildyk ind\u0105 \u017evaki\u0173 sm\u0117liu<\/strong><br \/>\nminimum 3cm ir \u012fsitikink, kad dagties galiukas ky\u0161o <strong>0,5 &#8211; 1 cm.<\/strong><\/li>\n<\/ol>\n<p><strong>U\u017edek \u017evak\u0119<br \/>\n<\/strong>ir m\u0117gaukis \u2013 taip paprasta!<br \/>\n<strong>Galite rasti i\u0161sami\u0105 naudojimo<\/strong><a href=\"https:\/\/solove.lt\/en\/kaip-naudoti\/\">\u00a0instrukcij\u0105 \u010dia!<\/a><\/p>","protected":false},"excerpt":{"rendered":"<p>Gaivus, gardus itali\u0161kos citrinos ir tailandieti\u0161kos laimo akordas, papildytas \u0161vie\u017eiais ananasais ir sultingu mangu.<\/p>\n<p>Vir\u0161utin\u0117s natos: mangas Lancetilla, laimas, Kalifornijos citrina, itali\u0161kas mandarinas<br \/>\nVidurin\u0117s natos: sultingas apelsinas, melionas<br \/>\nBazin\u0117s natos: ananasas, citrinos \u017eievel\u0117, vanilinis cukrus<\/p>","protected":false},"featured_media":3200,"comment_status":"open","ping_status":"closed","template":"","meta":[],"product_brand":[],"product_cat":[67,21],"product_tag":[],"class_list":{"0":"post-3554","1":"product","2":"type-product","3":"status-publish","4":"has-post-thumbnail","6":"product_cat-papildymo-pakuote-zvakiu-smelis-ir-zvakes","7":"product_cat-zvakiu-smelis-ir-zvakes","9":"first","10":"instock","11":"shipping-taxable","12":"purchasable","13":"product-type-simple"},"yoast_head":"<!-- This site is optimized with the Yoast SEO plugin v27.4 - https:\/\/yoast.com\/product\/yoast-seo-wordpress\/ -->\n<title>Mangas ir laimas - kvapnus \u017evaki\u0173 sm\u0117lis, 330g - Solove<\/title>\n<meta name=\"description\" content=\"330 g \u2013 patogus ir ilgai degantis u\u017epildas sm\u0117lio \u017evak\u0117ms. Nat\u016brali sud\u0117tis, 60 h degimo laikas, lengvai naudojamas bet kuriame inde.\" \/>\n<meta name=\"robots\" content=\"index, follow, max-snippet:-1, max-image-preview:large, max-video-preview:-1\" \/>\n<link rel=\"canonical\" href=\"https:\/\/solove.lt\/en\/product\/kvapni-zvakiu-smelio-papildymo-pakuote-3\/\" \/>\n<meta property=\"og:locale\" content=\"en_US\" \/>\n<meta property=\"og:type\" content=\"article\" \/>\n<meta property=\"og:title\" content=\"Mangas ir laimas - kvapnus \u017evaki\u0173 sm\u0117lis, 330g - Solove\" \/>\n<meta property=\"og:description\" content=\"330 g \u2013 patogus ir ilgai degantis u\u017epildas sm\u0117lio \u017evak\u0117ms. Nat\u016brali sud\u0117tis, 60 h degimo laikas, lengvai naudojamas bet kuriame inde.\" \/>\n<meta property=\"og:url\" content=\"https:\/\/solove.lt\/en\/product\/kvapni-zvakiu-smelio-papildymo-pakuote-3\/\" \/>\n<meta property=\"og:site_name\" content=\"Solove\" \/>\n<meta property=\"article:modified_time\" content=\"2026-01-11T16:28:11+00:00\" \/>\n<meta property=\"og:image\" content=\"https:\/\/solove.lt\/wp-content\/uploads\/2025\/12\/mango-lime-candledust-hertwill-wholesale.png\" \/>\n\t<meta property=\"og:image:width\" content=\"1080\" \/>\n\t<meta property=\"og:image:height\" content=\"1080\" \/>\n\t<meta property=\"og:image:type\" content=\"image\/png\" \/>\n<meta name=\"twitter:card\" content=\"summary_large_image\" \/>\n<meta name=\"twitter:label1\" content=\"Est. reading time\" \/>\n\t<meta name=\"twitter:data1\" content=\"2 minutes\" \/>\n<script type=\"application\/ld+json\" class=\"yoast-schema-graph\">{\"@context\":\"https:\\\/\\\/schema.org\",\"@graph\":[{\"@type\":\"WebPage\",\"@id\":\"https:\\\/\\\/solove.lt\\\/product\\\/kvapni-zvakiu-smelio-papildymo-pakuote-3\\\/\",\"url\":\"https:\\\/\\\/solove.lt\\\/product\\\/kvapni-zvakiu-smelio-papildymo-pakuote-3\\\/\",\"name\":\"Mangas ir laimas - kvapnus \u017evaki\u0173 sm\u0117lis, 330g - Solove\",\"isPartOf\":{\"@id\":\"https:\\\/\\\/solove.lt\\\/#website\"},\"primaryImageOfPage\":{\"@id\":\"https:\\\/\\\/solove.lt\\\/product\\\/kvapni-zvakiu-smelio-papildymo-pakuote-3\\\/#primaryimage\"},\"image\":{\"@id\":\"https:\\\/\\\/solove.lt\\\/product\\\/kvapni-zvakiu-smelio-papildymo-pakuote-3\\\/#primaryimage\"},\"thumbnailUrl\":\"https:\\\/\\\/solove.lt\\\/wp-content\\\/uploads\\\/2025\\\/12\\\/mango-lime-candledust-hertwill-wholesale.png\",\"datePublished\":\"2025-12-03T11:52:37+00:00\",\"dateModified\":\"2026-01-11T16:28:11+00:00\",\"description\":\"330 g \u2013 patogus ir ilgai degantis u\u017epildas sm\u0117lio \u017evak\u0117ms. Nat\u016brali sud\u0117tis, 60 h degimo laikas, lengvai naudojamas bet kuriame inde.\",\"breadcrumb\":{\"@id\":\"https:\\\/\\\/solove.lt\\\/product\\\/kvapni-zvakiu-smelio-papildymo-pakuote-3\\\/#breadcrumb\"},\"inLanguage\":\"en-US\",\"potentialAction\":[{\"@type\":\"ReadAction\",\"target\":[\"https:\\\/\\\/solove.lt\\\/product\\\/kvapni-zvakiu-smelio-papildymo-pakuote-3\\\/\"]}]},{\"@type\":\"ImageObject\",\"inLanguage\":\"en-US\",\"@id\":\"https:\\\/\\\/solove.lt\\\/product\\\/kvapni-zvakiu-smelio-papildymo-pakuote-3\\\/#primaryimage\",\"url\":\"https:\\\/\\\/solove.lt\\\/wp-content\\\/uploads\\\/2025\\\/12\\\/mango-lime-candledust-hertwill-wholesale.png\",\"contentUrl\":\"https:\\\/\\\/solove.lt\\\/wp-content\\\/uploads\\\/2025\\\/12\\\/mango-lime-candledust-hertwill-wholesale.png\",\"width\":1080,\"height\":1080,\"caption\":\"kvapni-zvakiu-smelio-papildymo-pakuote\"},{\"@type\":\"BreadcrumbList\",\"@id\":\"https:\\\/\\\/solove.lt\\\/product\\\/kvapni-zvakiu-smelio-papildymo-pakuote-3\\\/#breadcrumb\",\"itemListElement\":[{\"@type\":\"ListItem\",\"position\":1,\"name\":\"Home\",\"item\":\"https:\\\/\\\/solove.lt\\\/\"},{\"@type\":\"ListItem\",\"position\":2,\"name\":\"Parduotuv\u0117\",\"item\":\"https:\\\/\\\/solove.lt\\\/shop\\\/\"},{\"@type\":\"ListItem\",\"position\":3,\"name\":\"Mangas ir laimas &#8211; kvapnus \u017evaki\u0173 sm\u0117lis, 330g\"}]},{\"@type\":\"WebSite\",\"@id\":\"https:\\\/\\\/solove.lt\\\/#website\",\"url\":\"https:\\\/\\\/solove.lt\\\/\",\"name\":\"Solove\",\"description\":\"Nat\u016bral\u016bs nam\u0173 kvapai ir \u017evaki\u0173 sm\u0117lis\",\"publisher\":{\"@id\":\"https:\\\/\\\/solove.lt\\\/#organization\"},\"potentialAction\":[{\"@type\":\"SearchAction\",\"target\":{\"@type\":\"EntryPoint\",\"urlTemplate\":\"https:\\\/\\\/solove.lt\\\/?s={search_term_string}\"},\"query-input\":{\"@type\":\"PropertyValueSpecification\",\"valueRequired\":true,\"valueName\":\"search_term_string\"}}],\"inLanguage\":\"en-US\"},{\"@type\":\"Organization\",\"@id\":\"https:\\\/\\\/solove.lt\\\/#organization\",\"name\":\"Solove\",\"url\":\"https:\\\/\\\/solove.lt\\\/\",\"logo\":{\"@type\":\"ImageObject\",\"inLanguage\":\"en-US\",\"@id\":\"https:\\\/\\\/solove.lt\\\/#\\\/schema\\\/logo\\\/image\\\/\",\"url\":\"https:\\\/\\\/solove.lt\\\/wp-content\\\/uploads\\\/2025\\\/11\\\/logo.svg\",\"contentUrl\":\"https:\\\/\\\/solove.lt\\\/wp-content\\\/uploads\\\/2025\\\/11\\\/logo.svg\",\"width\":320,\"height\":280,\"caption\":\"Solove\"},\"image\":{\"@id\":\"https:\\\/\\\/solove.lt\\\/#\\\/schema\\\/logo\\\/image\\\/\"},\"sameAs\":[\"https:\\\/\\\/www.instagram.com\\\/solove.lt\\\/\"]}]}<\/script>\n<!-- \/ Yoast SEO plugin. -->","yoast_head_json":{"title":"Mangas ir laimas - kvapnus \u017evaki\u0173 sm\u0117lis, 330g - Solove","description":"330 g \u2013 patogus ir ilgai degantis u\u017epildas sm\u0117lio \u017evak\u0117ms. Nat\u016brali sud\u0117tis, 60 h degimo laikas, lengvai naudojamas bet kuriame inde.","robots":{"index":"index","follow":"follow","max-snippet":"max-snippet:-1","max-image-preview":"max-image-preview:large","max-video-preview":"max-video-preview:-1"},"canonical":"https:\/\/solove.lt\/en\/product\/kvapni-zvakiu-smelio-papildymo-pakuote-3\/","og_locale":"en_US","og_type":"article","og_title":"Mangas ir laimas - kvapnus \u017evaki\u0173 sm\u0117lis, 330g - Solove","og_description":"330 g \u2013 patogus ir ilgai degantis u\u017epildas sm\u0117lio \u017evak\u0117ms. Nat\u016brali sud\u0117tis, 60 h degimo laikas, lengvai naudojamas bet kuriame inde.","og_url":"https:\/\/solove.lt\/en\/product\/kvapni-zvakiu-smelio-papildymo-pakuote-3\/","og_site_name":"Solove","article_modified_time":"2026-01-11T16:28:11+00:00","og_image":[{"width":1080,"height":1080,"url":"https:\/\/solove.lt\/wp-content\/uploads\/2025\/12\/mango-lime-candledust-hertwill-wholesale.png","type":"image\/png"}],"twitter_card":"summary_large_image","twitter_misc":{"Est. reading time":"2 minutes"},"schema":{"@context":"https:\/\/schema.org","@graph":[{"@type":"WebPage","@id":"https:\/\/solove.lt\/product\/kvapni-zvakiu-smelio-papildymo-pakuote-3\/","url":"https:\/\/solove.lt\/product\/kvapni-zvakiu-smelio-papildymo-pakuote-3\/","name":"Mangas ir laimas - kvapnus \u017evaki\u0173 sm\u0117lis, 330g - Solove","isPartOf":{"@id":"https:\/\/solove.lt\/#website"},"primaryImageOfPage":{"@id":"https:\/\/solove.lt\/product\/kvapni-zvakiu-smelio-papildymo-pakuote-3\/#primaryimage"},"image":{"@id":"https:\/\/solove.lt\/product\/kvapni-zvakiu-smelio-papildymo-pakuote-3\/#primaryimage"},"thumbnailUrl":"https:\/\/solove.lt\/wp-content\/uploads\/2025\/12\/mango-lime-candledust-hertwill-wholesale.png","datePublished":"2025-12-03T11:52:37+00:00","dateModified":"2026-01-11T16:28:11+00:00","description":"330 g \u2013 patogus ir ilgai degantis u\u017epildas sm\u0117lio \u017evak\u0117ms. Nat\u016brali sud\u0117tis, 60 h degimo laikas, lengvai naudojamas bet kuriame inde.","breadcrumb":{"@id":"https:\/\/solove.lt\/product\/kvapni-zvakiu-smelio-papildymo-pakuote-3\/#breadcrumb"},"inLanguage":"en-US","potentialAction":[{"@type":"ReadAction","target":["https:\/\/solove.lt\/product\/kvapni-zvakiu-smelio-papildymo-pakuote-3\/"]}]},{"@type":"ImageObject","inLanguage":"en-US","@id":"https:\/\/solove.lt\/product\/kvapni-zvakiu-smelio-papildymo-pakuote-3\/#primaryimage","url":"https:\/\/solove.lt\/wp-content\/uploads\/2025\/12\/mango-lime-candledust-hertwill-wholesale.png","contentUrl":"https:\/\/solove.lt\/wp-content\/uploads\/2025\/12\/mango-lime-candledust-hertwill-wholesale.png","width":1080,"height":1080,"caption":"kvapni-zvakiu-smelio-papildymo-pakuote"},{"@type":"BreadcrumbList","@id":"https:\/\/solove.lt\/product\/kvapni-zvakiu-smelio-papildymo-pakuote-3\/#breadcrumb","itemListElement":[{"@type":"ListItem","position":1,"name":"Home","item":"https:\/\/solove.lt\/"},{"@type":"ListItem","position":2,"name":"Parduotuv\u0117","item":"https:\/\/solove.lt\/shop\/"},{"@type":"ListItem","position":3,"name":"Mangas ir laimas &#8211; kvapnus \u017evaki\u0173 sm\u0117lis, 330g"}]},{"@type":"WebSite","@id":"https:\/\/solove.lt\/#website","url":"https:\/\/solove.lt\/","name":"Solove","description":"Nat\u016bral\u016bs nam\u0173 kvapai ir \u017evaki\u0173 sm\u0117lis","publisher":{"@id":"https:\/\/solove.lt\/#organization"},"potentialAction":[{"@type":"SearchAction","target":{"@type":"EntryPoint","urlTemplate":"https:\/\/solove.lt\/?s={search_term_string}"},"query-input":{"@type":"PropertyValueSpecification","valueRequired":true,"valueName":"search_term_string"}}],"inLanguage":"en-US"},{"@type":"Organization","@id":"https:\/\/solove.lt\/#organization","name":"Solove","url":"https:\/\/solove.lt\/","logo":{"@type":"ImageObject","inLanguage":"en-US","@id":"https:\/\/solove.lt\/#\/schema\/logo\/image\/","url":"https:\/\/solove.lt\/wp-content\/uploads\/2025\/11\/logo.svg","contentUrl":"https:\/\/solove.lt\/wp-content\/uploads\/2025\/11\/logo.svg","width":320,"height":280,"caption":"Solove"},"image":{"@id":"https:\/\/solove.lt\/#\/schema\/logo\/image\/"},"sameAs":["https:\/\/www.instagram.com\/solove.lt\/"]}]}},"_links":{"self":[{"href":"https:\/\/solove.lt\/en\/wp-json\/wp\/v2\/product\/3554","targetHints":{"allow":["GET"]}}],"collection":[{"href":"https:\/\/solove.lt\/en\/wp-json\/wp\/v2\/product"}],"about":[{"href":"https:\/\/solove.lt\/en\/wp-json\/wp\/v2\/types\/product"}],"replies":[{"embeddable":true,"href":"https:\/\/solove.lt\/en\/wp-json\/wp\/v2\/comments?post=3554"}],"wp:featuredmedia":[{"embeddable":true,"href":"https:\/\/solove.lt\/en\/wp-json\/wp\/v2\/media\/3200"}],"wp:attachment":[{"href":"https:\/\/solove.lt\/en\/wp-json\/wp\/v2\/media?parent=3554"}],"wp:term":[{"taxonomy":"product_brand","embeddable":true,"href":"https:\/\/solove.lt\/en\/wp-json\/wp\/v2\/product_brand?post=3554"},{"taxonomy":"product_cat","embeddable":true,"href":"https:\/\/solove.lt\/en\/wp-json\/wp\/v2\/product_cat?post=3554"},{"taxonomy":"product_tag","embeddable":true,"href":"https:\/\/solove.lt\/en\/wp-json\/wp\/v2\/product_tag?post=3554"}],"curies":[{"name":"wp","href":"https:\/\/api.w.org\/{rel}","templated":true}]}}