{"id":3451,"date":"2025-12-03T13:50:43","date_gmt":"2025-12-03T11:50:43","guid":{"rendered":"https:\/\/solove.lt\/product\/luxurious-room-diffuser-500ml-breeze\/"},"modified":"2026-01-15T14:57:47","modified_gmt":"2026-01-15T12:57:47","slug":"prabangus-namu-kvapas-500-ml-3","status":"publish","type":"product","link":"https:\/\/solove.lt\/en\/product\/prabangus-namu-kvapas-500-ml-3\/","title":{"rendered":"Brizas &#8211; prabangus nam\u0173 kvapas, 500ml"},"content":{"rendered":"<p>Nesvarbu, ar norite sukurti raminan\u010di\u0105 atmosfer\u0105, \u012fkvepian\u010di\u0105 aplink\u0105, ar tiesiog suteikti gaivumo savo kambariui, \u201eBreeze\u201c kambario difuzorius yra patikimas j\u016bs\u0173 pasirinkimas. Universalus aromatas ir unikalus mi\u0161inys paver\u010dia bet kuri\u0105 erdv\u0119 ypatinga vieta, kurioje sve\u010diai gali m\u0117gautis \u0161velniu ir maloniu aromatu.<\/p>\n<p><strong>Naudojimas:<\/strong><br \/>\nNuimkite buteliuko dangtel\u012f ir \u012fstatykite lazdeles \u012f vid\u0173. Skystis bus absorbuojamas lazdeli\u0173, o kvapas prad\u0117s sklisti per <strong>12 valand\u0173<\/strong>. Difuzori\u0173 statykite vietoje, kur yra oro jud\u0117jimas \u2014 taip kvapas pasklis geriau ir tolygiau.<\/p>\n<p>Nor\u0117dami sustiprinti aromat\u0105, apverskite lazdeles <strong>1\u20132 kartus per savait\u0119<\/strong>.<br \/>\nKuo daugiau lazdeli\u0173 naudosite, tuo intensyvesnis bus kvapas:<\/p>\n<ul>\n<li>ma\u017eesn\u0117je patalpoje naudokite ma\u017eiau lazdeli\u0173,<\/li>\n<li>didesn\u0117je \u2014 daugiau.<\/li>\n<\/ul>\n<p>Kvapas i\u0161lieka <strong>apie 8\u201310 m\u0117nesi\u0173<\/strong>, per t\u0105 laik\u0105 skystis palaipsniui i\u0161garuoja.<\/p>\n<p>B\u016bkite atsarg\u016bs \u2014 skystis gali pa\u017eeisti tekstil\u0119, medien\u0105 ar plastik\u0105. Difuzori\u0173 statykite ant stabilaus pavir\u0161iaus.<\/p>\n<p>Visada naudokite <strong>visas prid\u0117tas lazdeles<\/strong> (jei kvapas per stiprus, galite suma\u017einti lazdeli\u0173 kiek\u012f).<br \/>\nDifuzorius komplektuojamas su <strong>12 juod\u0173 40 cm ilgio pluo\u0161to lazdel\u0117mis<\/strong>.<\/p>\n<p>Difuzoriaus veikimo laikas \u2014 <strong>iki 10 m\u0117nesi\u0173<\/strong>.<br \/>\n_____________________________________________________________________<\/p>\n<p>Difuzori\u0173 rekomenduojama statyti <strong>\u017emogaus aki\u0173 lygyje<\/strong>. Vidutinio dyd\u017eio patalpose difuzori\u0173 geriausia pastatyti <strong>kambario centre<\/strong>, kad praeinant \u017emon\u0117ms oras jud\u0117t\u0173 ir kvapas nat\u016braliai sklist\u0173. Didesn\u0117se erdv\u0117se patartina naudoti <strong>du difuzorius<\/strong>, pastatytus prie\u0161ingose kambario pus\u0117se, kad kvapas pasiskirstyt\u0173 tolygiai.<\/p>\n<p>Prie\u0161 naudojim\u0105 <strong>gerai suplakite<\/strong>, kad visi aliejai ir kvapiosios med\u017eiagos gerai susimai\u0161yt\u0173. Nuimkite apsaugin\u012f dangtel\u012f ir \u012fstatykite lazdeles \u012f buteliuk\u0105.<br \/>\nJei per 24 valandas lazdel\u0117s nebus visi\u0161kai prisig\u0117rusios, apverskite jas kita puse. Difuzori\u0173 statykite vietoje, kur yra gera oro cirkuliacija \u2014 tai sustiprins kvapo sklaid\u0105 po patalp\u0105.<br \/>\nNor\u0117dami intensyvesnio kvapo, apverskite lazdeles kas por\u0105 savai\u010di\u0173. Kuo daugiau lazdeli\u0173 naudosite, tuo stipresnis bus kvapas. Difuzoriaus veikimo laikas \u2014 <strong>iki 10 m\u0117nesi\u0173<\/strong>.<\/p>\n<p><strong>Atsargumo priemon\u0117s:<\/strong><\/p>\n<p>Skystis gali pa\u017eeisti tekstil\u0119, medinius ar plastikinius pavir\u0161ius. Buteliuk\u0105 statykite ant stabilaus pagrindo. Laikykite vaikams ir naminiams gyv\u016bnams nepasiekiamoje vietoje.<\/p>\n<p>\u26a0 <strong>Gali sukelti alergin\u0119 odos reakcij\u0105. Pavojinga vandens organizmams, gali sukelti ilgalaik\u012f poveik\u012f.<\/strong><br \/>\nJeigu reikalinga medicinin\u0117 pagalba, tur\u0117kite produkto pakuot\u0119 ar etiket\u0119. Laikykite vaikams ir gyv\u016bnams nepasiekiamoje vietoje.<br \/>\nVenkite tiesiogiai \u012fkv\u0117pti gar\u0173. Venkite i\u0161pilti \u012f aplink\u0105.<\/p>\n<p><strong>JEI PATEKO ANT ODOS:<\/strong> nuplaukite dideliu kiekiu vandens ir muilo. Jei atsiranda sudirgimas ar b\u0117rimas \u2014 kreipkit\u0117s \u012f gydytoj\u0105.<\/p>\n<p>&nbsp;<\/p>","protected":false},"excerpt":{"rendered":"<p>\u201eBreeze\u201c kambario difuzorius suteikia j\u016bs\u0173 erdvei modernios elegancijos ir gaivumo. Unikali kvap\u0173 kompozicija primena harmoning\u0105 atpa\u017e\u012fstam\u0173 mandarin\u0173 ir bergamo\u010di\u0173 nat\u0173 mi\u0161in\u012f, kur\u012f sustiprina gyvybinga jazmin\u0173 ir citrusini\u0173 vaisi\u0173 gaiva. Bazin\u0117se natose atsiskleid\u017eia vanil\u0117, gintaras ir subtili\u0173 g\u0117li\u0173 u\u017euomina, sukuriant kvapo patirt\u012f, kuri u\u017eburia poj\u016b\u010dius.<\/p>\n<p>Vir\u0161utin\u0117s natos: \u0161okoladas, bergamot\u0117, citrusiniai vaisiai<br \/>\n\u0160irdies natos: gintaras<br \/>\nBazin\u0117s natos: santalas, vanil\u0117<\/p>","protected":false},"featured_media":3452,"comment_status":"open","ping_status":"closed","template":"","meta":[],"product_brand":[],"product_cat":[63,37],"product_tag":[],"class_list":{"0":"post-3451","1":"product","2":"type-product","3":"status-publish","4":"has-post-thumbnail","6":"product_cat-namu-kvapai-namu-kvapai","7":"product_cat-namu-kvapai-ir-difuzoriai","9":"first","10":"instock","11":"shipping-taxable","12":"purchasable","13":"product-type-simple"},"yoast_head":"<!-- This site is optimized with the Yoast SEO plugin v27.4 - https:\/\/yoast.com\/product\/yoast-seo-wordpress\/ -->\n<title>Brizas - prabangus nam\u0173 kvapas, 500ml - Solove<\/title>\n<meta name=\"description\" content=\"Universalus aromatas ir unikalus mi\u0161inys paver\u010dia bet kuri\u0105 erdv\u0119 ypatinga vieta, kurioje sve\u010diai gali m\u0117gautis \u0161velniu ir maloniu aromatu.\" \/>\n<meta name=\"robots\" content=\"index, follow, max-snippet:-1, max-image-preview:large, max-video-preview:-1\" \/>\n<link rel=\"canonical\" href=\"https:\/\/solove.lt\/en\/product\/prabangus-namu-kvapas-500-ml-3\/\" \/>\n<meta property=\"og:locale\" content=\"en_US\" \/>\n<meta property=\"og:type\" content=\"article\" \/>\n<meta property=\"og:title\" content=\"Brizas - prabangus nam\u0173 kvapas, 500ml - Solove\" \/>\n<meta property=\"og:description\" content=\"Universalus aromatas ir unikalus mi\u0161inys paver\u010dia bet kuri\u0105 erdv\u0119 ypatinga vieta, kurioje sve\u010diai gali m\u0117gautis \u0161velniu ir maloniu aromatu.\" \/>\n<meta property=\"og:url\" content=\"https:\/\/solove.lt\/en\/product\/prabangus-namu-kvapas-500-ml-3\/\" \/>\n<meta property=\"og:site_name\" content=\"Solove\" \/>\n<meta property=\"article:modified_time\" content=\"2026-01-15T12:57:47+00:00\" \/>\n<meta property=\"og:image\" content=\"https:\/\/solove.lt\/wp-content\/uploads\/2025\/12\/1-1-2-21.jpg\" \/>\n\t<meta property=\"og:image:width\" content=\"1890\" \/>\n\t<meta property=\"og:image:height\" content=\"1890\" \/>\n\t<meta property=\"og:image:type\" content=\"image\/jpeg\" \/>\n<meta name=\"twitter:card\" content=\"summary_large_image\" \/>\n<meta name=\"twitter:label1\" content=\"Est. reading time\" \/>\n\t<meta name=\"twitter:data1\" content=\"2 minutes\" \/>\n<script type=\"application\/ld+json\" class=\"yoast-schema-graph\">{\"@context\":\"https:\\\/\\\/schema.org\",\"@graph\":[{\"@type\":\"WebPage\",\"@id\":\"https:\\\/\\\/solove.lt\\\/product\\\/prabangus-namu-kvapas-500-ml-3\\\/\",\"url\":\"https:\\\/\\\/solove.lt\\\/product\\\/prabangus-namu-kvapas-500-ml-3\\\/\",\"name\":\"Brizas - prabangus nam\u0173 kvapas, 500ml - Solove\",\"isPartOf\":{\"@id\":\"https:\\\/\\\/solove.lt\\\/#website\"},\"primaryImageOfPage\":{\"@id\":\"https:\\\/\\\/solove.lt\\\/product\\\/prabangus-namu-kvapas-500-ml-3\\\/#primaryimage\"},\"image\":{\"@id\":\"https:\\\/\\\/solove.lt\\\/product\\\/prabangus-namu-kvapas-500-ml-3\\\/#primaryimage\"},\"thumbnailUrl\":\"https:\\\/\\\/solove.lt\\\/wp-content\\\/uploads\\\/2025\\\/12\\\/1-1-2-21.jpg\",\"datePublished\":\"2025-12-03T11:50:43+00:00\",\"dateModified\":\"2026-01-15T12:57:47+00:00\",\"description\":\"Universalus aromatas ir unikalus mi\u0161inys paver\u010dia bet kuri\u0105 erdv\u0119 ypatinga vieta, kurioje sve\u010diai gali m\u0117gautis \u0161velniu ir maloniu aromatu.\",\"breadcrumb\":{\"@id\":\"https:\\\/\\\/solove.lt\\\/product\\\/prabangus-namu-kvapas-500-ml-3\\\/#breadcrumb\"},\"inLanguage\":\"en-US\",\"potentialAction\":[{\"@type\":\"ReadAction\",\"target\":[\"https:\\\/\\\/solove.lt\\\/product\\\/prabangus-namu-kvapas-500-ml-3\\\/\"]}]},{\"@type\":\"ImageObject\",\"inLanguage\":\"en-US\",\"@id\":\"https:\\\/\\\/solove.lt\\\/product\\\/prabangus-namu-kvapas-500-ml-3\\\/#primaryimage\",\"url\":\"https:\\\/\\\/solove.lt\\\/wp-content\\\/uploads\\\/2025\\\/12\\\/1-1-2-21.jpg\",\"contentUrl\":\"https:\\\/\\\/solove.lt\\\/wp-content\\\/uploads\\\/2025\\\/12\\\/1-1-2-21.jpg\",\"width\":1890,\"height\":1890,\"caption\":\"prabangus-namu-kvapas-500-ml\"},{\"@type\":\"BreadcrumbList\",\"@id\":\"https:\\\/\\\/solove.lt\\\/product\\\/prabangus-namu-kvapas-500-ml-3\\\/#breadcrumb\",\"itemListElement\":[{\"@type\":\"ListItem\",\"position\":1,\"name\":\"Home\",\"item\":\"https:\\\/\\\/solove.lt\\\/\"},{\"@type\":\"ListItem\",\"position\":2,\"name\":\"Parduotuv\u0117\",\"item\":\"https:\\\/\\\/solove.lt\\\/shop\\\/\"},{\"@type\":\"ListItem\",\"position\":3,\"name\":\"Brizas &#8211; prabangus nam\u0173 kvapas, 500ml\"}]},{\"@type\":\"WebSite\",\"@id\":\"https:\\\/\\\/solove.lt\\\/#website\",\"url\":\"https:\\\/\\\/solove.lt\\\/\",\"name\":\"Solove\",\"description\":\"Nat\u016bral\u016bs nam\u0173 kvapai ir \u017evaki\u0173 sm\u0117lis\",\"publisher\":{\"@id\":\"https:\\\/\\\/solove.lt\\\/#organization\"},\"potentialAction\":[{\"@type\":\"SearchAction\",\"target\":{\"@type\":\"EntryPoint\",\"urlTemplate\":\"https:\\\/\\\/solove.lt\\\/?s={search_term_string}\"},\"query-input\":{\"@type\":\"PropertyValueSpecification\",\"valueRequired\":true,\"valueName\":\"search_term_string\"}}],\"inLanguage\":\"en-US\"},{\"@type\":\"Organization\",\"@id\":\"https:\\\/\\\/solove.lt\\\/#organization\",\"name\":\"Solove\",\"url\":\"https:\\\/\\\/solove.lt\\\/\",\"logo\":{\"@type\":\"ImageObject\",\"inLanguage\":\"en-US\",\"@id\":\"https:\\\/\\\/solove.lt\\\/#\\\/schema\\\/logo\\\/image\\\/\",\"url\":\"https:\\\/\\\/solove.lt\\\/wp-content\\\/uploads\\\/2025\\\/11\\\/logo.svg\",\"contentUrl\":\"https:\\\/\\\/solove.lt\\\/wp-content\\\/uploads\\\/2025\\\/11\\\/logo.svg\",\"width\":320,\"height\":280,\"caption\":\"Solove\"},\"image\":{\"@id\":\"https:\\\/\\\/solove.lt\\\/#\\\/schema\\\/logo\\\/image\\\/\"},\"sameAs\":[\"https:\\\/\\\/www.instagram.com\\\/solove.lt\\\/\"]}]}<\/script>\n<!-- \/ Yoast SEO plugin. -->","yoast_head_json":{"title":"Brizas - prabangus nam\u0173 kvapas, 500ml - Solove","description":"Universalus aromatas ir unikalus mi\u0161inys paver\u010dia bet kuri\u0105 erdv\u0119 ypatinga vieta, kurioje sve\u010diai gali m\u0117gautis \u0161velniu ir maloniu aromatu.","robots":{"index":"index","follow":"follow","max-snippet":"max-snippet:-1","max-image-preview":"max-image-preview:large","max-video-preview":"max-video-preview:-1"},"canonical":"https:\/\/solove.lt\/en\/product\/prabangus-namu-kvapas-500-ml-3\/","og_locale":"en_US","og_type":"article","og_title":"Brizas - prabangus nam\u0173 kvapas, 500ml - Solove","og_description":"Universalus aromatas ir unikalus mi\u0161inys paver\u010dia bet kuri\u0105 erdv\u0119 ypatinga vieta, kurioje sve\u010diai gali m\u0117gautis \u0161velniu ir maloniu aromatu.","og_url":"https:\/\/solove.lt\/en\/product\/prabangus-namu-kvapas-500-ml-3\/","og_site_name":"Solove","article_modified_time":"2026-01-15T12:57:47+00:00","og_image":[{"width":1890,"height":1890,"url":"https:\/\/solove.lt\/wp-content\/uploads\/2025\/12\/1-1-2-21.jpg","type":"image\/jpeg"}],"twitter_card":"summary_large_image","twitter_misc":{"Est. reading time":"2 minutes"},"schema":{"@context":"https:\/\/schema.org","@graph":[{"@type":"WebPage","@id":"https:\/\/solove.lt\/product\/prabangus-namu-kvapas-500-ml-3\/","url":"https:\/\/solove.lt\/product\/prabangus-namu-kvapas-500-ml-3\/","name":"Brizas - prabangus nam\u0173 kvapas, 500ml - Solove","isPartOf":{"@id":"https:\/\/solove.lt\/#website"},"primaryImageOfPage":{"@id":"https:\/\/solove.lt\/product\/prabangus-namu-kvapas-500-ml-3\/#primaryimage"},"image":{"@id":"https:\/\/solove.lt\/product\/prabangus-namu-kvapas-500-ml-3\/#primaryimage"},"thumbnailUrl":"https:\/\/solove.lt\/wp-content\/uploads\/2025\/12\/1-1-2-21.jpg","datePublished":"2025-12-03T11:50:43+00:00","dateModified":"2026-01-15T12:57:47+00:00","description":"Universalus aromatas ir unikalus mi\u0161inys paver\u010dia bet kuri\u0105 erdv\u0119 ypatinga vieta, kurioje sve\u010diai gali m\u0117gautis \u0161velniu ir maloniu aromatu.","breadcrumb":{"@id":"https:\/\/solove.lt\/product\/prabangus-namu-kvapas-500-ml-3\/#breadcrumb"},"inLanguage":"en-US","potentialAction":[{"@type":"ReadAction","target":["https:\/\/solove.lt\/product\/prabangus-namu-kvapas-500-ml-3\/"]}]},{"@type":"ImageObject","inLanguage":"en-US","@id":"https:\/\/solove.lt\/product\/prabangus-namu-kvapas-500-ml-3\/#primaryimage","url":"https:\/\/solove.lt\/wp-content\/uploads\/2025\/12\/1-1-2-21.jpg","contentUrl":"https:\/\/solove.lt\/wp-content\/uploads\/2025\/12\/1-1-2-21.jpg","width":1890,"height":1890,"caption":"prabangus-namu-kvapas-500-ml"},{"@type":"BreadcrumbList","@id":"https:\/\/solove.lt\/product\/prabangus-namu-kvapas-500-ml-3\/#breadcrumb","itemListElement":[{"@type":"ListItem","position":1,"name":"Home","item":"https:\/\/solove.lt\/"},{"@type":"ListItem","position":2,"name":"Parduotuv\u0117","item":"https:\/\/solove.lt\/shop\/"},{"@type":"ListItem","position":3,"name":"Brizas &#8211; prabangus nam\u0173 kvapas, 500ml"}]},{"@type":"WebSite","@id":"https:\/\/solove.lt\/#website","url":"https:\/\/solove.lt\/","name":"Solove","description":"Nat\u016bral\u016bs nam\u0173 kvapai ir \u017evaki\u0173 sm\u0117lis","publisher":{"@id":"https:\/\/solove.lt\/#organization"},"potentialAction":[{"@type":"SearchAction","target":{"@type":"EntryPoint","urlTemplate":"https:\/\/solove.lt\/?s={search_term_string}"},"query-input":{"@type":"PropertyValueSpecification","valueRequired":true,"valueName":"search_term_string"}}],"inLanguage":"en-US"},{"@type":"Organization","@id":"https:\/\/solove.lt\/#organization","name":"Solove","url":"https:\/\/solove.lt\/","logo":{"@type":"ImageObject","inLanguage":"en-US","@id":"https:\/\/solove.lt\/#\/schema\/logo\/image\/","url":"https:\/\/solove.lt\/wp-content\/uploads\/2025\/11\/logo.svg","contentUrl":"https:\/\/solove.lt\/wp-content\/uploads\/2025\/11\/logo.svg","width":320,"height":280,"caption":"Solove"},"image":{"@id":"https:\/\/solove.lt\/#\/schema\/logo\/image\/"},"sameAs":["https:\/\/www.instagram.com\/solove.lt\/"]}]}},"_links":{"self":[{"href":"https:\/\/solove.lt\/en\/wp-json\/wp\/v2\/product\/3451","targetHints":{"allow":["GET"]}}],"collection":[{"href":"https:\/\/solove.lt\/en\/wp-json\/wp\/v2\/product"}],"about":[{"href":"https:\/\/solove.lt\/en\/wp-json\/wp\/v2\/types\/product"}],"replies":[{"embeddable":true,"href":"https:\/\/solove.lt\/en\/wp-json\/wp\/v2\/comments?post=3451"}],"wp:featuredmedia":[{"embeddable":true,"href":"https:\/\/solove.lt\/en\/wp-json\/wp\/v2\/media\/3452"}],"wp:attachment":[{"href":"https:\/\/solove.lt\/en\/wp-json\/wp\/v2\/media?parent=3451"}],"wp:term":[{"taxonomy":"product_brand","embeddable":true,"href":"https:\/\/solove.lt\/en\/wp-json\/wp\/v2\/product_brand?post=3451"},{"taxonomy":"product_cat","embeddable":true,"href":"https:\/\/solove.lt\/en\/wp-json\/wp\/v2\/product_cat?post=3451"},{"taxonomy":"product_tag","embeddable":true,"href":"https:\/\/solove.lt\/en\/wp-json\/wp\/v2\/product_tag?post=3451"}],"curies":[{"name":"wp","href":"https:\/\/api.w.org\/{rel}","templated":true}]}}