{"id":3354,"date":"2025-12-03T13:49:00","date_gmt":"2025-12-03T11:49:00","guid":{"rendered":"https:\/\/solove.lt\/product\/unscented-colored-powdered-candle-3-kg-750h\/"},"modified":"2026-01-07T21:45:04","modified_gmt":"2026-01-07T19:45:04","slug":"spalvotas-zvakiu-smelis","status":"publish","type":"product","link":"https:\/\/solove.lt\/en\/product\/spalvotas-zvakiu-smelis\/","title":{"rendered":"Spalvotas \u017evaki\u0173 sm\u0117lis &#8211; 3 kg, ~750h"},"content":{"rendered":"<p data-start=\"81\" data-end=\"193\">Jei nor\u0117tum j\u0105 personalizuoti, degimo metu gali \u012fla\u0161inti m\u016bs\u0173 <a href=\"https:\/\/solove.lt\/en\/product-category\/aromatiniai-aliejai\/kvapieji-aliejai\/\"><strong data-start=\"576\" data-end=\"598\">10 ml kvap\u0173 aliej\u0173<\/strong><\/a>\u00a0ir susikurti individual\u0173 aromat\u0105.<\/p>\n<p data-start=\"81\" data-end=\"193\"><strong data-start=\"81\" data-end=\"99\">Degimo laikas:<\/strong><br data-start=\"99\" data-end=\"102\" \/>~750 val. (3 kg), pakuot\u0117je yra <strong data-start=\"134\" data-end=\"147\">80 dag\u010di\u0173<\/strong>.<br data-start=\"148\" data-end=\"151\" \/>Vienos dagties degimo laikas \u2013 <strong data-start=\"182\" data-end=\"193\">12 val.<\/strong><\/p>\n<p data-start=\"195\" data-end=\"387\"><strong data-start=\"195\" data-end=\"210\">Candle Dust<\/strong> dar vadinama perl\u0173 \u017evake, milteline \u017evake, \u017evaki\u0173 sm\u0117liu arba \u017evaki\u0173 perlais.<br data-start=\"288\" data-end=\"291\" \/>Jo perlin\u0117 ir granuliuota tekst\u016bra yra tobula eleganti\u0161k\u0173, individualiai kuriam\u0173 \u017evaki\u0173 gamybai.<\/p>\n<p data-start=\"389\" data-end=\"696\">\u0160is produktas spar\u010diai populiar\u0117ja visame pasaulyje tarp <strong data-start=\"446\" data-end=\"482\">vestuvi\u0173 ir rengini\u0173 dekoratori\u0173<\/strong>, nes \u017evaki\u0173 i\u0161vaizda suteikia bet kokiam renginiui <strong data-start=\"534\" data-end=\"563\">prabangos ir i\u0161skirtinumo<\/strong>.<br data-start=\"564\" data-end=\"567\" \/>Kitas didelis privalumas \u2013 i\u0161degus \u017evakei, likusios va\u0161ko granul\u0117s tiesiog supilamos atgal \u012f pakuot\u0119 ir gali b\u016bti naudojamos v\u0117l.<\/p>\n<hr data-start=\"698\" data-end=\"701\" \/>\n<h1 data-start=\"703\" data-end=\"722\"><strong data-start=\"705\" data-end=\"722\">KAIP NAUDOTI?<\/strong><\/h1>\n<p data-start=\"724\" data-end=\"767\">The Candledust \u017evak\u0119 naudoti itin paprasta!<\/p>\n<ol data-start=\"769\" data-end=\"1089\">\n<li data-start=\"769\" data-end=\"829\">\n<p data-start=\"772\" data-end=\"829\">Rask tinkam\u0105 <strong data-start=\"785\" data-end=\"795\">nedeg\u0173<\/strong> ind\u0105 ir supilk miltelin\u0119 \u017evak\u0119.<\/p>\n<\/li>\n<li data-start=\"830\" data-end=\"993\">\n<p data-start=\"833\" data-end=\"901\">Vienai dag\u010diai rekomenduojama apie <strong data-start=\"868\" data-end=\"886\">5 cm skersmens<\/strong> degimo zona.<\/p>\n<ul data-start=\"905\" data-end=\"993\">\n<li data-start=\"905\" data-end=\"993\">\n<p data-start=\"907\" data-end=\"993\">Platesniems indams galima naudoti kelias dagtis, paliekant <strong data-start=\"966\" data-end=\"982\">5 cm atstum\u0105<\/strong> tarp j\u0173.<\/p>\n<\/li>\n<\/ul>\n<\/li>\n<li data-start=\"994\" data-end=\"1061\">\n<p data-start=\"997\" data-end=\"1061\">\u012esitikink, kad dagties galiukas b\u016bt\u0173 <strong data-start=\"1034\" data-end=\"1044\">0,5 cm<\/strong> vir\u0161 milteli\u0173.<\/p>\n<\/li>\n<li data-start=\"1062\" data-end=\"1089\">\n<p data-start=\"1065\" data-end=\"1089\">U\u017edek \u017evak\u0119 ir m\u0117gaukis.<\/p>\n<\/li>\n<\/ol>\n<hr data-start=\"1091\" data-end=\"1094\" \/>\n<h1 data-start=\"1096\" data-end=\"1125\"><strong data-start=\"1098\" data-end=\"1125\">PAKARTOTINIS NAUDOJIMAS<\/strong><\/h1>\n<p data-start=\"1127\" data-end=\"1166\">Yra keli b\u016bdai naudoti \u017evak\u0119 dar kart\u0105:<\/p>\n<p data-start=\"1168\" data-end=\"1305\">\u2022 <strong data-start=\"1170\" data-end=\"1183\">Sutrupink<\/strong> sustingus\u012f va\u0161k\u0105 \u012f miltelius, u\u017epilk ant vir\u0161aus nauj\u0173 milteli\u0173 ir \u012fstatyk dagt\u012f \u2013 gausi visi\u0161kai nauj\u0105, \u0161vie\u017ei\u0105 \u017evak\u0119.<\/p>\n<p data-start=\"1307\" data-end=\"1369\">\u2022 I\u0161mesk sustingus\u012f va\u0161k\u0105 ir \u012f miltelius <strong data-start=\"1348\" data-end=\"1368\">\u012fd\u0117k nauj\u0105 dagt\u012f<\/strong>.<\/p>\n<hr data-start=\"1371\" data-end=\"1374\" \/>\n<h1 data-start=\"1376\" data-end=\"1389\"><strong data-start=\"1378\" data-end=\"1389\">SVARBU!<\/strong><\/h1>\n<ul data-start=\"1391\" data-end=\"1704\">\n<li data-start=\"1391\" data-end=\"1499\">\n<p data-start=\"1393\" data-end=\"1499\">Naudok <strong data-start=\"1400\" data-end=\"1421\">platesn\u012f nei 8 cm<\/strong> skersmens ind\u0105 \u2013 tuomet va\u0161kas nenutek\u0117s ant kra\u0161t\u0173, o indas i\u0161liks \u0161varus.<\/p>\n<\/li>\n<li data-start=\"1500\" data-end=\"1588\">\n<p data-start=\"1502\" data-end=\"1588\">Jei nori pakeisti ind\u0105, tiesiog supilk miltelius \u012f kit\u0105 ind\u0105 ir \u012fstatyk nauj\u0105 dagt\u012f.<\/p>\n<\/li>\n<li data-start=\"1589\" data-end=\"1633\">\n<p data-start=\"1591\" data-end=\"1633\">Pakuot\u0117 <strong data-start=\"1599\" data-end=\"1630\">n\u0117ra tinkama \u017evakei deginti<\/strong>!<\/p>\n<\/li>\n<li data-start=\"1634\" data-end=\"1704\">\n<p data-start=\"1636\" data-end=\"1704\">Lipinamos dagties degimo laikas \u2013 apie <strong data-start=\"1693\" data-end=\"1704\">12 val.<\/strong><\/p>\n<\/li>\n<\/ul>","protected":false},"excerpt":{"rendered":"<p>\u201eCandledust\u201c sm\u0117lio pavidalo \u017evak\u0117s sukurtos siekiant suteikti elegancijos. \u017dvak\u0117s dizainas yra kuklus, bet tuo pa\u010diu eleganti\u0161kas, tod\u0117l nat\u016braliai dera prie bet koki\u0173 nam\u0173 ir interjero dizaino.<\/p>\n<p>\u0160is produktas sulaukia didelio populiarumo, ypa\u010d tarp vestuvi\u0173 ir rengini\u0173 organizatori\u0173 visame pasaulyje, nes \u0161i\u0173 \u017evaki\u0173 i\u0161vaizda suteikia bet kokiam renginiui prabang\u0173 ir unikal\u0173 \u012fvaizd\u012f. Kita prie\u017eastis \u2013 \u017evakei perdegus, lik\u0119 va\u0161ko karoliukai supilami atgal \u012f pakuot\u0119 ir v\u0117l naudojami v\u0117liau.<\/p>","protected":false},"featured_media":3378,"comment_status":"open","ping_status":"closed","template":"","meta":[],"product_brand":[],"product_cat":[72,21],"product_tag":[],"class_list":{"0":"post-3354","1":"product","2":"type-product","3":"status-publish","4":"has-post-thumbnail","6":"product_cat-spalvotas-zvakiu-smelis","7":"product_cat-zvakiu-smelis-ir-zvakes","9":"first","10":"instock","11":"shipping-taxable","12":"purchasable","13":"product-type-variable"},"yoast_head":"<!-- This site is optimized with the Yoast SEO plugin v27.4 - https:\/\/yoast.com\/product\/yoast-seo-wordpress\/ -->\n<title>Spalvotas \u017evaki\u0173 sm\u0117lis - 3 kg, ~750h - Solove<\/title>\n<meta name=\"description\" content=\"Spalvotas \u017evaki\u0173 sm\u0117lis \u2013 k\u016brybi\u0161kas pasirinkimas j\u016bs\u0173 nam\u0173 jaukumui. Leid\u017eia kurti unikalias \u017evakes bet kuriame inde. 3 kg pakuot\u0117 ilgai naudojama.\" \/>\n<meta name=\"robots\" content=\"index, follow, max-snippet:-1, max-image-preview:large, max-video-preview:-1\" \/>\n<link rel=\"canonical\" href=\"https:\/\/solove.lt\/en\/product\/spalvotas-zvakiu-smelis\/\" \/>\n<meta property=\"og:locale\" content=\"en_US\" \/>\n<meta property=\"og:type\" content=\"article\" \/>\n<meta property=\"og:title\" content=\"Spalvotas \u017evaki\u0173 sm\u0117lis - 3 kg, ~750h - Solove\" \/>\n<meta property=\"og:description\" content=\"Spalvotas \u017evaki\u0173 sm\u0117lis \u2013 k\u016brybi\u0161kas pasirinkimas j\u016bs\u0173 nam\u0173 jaukumui. Leid\u017eia kurti unikalias \u017evakes bet kuriame inde. 3 kg pakuot\u0117 ilgai naudojama.\" \/>\n<meta property=\"og:url\" content=\"https:\/\/solove.lt\/en\/product\/spalvotas-zvakiu-smelis\/\" \/>\n<meta property=\"og:site_name\" content=\"Solove\" \/>\n<meta property=\"article:modified_time\" content=\"2026-01-07T19:45:04+00:00\" \/>\n<meta property=\"og:image\" content=\"https:\/\/solove.lt\/wp-content\/uploads\/2025\/12\/Nimetu-kujundus-10-500x500-1-2.jpg\" \/>\n\t<meta property=\"og:image:width\" content=\"500\" \/>\n\t<meta property=\"og:image:height\" content=\"500\" \/>\n\t<meta property=\"og:image:type\" content=\"image\/jpeg\" \/>\n<meta name=\"twitter:card\" content=\"summary_large_image\" \/>\n<meta name=\"twitter:label1\" content=\"Est. reading time\" \/>\n\t<meta name=\"twitter:data1\" content=\"2 minutes\" \/>\n<script type=\"application\/ld+json\" class=\"yoast-schema-graph\">{\"@context\":\"https:\\\/\\\/schema.org\",\"@graph\":[{\"@type\":\"WebPage\",\"@id\":\"https:\\\/\\\/solove.lt\\\/product\\\/spalvotas-zvakiu-smelis\\\/\",\"url\":\"https:\\\/\\\/solove.lt\\\/product\\\/spalvotas-zvakiu-smelis\\\/\",\"name\":\"Spalvotas \u017evaki\u0173 sm\u0117lis - 3 kg, ~750h - Solove\",\"isPartOf\":{\"@id\":\"https:\\\/\\\/solove.lt\\\/#website\"},\"primaryImageOfPage\":{\"@id\":\"https:\\\/\\\/solove.lt\\\/product\\\/spalvotas-zvakiu-smelis\\\/#primaryimage\"},\"image\":{\"@id\":\"https:\\\/\\\/solove.lt\\\/product\\\/spalvotas-zvakiu-smelis\\\/#primaryimage\"},\"thumbnailUrl\":\"https:\\\/\\\/solove.lt\\\/wp-content\\\/uploads\\\/2025\\\/12\\\/Nimetu-kujundus-10-500x500-1-2.jpg\",\"datePublished\":\"2025-12-03T11:49:00+00:00\",\"dateModified\":\"2026-01-07T19:45:04+00:00\",\"description\":\"Spalvotas \u017evaki\u0173 sm\u0117lis \u2013 k\u016brybi\u0161kas pasirinkimas j\u016bs\u0173 nam\u0173 jaukumui. Leid\u017eia kurti unikalias \u017evakes bet kuriame inde. 3 kg pakuot\u0117 ilgai naudojama.\",\"breadcrumb\":{\"@id\":\"https:\\\/\\\/solove.lt\\\/product\\\/spalvotas-zvakiu-smelis\\\/#breadcrumb\"},\"inLanguage\":\"en-US\",\"potentialAction\":[{\"@type\":\"ReadAction\",\"target\":[\"https:\\\/\\\/solove.lt\\\/product\\\/spalvotas-zvakiu-smelis\\\/\"]}]},{\"@type\":\"ImageObject\",\"inLanguage\":\"en-US\",\"@id\":\"https:\\\/\\\/solove.lt\\\/product\\\/spalvotas-zvakiu-smelis\\\/#primaryimage\",\"url\":\"https:\\\/\\\/solove.lt\\\/wp-content\\\/uploads\\\/2025\\\/12\\\/Nimetu-kujundus-10-500x500-1-2.jpg\",\"contentUrl\":\"https:\\\/\\\/solove.lt\\\/wp-content\\\/uploads\\\/2025\\\/12\\\/Nimetu-kujundus-10-500x500-1-2.jpg\",\"width\":500,\"height\":500,\"caption\":\"Spalvotas \u017evaki\u0173 sm\u0117lis 3 kg pakuot\u0117je\"},{\"@type\":\"BreadcrumbList\",\"@id\":\"https:\\\/\\\/solove.lt\\\/product\\\/spalvotas-zvakiu-smelis\\\/#breadcrumb\",\"itemListElement\":[{\"@type\":\"ListItem\",\"position\":1,\"name\":\"Home\",\"item\":\"https:\\\/\\\/solove.lt\\\/\"},{\"@type\":\"ListItem\",\"position\":2,\"name\":\"Parduotuv\u0117\",\"item\":\"https:\\\/\\\/solove.lt\\\/shop\\\/\"},{\"@type\":\"ListItem\",\"position\":3,\"name\":\"Spalvotas \u017evaki\u0173 sm\u0117lis &#8211; 3 kg, ~750h\"}]},{\"@type\":\"WebSite\",\"@id\":\"https:\\\/\\\/solove.lt\\\/#website\",\"url\":\"https:\\\/\\\/solove.lt\\\/\",\"name\":\"Solove\",\"description\":\"Nat\u016bral\u016bs nam\u0173 kvapai ir \u017evaki\u0173 sm\u0117lis\",\"publisher\":{\"@id\":\"https:\\\/\\\/solove.lt\\\/#organization\"},\"potentialAction\":[{\"@type\":\"SearchAction\",\"target\":{\"@type\":\"EntryPoint\",\"urlTemplate\":\"https:\\\/\\\/solove.lt\\\/?s={search_term_string}\"},\"query-input\":{\"@type\":\"PropertyValueSpecification\",\"valueRequired\":true,\"valueName\":\"search_term_string\"}}],\"inLanguage\":\"en-US\"},{\"@type\":\"Organization\",\"@id\":\"https:\\\/\\\/solove.lt\\\/#organization\",\"name\":\"Solove\",\"url\":\"https:\\\/\\\/solove.lt\\\/\",\"logo\":{\"@type\":\"ImageObject\",\"inLanguage\":\"en-US\",\"@id\":\"https:\\\/\\\/solove.lt\\\/#\\\/schema\\\/logo\\\/image\\\/\",\"url\":\"https:\\\/\\\/solove.lt\\\/wp-content\\\/uploads\\\/2025\\\/11\\\/logo.svg\",\"contentUrl\":\"https:\\\/\\\/solove.lt\\\/wp-content\\\/uploads\\\/2025\\\/11\\\/logo.svg\",\"width\":320,\"height\":280,\"caption\":\"Solove\"},\"image\":{\"@id\":\"https:\\\/\\\/solove.lt\\\/#\\\/schema\\\/logo\\\/image\\\/\"},\"sameAs\":[\"https:\\\/\\\/www.instagram.com\\\/solove.lt\\\/\"]}]}<\/script>\n<!-- \/ Yoast SEO plugin. -->","yoast_head_json":{"title":"Spalvotas \u017evaki\u0173 sm\u0117lis - 3 kg, ~750h - Solove","description":"Spalvotas \u017evaki\u0173 sm\u0117lis \u2013 k\u016brybi\u0161kas pasirinkimas j\u016bs\u0173 nam\u0173 jaukumui. Leid\u017eia kurti unikalias \u017evakes bet kuriame inde. 3 kg pakuot\u0117 ilgai naudojama.","robots":{"index":"index","follow":"follow","max-snippet":"max-snippet:-1","max-image-preview":"max-image-preview:large","max-video-preview":"max-video-preview:-1"},"canonical":"https:\/\/solove.lt\/en\/product\/spalvotas-zvakiu-smelis\/","og_locale":"en_US","og_type":"article","og_title":"Spalvotas \u017evaki\u0173 sm\u0117lis - 3 kg, ~750h - Solove","og_description":"Spalvotas \u017evaki\u0173 sm\u0117lis \u2013 k\u016brybi\u0161kas pasirinkimas j\u016bs\u0173 nam\u0173 jaukumui. Leid\u017eia kurti unikalias \u017evakes bet kuriame inde. 3 kg pakuot\u0117 ilgai naudojama.","og_url":"https:\/\/solove.lt\/en\/product\/spalvotas-zvakiu-smelis\/","og_site_name":"Solove","article_modified_time":"2026-01-07T19:45:04+00:00","og_image":[{"width":500,"height":500,"url":"https:\/\/solove.lt\/wp-content\/uploads\/2025\/12\/Nimetu-kujundus-10-500x500-1-2.jpg","type":"image\/jpeg"}],"twitter_card":"summary_large_image","twitter_misc":{"Est. reading time":"2 minutes"},"schema":{"@context":"https:\/\/schema.org","@graph":[{"@type":"WebPage","@id":"https:\/\/solove.lt\/product\/spalvotas-zvakiu-smelis\/","url":"https:\/\/solove.lt\/product\/spalvotas-zvakiu-smelis\/","name":"Spalvotas \u017evaki\u0173 sm\u0117lis - 3 kg, ~750h - Solove","isPartOf":{"@id":"https:\/\/solove.lt\/#website"},"primaryImageOfPage":{"@id":"https:\/\/solove.lt\/product\/spalvotas-zvakiu-smelis\/#primaryimage"},"image":{"@id":"https:\/\/solove.lt\/product\/spalvotas-zvakiu-smelis\/#primaryimage"},"thumbnailUrl":"https:\/\/solove.lt\/wp-content\/uploads\/2025\/12\/Nimetu-kujundus-10-500x500-1-2.jpg","datePublished":"2025-12-03T11:49:00+00:00","dateModified":"2026-01-07T19:45:04+00:00","description":"Spalvotas \u017evaki\u0173 sm\u0117lis \u2013 k\u016brybi\u0161kas pasirinkimas j\u016bs\u0173 nam\u0173 jaukumui. Leid\u017eia kurti unikalias \u017evakes bet kuriame inde. 3 kg pakuot\u0117 ilgai naudojama.","breadcrumb":{"@id":"https:\/\/solove.lt\/product\/spalvotas-zvakiu-smelis\/#breadcrumb"},"inLanguage":"en-US","potentialAction":[{"@type":"ReadAction","target":["https:\/\/solove.lt\/product\/spalvotas-zvakiu-smelis\/"]}]},{"@type":"ImageObject","inLanguage":"en-US","@id":"https:\/\/solove.lt\/product\/spalvotas-zvakiu-smelis\/#primaryimage","url":"https:\/\/solove.lt\/wp-content\/uploads\/2025\/12\/Nimetu-kujundus-10-500x500-1-2.jpg","contentUrl":"https:\/\/solove.lt\/wp-content\/uploads\/2025\/12\/Nimetu-kujundus-10-500x500-1-2.jpg","width":500,"height":500,"caption":"Spalvotas \u017evaki\u0173 sm\u0117lis 3 kg pakuot\u0117je"},{"@type":"BreadcrumbList","@id":"https:\/\/solove.lt\/product\/spalvotas-zvakiu-smelis\/#breadcrumb","itemListElement":[{"@type":"ListItem","position":1,"name":"Home","item":"https:\/\/solove.lt\/"},{"@type":"ListItem","position":2,"name":"Parduotuv\u0117","item":"https:\/\/solove.lt\/shop\/"},{"@type":"ListItem","position":3,"name":"Spalvotas \u017evaki\u0173 sm\u0117lis &#8211; 3 kg, ~750h"}]},{"@type":"WebSite","@id":"https:\/\/solove.lt\/#website","url":"https:\/\/solove.lt\/","name":"Solove","description":"Nat\u016bral\u016bs nam\u0173 kvapai ir \u017evaki\u0173 sm\u0117lis","publisher":{"@id":"https:\/\/solove.lt\/#organization"},"potentialAction":[{"@type":"SearchAction","target":{"@type":"EntryPoint","urlTemplate":"https:\/\/solove.lt\/?s={search_term_string}"},"query-input":{"@type":"PropertyValueSpecification","valueRequired":true,"valueName":"search_term_string"}}],"inLanguage":"en-US"},{"@type":"Organization","@id":"https:\/\/solove.lt\/#organization","name":"Solove","url":"https:\/\/solove.lt\/","logo":{"@type":"ImageObject","inLanguage":"en-US","@id":"https:\/\/solove.lt\/#\/schema\/logo\/image\/","url":"https:\/\/solove.lt\/wp-content\/uploads\/2025\/11\/logo.svg","contentUrl":"https:\/\/solove.lt\/wp-content\/uploads\/2025\/11\/logo.svg","width":320,"height":280,"caption":"Solove"},"image":{"@id":"https:\/\/solove.lt\/#\/schema\/logo\/image\/"},"sameAs":["https:\/\/www.instagram.com\/solove.lt\/"]}]}},"_links":{"self":[{"href":"https:\/\/solove.lt\/en\/wp-json\/wp\/v2\/product\/3354","targetHints":{"allow":["GET"]}}],"collection":[{"href":"https:\/\/solove.lt\/en\/wp-json\/wp\/v2\/product"}],"about":[{"href":"https:\/\/solove.lt\/en\/wp-json\/wp\/v2\/types\/product"}],"replies":[{"embeddable":true,"href":"https:\/\/solove.lt\/en\/wp-json\/wp\/v2\/comments?post=3354"}],"wp:featuredmedia":[{"embeddable":true,"href":"https:\/\/solove.lt\/en\/wp-json\/wp\/v2\/media\/3378"}],"wp:attachment":[{"href":"https:\/\/solove.lt\/en\/wp-json\/wp\/v2\/media?parent=3354"}],"wp:term":[{"taxonomy":"product_brand","embeddable":true,"href":"https:\/\/solove.lt\/en\/wp-json\/wp\/v2\/product_brand?post=3354"},{"taxonomy":"product_cat","embeddable":true,"href":"https:\/\/solove.lt\/en\/wp-json\/wp\/v2\/product_cat?post=3354"},{"taxonomy":"product_tag","embeddable":true,"href":"https:\/\/solove.lt\/en\/wp-json\/wp\/v2\/product_tag?post=3354"}],"curies":[{"name":"wp","href":"https:\/\/api.w.org\/{rel}","templated":true}]}}