{"id":544,"date":"2015-08-12T12:42:39","date_gmt":"2015-08-12T12:42:39","guid":{"rendered":"http:\/\/savoy.nordicmade.com\/?page_id=370"},"modified":"2025-12-28T18:34:07","modified_gmt":"2025-12-28T16:34:07","slug":"solove-kontaktai","status":"publish","type":"page","link":"https:\/\/solove.lt\/en\/solove-kontaktai\/","title":{"rendered":"Kontaktai"},"content":{"rendered":"<div data-elementor-type=\"wp-page\" data-elementor-id=\"544\" class=\"elementor elementor-544\">\n\t\t\t\t\t\t<section class=\"elementor-section elementor-top-section elementor-element elementor-element-2852ede elementor-section-boxed elementor-section-height-default elementor-section-height-default\" data-id=\"2852ede\" data-element_type=\"section\" data-e-type=\"section\">\n\t\t\t\t\t\t<div class=\"elementor-container elementor-column-gap-extended\">\n\t\t\t\t\t<div class=\"elementor-column elementor-col-100 elementor-top-column elementor-element elementor-element-acdbd75\" data-id=\"acdbd75\" data-element_type=\"column\" data-e-type=\"column\">\n\t\t\t<div class=\"elementor-widget-wrap elementor-element-populated\">\n\t\t\t\t\t\t<div class=\"elementor-element elementor-element-7a672f6 elementor-widget elementor-widget-heading\" data-id=\"7a672f6\" data-element_type=\"widget\" data-e-type=\"widget\" data-widget_type=\"heading.default\">\n\t\t\t\t\t<h2 class=\"elementor-heading-title elementor-size-default\">Solove kontaktai \u2013 susisiekite su mumis, jei turite klausim\u0173 apie sm\u0117lio \u017evakes, u\u017esakymus, pristatym\u0105 ar bendradarbiavim\u0105. Greitai atsakysime ir pad\u0117sime.\n<\/h2>\t\t\t\t<\/div>\n\t\t\t\t\t<\/div>\n\t\t<\/div>\n\t\t\t\t\t<\/div>\n\t\t<\/section>\n\t\t\t\t<section class=\"elementor-section elementor-top-section elementor-element elementor-element-089834f elementor-section-boxed elementor-section-height-default elementor-section-height-default\" data-id=\"089834f\" data-element_type=\"section\" data-e-type=\"section\">\n\t\t\t\t\t\t<div class=\"elementor-container elementor-column-gap-extended\">\n\t\t\t\t\t<div class=\"elementor-column elementor-col-33 elementor-top-column elementor-element elementor-element-87e6166\" data-id=\"87e6166\" data-element_type=\"column\" data-e-type=\"column\">\n\t\t\t<div class=\"elementor-widget-wrap elementor-element-populated\">\n\t\t\t\t\t\t<div class=\"elementor-element elementor-element-82d61f1 elementor-widget elementor-widget-nm-feature\" data-id=\"82d61f1\" data-element_type=\"widget\" data-e-type=\"widget\" data-widget_type=\"nm-feature.default\">\n\t\t\t\t<div class=\"elementor-widget-container\">\n\t\t\t\t\t\n\t\t\t<div class=\"nm-feature layout-icon_left icon-style-simple bottom-spacing-small\"><div class=\"nm-feature-icon\"><i class=\"pe-7s-clock\"><\/i><\/div>\n\t\t\t\t<div class=\"nm-feature-content\"><h2>I-V 10:00 - 21:00<\/h2>\n\t\t\t\t\t<div class=\"wpb_text_column\"><p>Telefonas: +37064587142<br \/>\nJei nekeliame - visada perskambinsime \ud83d\ude42 <\/p>\n<p><a href=\"#\">labas@soLove.lt<\/a><\/p>\n<\/div>\n\t\t\t\t<\/div>\n\t\t\t<\/div>\t\t\t\t<\/div>\n\t\t\t\t<\/div>\n\t\t\t\t\t<\/div>\n\t\t<\/div>\n\t\t\t\t<div class=\"elementor-column elementor-col-33 elementor-top-column elementor-element elementor-element-38a8554\" data-id=\"38a8554\" data-element_type=\"column\" data-e-type=\"column\">\n\t\t\t<div class=\"elementor-widget-wrap elementor-element-populated\">\n\t\t\t\t\t\t<div class=\"elementor-element elementor-element-d1356b8 elementor-widget elementor-widget-nm-feature\" data-id=\"d1356b8\" data-element_type=\"widget\" data-e-type=\"widget\" data-widget_type=\"nm-feature.default\">\n\t\t\t\t<div class=\"elementor-widget-container\">\n\t\t\t\t\t\n\t\t\t<div class=\"nm-feature layout-icon_left icon-style-simple bottom-spacing-small\"><div class=\"nm-feature-icon\"><i class=\"pe-7s-map-marker\"><\/i><\/div>\n\t\t\t\t<div class=\"nm-feature-content\"><h2>Nori aplankyti? <\/h2>\n\t\t\t\t\t<div class=\"wpb_text_column\"><p>Esame internetin\u0117 parduotuv\u0117 ir d\u0117ja, kolkas, neturime savo fizin\u0117s vietos, kur gal\u0117tum\u0117me Jus priimti \ud83d\ude41<\/p>\n<\/div>\n\t\t\t\t<\/div>\n\t\t\t<\/div>\t\t\t\t<\/div>\n\t\t\t\t<\/div>\n\t\t\t\t\t<\/div>\n\t\t<\/div>\n\t\t\t\t<div class=\"elementor-column elementor-col-33 elementor-top-column elementor-element elementor-element-12e3bbf\" data-id=\"12e3bbf\" data-element_type=\"column\" data-e-type=\"column\">\n\t\t\t<div class=\"elementor-widget-wrap elementor-element-populated\">\n\t\t\t\t\t\t<div class=\"elementor-element elementor-element-3029f1f elementor-widget elementor-widget-nm-feature\" data-id=\"3029f1f\" data-element_type=\"widget\" data-e-type=\"widget\" data-widget_type=\"nm-feature.default\">\n\t\t\t\t<div class=\"elementor-widget-container\">\n\t\t\t\t\t\n\t\t\t<div class=\"nm-feature layout-icon_left icon-style-simple bottom-spacing-small\"><div class=\"nm-feature-icon\"><i class=\"pe-7s-portfolio\"><\/i><\/div>\n\t\t\t\t<div class=\"nm-feature-content\"><h2>Verslo ir \u012fmoni\u0173 u\u017eklausos <\/h2>\n\t\t\t\t\t<div class=\"wpb_text_column\"><p>Jeigu turite klausim\u0173 apie m\u016bs\u0173 sm\u0117lio \u017evakes, norite pateikti individual\u0173 u\u017esakym\u0105 ar domit\u0117s bendradarbiavimo galimyb\u0117mis, esame pasireng\u0119 pad\u0117ti. Mums svarbu palaikyti glaud\u0173 ry\u0161\u012f su klientais, tod\u0117l atsakome \u012f visus lai\u0161kus ir u\u017eklausas kaip \u012fmanoma grei\u010diau.<\/p>\n<p>Galite susisiekti el. pa\u0161tu, socialiniuose tinkluose arba u\u017epild\u0119 kontakt\u0173 form\u0105 puslapyje. Mielai patarsime d\u0117l \u017evaki\u0173 pasirinkimo, spalv\u0173 derini\u0173, dovan\u0173 id\u0117j\u0173 ar speciali\u0173 projekt\u0173. Taip pat suteikiame informacij\u0105 apie pristatym\u0105, apmok\u0117jim\u0105 ir gr\u0105\u017einimo s\u0105lygas.<\/p>\n<p><a href=\"#\">labas@soLove.lt<\/a><\/p>\n<\/div>\n\t\t\t\t<\/div>\n\t\t\t<\/div>\t\t\t\t<\/div>\n\t\t\t\t<\/div>\n\t\t\t\t\t<\/div>\n\t\t<\/div>\n\t\t\t\t\t<\/div>\n\t\t<\/section>\n\t\t<div class=\"elementor-element elementor-element-90277e8 e-flex e-con-boxed e-con e-parent\" data-id=\"90277e8\" data-element_type=\"container\" data-e-type=\"container\">\n\t\t\t\t\t<div class=\"e-con-inner\">\n\t\t<div class=\"elementor-element elementor-element-3608f85 e-con-full e-flex e-con e-child\" data-id=\"3608f85\" data-element_type=\"container\" data-e-type=\"container\">\n\t\t\t\t<div class=\"elementor-element elementor-element-1958797 elementor-widget elementor-widget-heading\" data-id=\"1958797\" data-element_type=\"widget\" data-e-type=\"widget\" data-widget_type=\"heading.default\">\n\t\t\t\t\t<h2 class=\"elementor-heading-title elementor-size-default\">soLove komanda dirba tam, kad kiekviena \u017evak\u0117 atne\u0161t\u0173 \u012f j\u016bs\u0173 namus nat\u016bralios \u0161viesos ir jaukumo. Lauksime j\u016bs\u0173 \u017einut\u0117s!<\/h2>\t\t\t\t<\/div>\n\t\t\t\t<\/div>\n\t\t\t\t\t<\/div>\n\t\t\t\t<\/div>\n\t\t<div class=\"elementor-element elementor-element-b389426 e-flex e-con-boxed e-con e-parent\" data-id=\"b389426\" data-element_type=\"container\" data-e-type=\"container\">\n\t\t\t\t\t<div class=\"e-con-inner\">\n\t\t<div class=\"elementor-element elementor-element-cd53978 e-con-full e-flex e-con e-child\" data-id=\"cd53978\" data-element_type=\"container\" data-e-type=\"container\">\n\t\t\t\t<div class=\"elementor-element elementor-element-1a62a14 elementor-widget__width-initial elementor-widget elementor-widget-heading\" data-id=\"1a62a14\" data-element_type=\"widget\" data-e-type=\"widget\" data-widget_type=\"heading.default\">\n\t\t\t\t\t<div class=\"elementor-heading-title elementor-size-default\"><a href=\"https:\/\/solove.lt\/en\/about-2\/\" ia=\"\">Apie m\u016bs\u0173 istorij\u0105 galite paskaityti \u010dia \u2013 #solove.lt\/apie\n<\/a><\/div>\t\t\t\t<\/div>\n\t\t\t\t<\/div>\n\t\t\t\t<div class=\"elementor-element elementor-element-208bed0 elementor-widget elementor-widget-image\" data-id=\"208bed0\" data-element_type=\"widget\" data-e-type=\"widget\" data-widget_type=\"image.default\">\n\t\t\t\t\t\t\t\t\t\t\t\t\t\t\t<img fetchpriority=\"high\" decoding=\"async\" width=\"1024\" height=\"613\" src=\"https:\/\/solove.lt\/wp-content\/uploads\/2025\/11\/Essential-5.jpg\" class=\"attachment-large size-large wp-image-2525\" alt=\"Solove kontaktai sm\u0117lio \u017evak\u0117s\" srcset=\"https:\/\/solove.lt\/wp-content\/uploads\/2025\/11\/Essential-5.jpg 1169w, https:\/\/solove.lt\/wp-content\/uploads\/2025\/11\/Essential-5-680x407.jpg 680w\" sizes=\"(max-width: 1024px) 100vw, 1024px\" \/>\t\t\t\t\t\t\t\t\t\t\t\t\t\t\t<\/div>\n\t\t\t\t\t<\/div>\n\t\t\t\t<\/div>\n\t\t<div class=\"elementor-element elementor-element-71526b4 e-flex e-con-boxed e-con e-parent\" data-id=\"71526b4\" data-element_type=\"container\" data-e-type=\"container\">\n\t\t\t\t\t<div class=\"e-con-inner\">\n\t\t\t\t<div class=\"elementor-element elementor-element-2a6ce3b elementor-widget elementor-widget-text-editor\" data-id=\"2a6ce3b\" data-element_type=\"widget\" data-e-type=\"widget\" data-widget_type=\"text-editor.default\">\n\t\t\t\t\t\t\t\t\t<p>Prekes \u0161ioje parduotuv\u0117je parduoda:<br data-start=\"822\" data-end=\"825\" \/><strong data-start=\"825\" data-end=\"835\">Ovidijus Sobutas<\/strong>, individuali veikla (ind. veiklos numeris \u2013 1477816).<\/p>\t\t\t\t\t\t\t\t<\/div>\n\t\t\t\t\t<\/div>\n\t\t\t\t<\/div>\n\t\t\t\t<\/div>","protected":false},"excerpt":{"rendered":"<p>Solove kontaktai \u2013 susisiekite su mumis, jei turite klausim\u0173 apie sm\u0117lio \u017evakes, u\u017esakymus, pristatym\u0105 ar bendradarbiavim\u0105. Greitai atsakysime ir pad\u0117sime. I-V 10:00 &#8211; 21:00 Telefonas: +37064587142 Jei nekeliame &#8211; visada perskambinsime \ud83d\ude42 labas@soLove.lt Nori aplankyti? Esame internetin\u0117 parduotuv\u0117 ir d\u0117ja, kolkas, neturime savo fizin\u0117s vietos, kur gal\u0117tum\u0117me Jus priimti \ud83d\ude41 Verslo ir \u012fmoni\u0173 u\u017eklausos Jeigu &hellip;<\/p>","protected":false},"author":1,"featured_media":0,"parent":0,"menu_order":0,"comment_status":"closed","ping_status":"closed","template":"","meta":{"footnotes":""},"class_list":["post-544","page","type-page","status-publish","hentry"],"yoast_head":"<!-- This site is optimized with the Yoast SEO plugin v27.4 - https:\/\/yoast.com\/product\/yoast-seo-wordpress\/ -->\n<title>soLove kontaktai \u2013 Susisiekite su mumis d\u0117l sm\u0117lio \u017evaki\u0173<\/title>\n<meta name=\"description\" content=\"Turite klausim\u0173 apie soLove sm\u0117lio \u017evakes? Susisiekite \u2013 atsakysime \u012f visus klausimus d\u0117l u\u017esakym\u0173, bendradarbiavimo ar personalizuot\u0173 \u017evaki\u0173\" \/>\n<meta name=\"robots\" content=\"index, follow, max-snippet:-1, max-image-preview:large, max-video-preview:-1\" \/>\n<link rel=\"canonical\" href=\"https:\/\/solove.lt\/en\/solove-kontaktai\/\" \/>\n<meta property=\"og:locale\" content=\"en_US\" \/>\n<meta property=\"og:type\" content=\"article\" \/>\n<meta property=\"og:title\" content=\"soLove kontaktai \u2013 Susisiekite su mumis d\u0117l sm\u0117lio \u017evaki\u0173\" \/>\n<meta property=\"og:description\" content=\"Turite klausim\u0173 apie soLove sm\u0117lio \u017evakes? Susisiekite \u2013 atsakysime \u012f visus klausimus d\u0117l u\u017esakym\u0173, bendradarbiavimo ar personalizuot\u0173 \u017evaki\u0173\" \/>\n<meta property=\"og:url\" content=\"https:\/\/solove.lt\/en\/solove-kontaktai\/\" \/>\n<meta property=\"og:site_name\" content=\"Solove\" \/>\n<meta property=\"article:modified_time\" content=\"2025-12-28T16:34:07+00:00\" \/>\n<meta property=\"og:image\" content=\"https:\/\/solove.lt\/wp-content\/uploads\/2025\/11\/Essential-5.jpg\" \/>\n\t<meta property=\"og:image:width\" content=\"1169\" \/>\n\t<meta property=\"og:image:height\" content=\"700\" \/>\n\t<meta property=\"og:image:type\" content=\"image\/jpeg\" \/>\n<meta name=\"twitter:card\" content=\"summary_large_image\" \/>\n<meta name=\"twitter:label1\" content=\"Est. reading time\" \/>\n\t<meta name=\"twitter:data1\" content=\"1 minute\" \/>\n<script type=\"application\/ld+json\" class=\"yoast-schema-graph\">{\"@context\":\"https:\\\/\\\/schema.org\",\"@graph\":[{\"@type\":\"WebPage\",\"@id\":\"https:\\\/\\\/solove.lt\\\/solove-kontaktai\\\/\",\"url\":\"https:\\\/\\\/solove.lt\\\/solove-kontaktai\\\/\",\"name\":\"soLove kontaktai \u2013 Susisiekite su mumis d\u0117l sm\u0117lio \u017evaki\u0173\",\"isPartOf\":{\"@id\":\"https:\\\/\\\/solove.lt\\\/#website\"},\"primaryImageOfPage\":{\"@id\":\"https:\\\/\\\/solove.lt\\\/solove-kontaktai\\\/#primaryimage\"},\"image\":{\"@id\":\"https:\\\/\\\/solove.lt\\\/solove-kontaktai\\\/#primaryimage\"},\"thumbnailUrl\":\"https:\\\/\\\/solove.lt\\\/wp-content\\\/uploads\\\/2025\\\/11\\\/Essential-5.jpg\",\"datePublished\":\"2015-08-12T12:42:39+00:00\",\"dateModified\":\"2025-12-28T16:34:07+00:00\",\"description\":\"Turite klausim\u0173 apie soLove sm\u0117lio \u017evakes? Susisiekite \u2013 atsakysime \u012f visus klausimus d\u0117l u\u017esakym\u0173, bendradarbiavimo ar personalizuot\u0173 \u017evaki\u0173\",\"breadcrumb\":{\"@id\":\"https:\\\/\\\/solove.lt\\\/solove-kontaktai\\\/#breadcrumb\"},\"inLanguage\":\"en-US\",\"potentialAction\":[{\"@type\":\"ReadAction\",\"target\":[\"https:\\\/\\\/solove.lt\\\/solove-kontaktai\\\/\"]}]},{\"@type\":\"ImageObject\",\"inLanguage\":\"en-US\",\"@id\":\"https:\\\/\\\/solove.lt\\\/solove-kontaktai\\\/#primaryimage\",\"url\":\"https:\\\/\\\/solove.lt\\\/wp-content\\\/uploads\\\/2025\\\/11\\\/Essential-5.jpg\",\"contentUrl\":\"https:\\\/\\\/solove.lt\\\/wp-content\\\/uploads\\\/2025\\\/11\\\/Essential-5.jpg\"},{\"@type\":\"BreadcrumbList\",\"@id\":\"https:\\\/\\\/solove.lt\\\/solove-kontaktai\\\/#breadcrumb\",\"itemListElement\":[{\"@type\":\"ListItem\",\"position\":1,\"name\":\"Home\",\"item\":\"https:\\\/\\\/solove.lt\\\/\"},{\"@type\":\"ListItem\",\"position\":2,\"name\":\"Kontaktai\"}]},{\"@type\":\"WebSite\",\"@id\":\"https:\\\/\\\/solove.lt\\\/#website\",\"url\":\"https:\\\/\\\/solove.lt\\\/\",\"name\":\"Solove\",\"description\":\"Nat\u016bral\u016bs nam\u0173 kvapai ir \u017evaki\u0173 sm\u0117lis\",\"publisher\":{\"@id\":\"https:\\\/\\\/solove.lt\\\/#organization\"},\"potentialAction\":[{\"@type\":\"SearchAction\",\"target\":{\"@type\":\"EntryPoint\",\"urlTemplate\":\"https:\\\/\\\/solove.lt\\\/?s={search_term_string}\"},\"query-input\":{\"@type\":\"PropertyValueSpecification\",\"valueRequired\":true,\"valueName\":\"search_term_string\"}}],\"inLanguage\":\"en-US\"},{\"@type\":\"Organization\",\"@id\":\"https:\\\/\\\/solove.lt\\\/#organization\",\"name\":\"Solove\",\"url\":\"https:\\\/\\\/solove.lt\\\/\",\"logo\":{\"@type\":\"ImageObject\",\"inLanguage\":\"en-US\",\"@id\":\"https:\\\/\\\/solove.lt\\\/#\\\/schema\\\/logo\\\/image\\\/\",\"url\":\"https:\\\/\\\/solove.lt\\\/wp-content\\\/uploads\\\/2025\\\/11\\\/logo.svg\",\"contentUrl\":\"https:\\\/\\\/solove.lt\\\/wp-content\\\/uploads\\\/2025\\\/11\\\/logo.svg\",\"width\":320,\"height\":280,\"caption\":\"Solove\"},\"image\":{\"@id\":\"https:\\\/\\\/solove.lt\\\/#\\\/schema\\\/logo\\\/image\\\/\"},\"sameAs\":[\"https:\\\/\\\/www.instagram.com\\\/solove.lt\\\/\"]}]}<\/script>\n<!-- \/ Yoast SEO plugin. -->","yoast_head_json":{"title":"soLove kontaktai \u2013 Susisiekite su mumis d\u0117l sm\u0117lio \u017evaki\u0173","description":"Turite klausim\u0173 apie soLove sm\u0117lio \u017evakes? Susisiekite \u2013 atsakysime \u012f visus klausimus d\u0117l u\u017esakym\u0173, bendradarbiavimo ar personalizuot\u0173 \u017evaki\u0173","robots":{"index":"index","follow":"follow","max-snippet":"max-snippet:-1","max-image-preview":"max-image-preview:large","max-video-preview":"max-video-preview:-1"},"canonical":"https:\/\/solove.lt\/en\/solove-kontaktai\/","og_locale":"en_US","og_type":"article","og_title":"soLove kontaktai \u2013 Susisiekite su mumis d\u0117l sm\u0117lio \u017evaki\u0173","og_description":"Turite klausim\u0173 apie soLove sm\u0117lio \u017evakes? Susisiekite \u2013 atsakysime \u012f visus klausimus d\u0117l u\u017esakym\u0173, bendradarbiavimo ar personalizuot\u0173 \u017evaki\u0173","og_url":"https:\/\/solove.lt\/en\/solove-kontaktai\/","og_site_name":"Solove","article_modified_time":"2025-12-28T16:34:07+00:00","og_image":[{"width":1169,"height":700,"url":"https:\/\/solove.lt\/wp-content\/uploads\/2025\/11\/Essential-5.jpg","type":"image\/jpeg"}],"twitter_card":"summary_large_image","twitter_misc":{"Est. reading time":"1 minute"},"schema":{"@context":"https:\/\/schema.org","@graph":[{"@type":"WebPage","@id":"https:\/\/solove.lt\/solove-kontaktai\/","url":"https:\/\/solove.lt\/solove-kontaktai\/","name":"soLove kontaktai \u2013 Susisiekite su mumis d\u0117l sm\u0117lio \u017evaki\u0173","isPartOf":{"@id":"https:\/\/solove.lt\/#website"},"primaryImageOfPage":{"@id":"https:\/\/solove.lt\/solove-kontaktai\/#primaryimage"},"image":{"@id":"https:\/\/solove.lt\/solove-kontaktai\/#primaryimage"},"thumbnailUrl":"https:\/\/solove.lt\/wp-content\/uploads\/2025\/11\/Essential-5.jpg","datePublished":"2015-08-12T12:42:39+00:00","dateModified":"2025-12-28T16:34:07+00:00","description":"Turite klausim\u0173 apie soLove sm\u0117lio \u017evakes? Susisiekite \u2013 atsakysime \u012f visus klausimus d\u0117l u\u017esakym\u0173, bendradarbiavimo ar personalizuot\u0173 \u017evaki\u0173","breadcrumb":{"@id":"https:\/\/solove.lt\/solove-kontaktai\/#breadcrumb"},"inLanguage":"en-US","potentialAction":[{"@type":"ReadAction","target":["https:\/\/solove.lt\/solove-kontaktai\/"]}]},{"@type":"ImageObject","inLanguage":"en-US","@id":"https:\/\/solove.lt\/solove-kontaktai\/#primaryimage","url":"https:\/\/solove.lt\/wp-content\/uploads\/2025\/11\/Essential-5.jpg","contentUrl":"https:\/\/solove.lt\/wp-content\/uploads\/2025\/11\/Essential-5.jpg"},{"@type":"BreadcrumbList","@id":"https:\/\/solove.lt\/solove-kontaktai\/#breadcrumb","itemListElement":[{"@type":"ListItem","position":1,"name":"Home","item":"https:\/\/solove.lt\/"},{"@type":"ListItem","position":2,"name":"Kontaktai"}]},{"@type":"WebSite","@id":"https:\/\/solove.lt\/#website","url":"https:\/\/solove.lt\/","name":"Solove","description":"Nat\u016bral\u016bs nam\u0173 kvapai ir \u017evaki\u0173 sm\u0117lis","publisher":{"@id":"https:\/\/solove.lt\/#organization"},"potentialAction":[{"@type":"SearchAction","target":{"@type":"EntryPoint","urlTemplate":"https:\/\/solove.lt\/?s={search_term_string}"},"query-input":{"@type":"PropertyValueSpecification","valueRequired":true,"valueName":"search_term_string"}}],"inLanguage":"en-US"},{"@type":"Organization","@id":"https:\/\/solove.lt\/#organization","name":"Solove","url":"https:\/\/solove.lt\/","logo":{"@type":"ImageObject","inLanguage":"en-US","@id":"https:\/\/solove.lt\/#\/schema\/logo\/image\/","url":"https:\/\/solove.lt\/wp-content\/uploads\/2025\/11\/logo.svg","contentUrl":"https:\/\/solove.lt\/wp-content\/uploads\/2025\/11\/logo.svg","width":320,"height":280,"caption":"Solove"},"image":{"@id":"https:\/\/solove.lt\/#\/schema\/logo\/image\/"},"sameAs":["https:\/\/www.instagram.com\/solove.lt\/"]}]}},"_links":{"self":[{"href":"https:\/\/solove.lt\/en\/wp-json\/wp\/v2\/pages\/544","targetHints":{"allow":["GET"]}}],"collection":[{"href":"https:\/\/solove.lt\/en\/wp-json\/wp\/v2\/pages"}],"about":[{"href":"https:\/\/solove.lt\/en\/wp-json\/wp\/v2\/types\/page"}],"author":[{"embeddable":true,"href":"https:\/\/solove.lt\/en\/wp-json\/wp\/v2\/users\/1"}],"replies":[{"embeddable":true,"href":"https:\/\/solove.lt\/en\/wp-json\/wp\/v2\/comments?post=544"}],"version-history":[{"count":32,"href":"https:\/\/solove.lt\/en\/wp-json\/wp\/v2\/pages\/544\/revisions"}],"predecessor-version":[{"id":4123,"href":"https:\/\/solove.lt\/en\/wp-json\/wp\/v2\/pages\/544\/revisions\/4123"}],"wp:attachment":[{"href":"https:\/\/solove.lt\/en\/wp-json\/wp\/v2\/media?parent=544"}],"curies":[{"name":"wp","href":"https:\/\/api.w.org\/{rel}","templated":true}]}}