{"id":3908,"date":"2025-12-05T11:29:14","date_gmt":"2025-12-05T09:29:14","guid":{"rendered":"https:\/\/solove.lt\/?page_id=3908"},"modified":"2025-12-05T11:29:57","modified_gmt":"2025-12-05T09:29:57","slug":"kaip-naudoti","status":"publish","type":"page","link":"https:\/\/solove.lt\/en\/kaip-naudoti\/","title":{"rendered":"Kaip naudoti?"},"content":{"rendered":"<div data-elementor-type=\"wp-page\" data-elementor-id=\"3908\" class=\"elementor elementor-3908\">\n\t\t\t\t<div class=\"elementor-element elementor-element-3d1792e e-flex e-con-boxed e-con e-parent\" data-id=\"3d1792e\" data-element_type=\"container\" data-e-type=\"container\">\n\t\t\t\t\t<div class=\"e-con-inner\">\n\t\t\t\t<div class=\"elementor-element elementor-element-06707fe elementor-widget elementor-widget-image\" data-id=\"06707fe\" data-element_type=\"widget\" data-e-type=\"widget\" data-widget_type=\"image.default\">\n\t\t\t\t\t\t\t\t\t\t\t\t\t\t\t<img decoding=\"async\" src=\"https:\/\/solove.lt\/wp-content\/uploads\/elementor\/thumbs\/2024-4-scaled-rfpb02yi6cbcxw6zccbzx5ygxuwqbx2vbro915a74w.png\" title=\"cover\" alt=\"soLove \u017evaki\u0173 sm\u0117lio pagrindin\u0117 produkto nuotrauka \u2013 eleganti\u0161kas \u017evaki\u0173 sm\u0117lio vaizdas stikliniame inde, tinkamas k\u016brybi\u0161koms nam\u0173 dekoracijoms.\" loading=\"lazy\" \/>\t\t\t\t\t\t\t\t\t\t\t\t\t\t\t<\/div>\n\t\t\t\t\t<\/div>\n\t\t\t\t<\/div>\n\t\t<div class=\"elementor-element elementor-element-30a2c65 e-flex e-con-boxed e-con e-parent\" data-id=\"30a2c65\" data-element_type=\"container\" data-e-type=\"container\">\n\t\t\t\t\t<div class=\"e-con-inner\">\n\t\t\t\t<div class=\"elementor-element elementor-element-d3abfda elementor-widget elementor-widget-heading\" data-id=\"d3abfda\" data-element_type=\"widget\" data-e-type=\"widget\" data-widget_type=\"heading.default\">\n\t\t\t\t\t<h1 class=\"elementor-heading-title elementor-size-default\">Kaip naudoti? <\/h1>\t\t\t\t<\/div>\n\t\t\t\t<div class=\"elementor-element elementor-element-9fabfc5 elementor-widget elementor-widget-text-editor\" data-id=\"9fabfc5\" data-element_type=\"widget\" data-e-type=\"widget\" data-widget_type=\"text-editor.default\">\n\t\t\t\t\t\t\t\t\t<h4>Tai labai paprasta!<\/h4>\t\t\t\t\t\t\t\t<\/div>\n\t\t\t\t<div class=\"elementor-element elementor-element-2642675 elementor-widget elementor-widget-text-editor\" data-id=\"2642675\" data-element_type=\"widget\" data-e-type=\"widget\" data-widget_type=\"text-editor.default\">\n\t\t\t\t\t\t\t\t\t<h5><strong>\u017dvak\u0117 \u201eCandledust\u201c pa\u017eadina j\u016bs\u0173 k\u016brybi\u0161kum\u0105 ir leid\u017eia jam pakilti \u012f dideles auk\u0161tumas.<\/strong><\/h5>\t\t\t\t\t\t\t\t<\/div>\n\t\t\t\t<div class=\"elementor-element elementor-element-130e5f7 elementor-widget elementor-widget-text-editor\" data-id=\"130e5f7\" data-element_type=\"widget\" data-e-type=\"widget\" data-widget_type=\"text-editor.default\">\n\t\t\t\t\t\t\t\t\t<p>\u017dvak\u0117 \u201eCandledust\u201c yra nat\u016bralus \u017evaki\u0173 va\u0161kas. \u017dvaki\u0173 gamyba i\u0161 esm\u0117s yra tokia paprasta kaip <strong>1-2-3<\/strong>!<\/p><p><strong>1.<\/strong> Pasirinkite <strong>nedeg\u0173 ind\u0105<\/strong>, kurio skersmuo ne ma\u017eesnis kaip <strong>7<\/strong> cm.<\/p><p><strong>2. Pritvirtinkite<\/strong> dagt\u012f prie indo dugno arba <strong>\u012fsmeikite<\/strong> tiesiog \u012f \u017evaki\u0173 sm\u0117l\u012f.<\/p><p><strong>3.<\/strong> <strong>Supilkite<\/strong> \u017evaki\u0173 sm\u0117l\u012f \u012f ind\u0105. <strong>U\u017edekite<\/strong> ir <strong>m\u0117gaukit\u0117s.<\/strong><\/p><p>\u00a0<\/p>\t\t\t\t\t\t\t\t<\/div>\n\t\t\t\t<div class=\"elementor-element elementor-element-4ea86a6 elementor-widget elementor-widget-image\" data-id=\"4ea86a6\" data-element_type=\"widget\" data-e-type=\"widget\" data-widget_type=\"image.default\">\n\t\t\t\t\t\t\t\t\t\t\t\t\t\t\t<img fetchpriority=\"high\" decoding=\"async\" width=\"1024\" height=\"613\" src=\"https:\/\/solove.lt\/wp-content\/uploads\/2025\/12\/3-1-1-1024x613.jpg\" class=\"attachment-large size-large wp-image-3912\" alt=\"\" srcset=\"https:\/\/solove.lt\/wp-content\/uploads\/2025\/12\/3-1-1-1024x613.jpg 1024w, https:\/\/solove.lt\/wp-content\/uploads\/2025\/12\/3-1-1-300x180.jpg 300w, https:\/\/solove.lt\/wp-content\/uploads\/2025\/12\/3-1-1-768x460.jpg 768w, https:\/\/solove.lt\/wp-content\/uploads\/2025\/12\/3-1-1-18x12.jpg 18w, https:\/\/solove.lt\/wp-content\/uploads\/2025\/12\/3-1-1-680x407.jpg 680w, https:\/\/solove.lt\/wp-content\/uploads\/2025\/12\/3-1-1.jpg 1169w\" sizes=\"(max-width: 1024px) 100vw, 1024px\" \/>\t\t\t\t\t\t\t\t\t\t\t\t\t\t\t<\/div>\n\t\t\t\t\t<\/div>\n\t\t\t\t<\/div>\n\t\t<div class=\"elementor-element elementor-element-b348a92 e-flex e-con-boxed e-con e-parent\" data-id=\"b348a92\" data-element_type=\"container\" data-e-type=\"container\">\n\t\t\t\t\t<div class=\"e-con-inner\">\n\t\t\t\t<div class=\"elementor-element elementor-element-770caf5 elementor-widget elementor-widget-text-editor\" data-id=\"770caf5\" data-element_type=\"widget\" data-e-type=\"widget\" data-widget_type=\"text-editor.default\">\n\t\t\t\t\t\t\t\t\t<p>Vienas svarbiausi\u0173 <strong>sm\u0117lio \u017evak\u0117s privalum\u0173<\/strong> yra tai, kad galimyb\u0117s sukurti visi\u0161kai \u201esavo\u201c ir suasmenint\u0105 \u017evak\u0119 yra prakti\u0161kai neribotos.<\/p><p>\u017dinoma, kurdami <strong>sm\u0117lio \u017evak\u0119<\/strong>, galite naudoti visokius kitus tinkamus laikiklius, tokius kaip stiklainiai, senai m\u0117gstami puodeliai ar kiti indai \u2013 <strong>galimyb\u0117s neribotos<\/strong>.<br \/><strong>Kurdami savo<\/strong> \u017evak\u0119, galite pasirinkti \u017evakid\u0119, tinkam\u0105 konkre\u010diam kambariui ar situacijai. \u017dvak\u0117s su keliomis dagtimis dideliuose negiliuose induose atrodo ypa\u010d <strong>gra\u017eiai ir didingai<\/strong>, tik reikia atkreipti d\u0117mes\u012f, kad atstumas tarp \u017evaki\u0173 dag\u010di\u0173 tur\u0117t\u0173 b\u016bti ne ma\u017eesnis kaip <strong>8<\/strong> centimetrai. \u017dinoma, indai, kuriuos naudojate kaip \u017evakides, turi b\u016bti <strong>atspar\u016bs kar\u0161\u010diui<\/strong>.<\/p><p>Su \u201eTheCandledust\u201c sm\u0117lio \u017evak\u0117mis galite kurti skirtingus <strong>interjero elementus<\/strong> net kasdien \u2013 su sm\u0117lio \u017evake niekada nenuobod\u017eiausite!<br \/>Kad su\u017eadintume j\u016bs\u0173 vaizduot\u0119, \u201eTheCandledust\u201c si\u016blo plat\u0173 sm\u0117lio \u017evaki\u0173, <strong>kvepian\u010di\u0173 skirtingomis natomis<\/strong>, u\u017epild\u0173 pakuo\u010di\u0173 asortiment\u0105. Kuriant <strong>savo \u017evakes<\/strong>, susidaro minimalios \u0161iuk\u0161l\u0117s, o gamindami sm\u0117lio \u017evakes naudojame tik pilnavert\u012f, ekologi\u0161k\u0105 \u017evaki\u0173 va\u0161k\u0105.<\/p>\t\t\t\t\t\t\t\t<\/div>\n\t\t\t\t\t<\/div>\n\t\t\t\t<\/div>\n\t\t\t\t<\/div>","protected":false},"excerpt":{"rendered":"<p>Kaip naudoti? Tai labai paprasta! \u017dvak\u0117 \u201eCandledust\u201c pa\u017eadina j\u016bs\u0173 k\u016brybi\u0161kum\u0105 ir leid\u017eia jam pakilti \u012f dideles auk\u0161tumas. \u017dvak\u0117 \u201eCandledust\u201c yra nat\u016bralus \u017evaki\u0173 va\u0161kas. \u017dvaki\u0173 gamyba i\u0161 esm\u0117s yra tokia paprasta kaip 1-2-3! 1. Pasirinkite nedeg\u0173 ind\u0105, kurio skersmuo ne ma\u017eesnis kaip 7 cm. 2. Pritvirtinkite dagt\u012f prie indo dugno arba \u012fsmeikite tiesiog \u012f \u017evaki\u0173 sm\u0117l\u012f. &hellip;<\/p>","protected":false},"author":2,"featured_media":0,"parent":0,"menu_order":0,"comment_status":"closed","ping_status":"closed","template":"","meta":{"footnotes":""},"class_list":["post-3908","page","type-page","status-publish","hentry"],"yoast_head":"<!-- This site is optimized with the Yoast SEO plugin v27.4 - https:\/\/yoast.com\/product\/yoast-seo-wordpress\/ -->\n<title>Kaip naudoti? - soLove \u2013 Sm\u0117lio \u017evak\u0117s<\/title>\n<meta name=\"description\" content=\"soLove \u2013 sm\u0117lio \u017evak\u0117s pagamintos i\u0161 nat\u016bralaus augalinio va\u0161ko. \u0160variai degan\u010dios, be parafino, be suod\u017ei\u0173, tvarios ir stilingos \u2013 puikiai tinka interjerui ir dovanoms.\" \/>\n<meta name=\"robots\" content=\"index, follow, max-snippet:-1, max-image-preview:large, max-video-preview:-1\" \/>\n<link rel=\"canonical\" href=\"https:\/\/solove.lt\/en\/kaip-naudoti\/\" \/>\n<meta property=\"og:locale\" content=\"en_US\" \/>\n<meta property=\"og:type\" content=\"article\" \/>\n<meta property=\"og:title\" content=\"Kaip naudoti? - soLove \u2013 Sm\u0117lio \u017evak\u0117s\" \/>\n<meta property=\"og:description\" content=\"soLove \u2013 sm\u0117lio \u017evak\u0117s pagamintos i\u0161 nat\u016bralaus augalinio va\u0161ko. \u0160variai degan\u010dios, be parafino, be suod\u017ei\u0173, tvarios ir stilingos \u2013 puikiai tinka interjerui ir dovanoms.\" \/>\n<meta property=\"og:url\" content=\"https:\/\/solove.lt\/en\/kaip-naudoti\/\" \/>\n<meta property=\"og:site_name\" content=\"Solove\" \/>\n<meta property=\"article:modified_time\" content=\"2025-12-05T09:29:57+00:00\" \/>\n<meta property=\"og:image\" content=\"https:\/\/solove.lt\/wp-content\/uploads\/elementor\/thumbs\/2024-4-scaled-rfpb02yi6cbcxw6zccbzx5ygxuwqbx2vbro915a74w.png\" \/>\n<meta name=\"twitter:card\" content=\"summary_large_image\" \/>\n<meta name=\"twitter:label1\" content=\"Est. reading time\" \/>\n\t<meta name=\"twitter:data1\" content=\"1 minute\" \/>\n<script type=\"application\/ld+json\" class=\"yoast-schema-graph\">{\"@context\":\"https:\\\/\\\/schema.org\",\"@graph\":[{\"@type\":\"WebPage\",\"@id\":\"https:\\\/\\\/solove.lt\\\/kaip-naudoti\\\/\",\"url\":\"https:\\\/\\\/solove.lt\\\/kaip-naudoti\\\/\",\"name\":\"Kaip naudoti? - soLove \u2013 Sm\u0117lio \u017evak\u0117s\",\"isPartOf\":{\"@id\":\"https:\\\/\\\/solove.lt\\\/#website\"},\"primaryImageOfPage\":{\"@id\":\"https:\\\/\\\/solove.lt\\\/kaip-naudoti\\\/#primaryimage\"},\"image\":{\"@id\":\"https:\\\/\\\/solove.lt\\\/kaip-naudoti\\\/#primaryimage\"},\"thumbnailUrl\":\"https:\\\/\\\/solove.lt\\\/wp-content\\\/uploads\\\/elementor\\\/thumbs\\\/2024-4-scaled-rfpb02yi6cbcxw6zccbzx5ygxuwqbx2vbro915a74w.png\",\"datePublished\":\"2025-12-05T09:29:14+00:00\",\"dateModified\":\"2025-12-05T09:29:57+00:00\",\"description\":\"soLove \u2013 sm\u0117lio \u017evak\u0117s pagamintos i\u0161 nat\u016bralaus augalinio va\u0161ko. \u0160variai degan\u010dios, be parafino, be suod\u017ei\u0173, tvarios ir stilingos \u2013 puikiai tinka interjerui ir dovanoms.\",\"breadcrumb\":{\"@id\":\"https:\\\/\\\/solove.lt\\\/kaip-naudoti\\\/#breadcrumb\"},\"inLanguage\":\"en-US\",\"potentialAction\":[{\"@type\":\"ReadAction\",\"target\":[\"https:\\\/\\\/solove.lt\\\/kaip-naudoti\\\/\"]}]},{\"@type\":\"ImageObject\",\"inLanguage\":\"en-US\",\"@id\":\"https:\\\/\\\/solove.lt\\\/kaip-naudoti\\\/#primaryimage\",\"url\":\"https:\\\/\\\/solove.lt\\\/wp-content\\\/uploads\\\/elementor\\\/thumbs\\\/2024-4-scaled-rfpb02yi6cbcxw6zccbzx5ygxuwqbx2vbro915a74w.png\",\"contentUrl\":\"https:\\\/\\\/solove.lt\\\/wp-content\\\/uploads\\\/elementor\\\/thumbs\\\/2024-4-scaled-rfpb02yi6cbcxw6zccbzx5ygxuwqbx2vbro915a74w.png\"},{\"@type\":\"BreadcrumbList\",\"@id\":\"https:\\\/\\\/solove.lt\\\/kaip-naudoti\\\/#breadcrumb\",\"itemListElement\":[{\"@type\":\"ListItem\",\"position\":1,\"name\":\"Home\",\"item\":\"https:\\\/\\\/solove.lt\\\/\"},{\"@type\":\"ListItem\",\"position\":2,\"name\":\"Kaip naudoti?\"}]},{\"@type\":\"WebSite\",\"@id\":\"https:\\\/\\\/solove.lt\\\/#website\",\"url\":\"https:\\\/\\\/solove.lt\\\/\",\"name\":\"Solove\",\"description\":\"Nat\u016bral\u016bs nam\u0173 kvapai ir \u017evaki\u0173 sm\u0117lis\",\"publisher\":{\"@id\":\"https:\\\/\\\/solove.lt\\\/#organization\"},\"potentialAction\":[{\"@type\":\"SearchAction\",\"target\":{\"@type\":\"EntryPoint\",\"urlTemplate\":\"https:\\\/\\\/solove.lt\\\/?s={search_term_string}\"},\"query-input\":{\"@type\":\"PropertyValueSpecification\",\"valueRequired\":true,\"valueName\":\"search_term_string\"}}],\"inLanguage\":\"en-US\"},{\"@type\":\"Organization\",\"@id\":\"https:\\\/\\\/solove.lt\\\/#organization\",\"name\":\"Solove\",\"url\":\"https:\\\/\\\/solove.lt\\\/\",\"logo\":{\"@type\":\"ImageObject\",\"inLanguage\":\"en-US\",\"@id\":\"https:\\\/\\\/solove.lt\\\/#\\\/schema\\\/logo\\\/image\\\/\",\"url\":\"https:\\\/\\\/solove.lt\\\/wp-content\\\/uploads\\\/2025\\\/11\\\/logo.svg\",\"contentUrl\":\"https:\\\/\\\/solove.lt\\\/wp-content\\\/uploads\\\/2025\\\/11\\\/logo.svg\",\"width\":320,\"height\":280,\"caption\":\"Solove\"},\"image\":{\"@id\":\"https:\\\/\\\/solove.lt\\\/#\\\/schema\\\/logo\\\/image\\\/\"},\"sameAs\":[\"https:\\\/\\\/www.instagram.com\\\/solove.lt\\\/\"]}]}<\/script>\n<!-- \/ Yoast SEO plugin. -->","yoast_head_json":{"title":"Kaip naudoti? - soLove \u2013 Sm\u0117lio \u017evak\u0117s","description":"soLove \u2013 sm\u0117lio \u017evak\u0117s pagamintos i\u0161 nat\u016bralaus augalinio va\u0161ko. \u0160variai degan\u010dios, be parafino, be suod\u017ei\u0173, tvarios ir stilingos \u2013 puikiai tinka interjerui ir dovanoms.","robots":{"index":"index","follow":"follow","max-snippet":"max-snippet:-1","max-image-preview":"max-image-preview:large","max-video-preview":"max-video-preview:-1"},"canonical":"https:\/\/solove.lt\/en\/kaip-naudoti\/","og_locale":"en_US","og_type":"article","og_title":"Kaip naudoti? - soLove \u2013 Sm\u0117lio \u017evak\u0117s","og_description":"soLove \u2013 sm\u0117lio \u017evak\u0117s pagamintos i\u0161 nat\u016bralaus augalinio va\u0161ko. \u0160variai degan\u010dios, be parafino, be suod\u017ei\u0173, tvarios ir stilingos \u2013 puikiai tinka interjerui ir dovanoms.","og_url":"https:\/\/solove.lt\/en\/kaip-naudoti\/","og_site_name":"Solove","article_modified_time":"2025-12-05T09:29:57+00:00","og_image":[{"url":"https:\/\/solove.lt\/wp-content\/uploads\/elementor\/thumbs\/2024-4-scaled-rfpb02yi6cbcxw6zccbzx5ygxuwqbx2vbro915a74w.png","type":"","width":"","height":""}],"twitter_card":"summary_large_image","twitter_misc":{"Est. reading time":"1 minute"},"schema":{"@context":"https:\/\/schema.org","@graph":[{"@type":"WebPage","@id":"https:\/\/solove.lt\/kaip-naudoti\/","url":"https:\/\/solove.lt\/kaip-naudoti\/","name":"Kaip naudoti? - soLove \u2013 Sm\u0117lio \u017evak\u0117s","isPartOf":{"@id":"https:\/\/solove.lt\/#website"},"primaryImageOfPage":{"@id":"https:\/\/solove.lt\/kaip-naudoti\/#primaryimage"},"image":{"@id":"https:\/\/solove.lt\/kaip-naudoti\/#primaryimage"},"thumbnailUrl":"https:\/\/solove.lt\/wp-content\/uploads\/elementor\/thumbs\/2024-4-scaled-rfpb02yi6cbcxw6zccbzx5ygxuwqbx2vbro915a74w.png","datePublished":"2025-12-05T09:29:14+00:00","dateModified":"2025-12-05T09:29:57+00:00","description":"soLove \u2013 sm\u0117lio \u017evak\u0117s pagamintos i\u0161 nat\u016bralaus augalinio va\u0161ko. \u0160variai degan\u010dios, be parafino, be suod\u017ei\u0173, tvarios ir stilingos \u2013 puikiai tinka interjerui ir dovanoms.","breadcrumb":{"@id":"https:\/\/solove.lt\/kaip-naudoti\/#breadcrumb"},"inLanguage":"en-US","potentialAction":[{"@type":"ReadAction","target":["https:\/\/solove.lt\/kaip-naudoti\/"]}]},{"@type":"ImageObject","inLanguage":"en-US","@id":"https:\/\/solove.lt\/kaip-naudoti\/#primaryimage","url":"https:\/\/solove.lt\/wp-content\/uploads\/elementor\/thumbs\/2024-4-scaled-rfpb02yi6cbcxw6zccbzx5ygxuwqbx2vbro915a74w.png","contentUrl":"https:\/\/solove.lt\/wp-content\/uploads\/elementor\/thumbs\/2024-4-scaled-rfpb02yi6cbcxw6zccbzx5ygxuwqbx2vbro915a74w.png"},{"@type":"BreadcrumbList","@id":"https:\/\/solove.lt\/kaip-naudoti\/#breadcrumb","itemListElement":[{"@type":"ListItem","position":1,"name":"Home","item":"https:\/\/solove.lt\/"},{"@type":"ListItem","position":2,"name":"Kaip naudoti?"}]},{"@type":"WebSite","@id":"https:\/\/solove.lt\/#website","url":"https:\/\/solove.lt\/","name":"Solove","description":"Nat\u016bral\u016bs nam\u0173 kvapai ir \u017evaki\u0173 sm\u0117lis","publisher":{"@id":"https:\/\/solove.lt\/#organization"},"potentialAction":[{"@type":"SearchAction","target":{"@type":"EntryPoint","urlTemplate":"https:\/\/solove.lt\/?s={search_term_string}"},"query-input":{"@type":"PropertyValueSpecification","valueRequired":true,"valueName":"search_term_string"}}],"inLanguage":"en-US"},{"@type":"Organization","@id":"https:\/\/solove.lt\/#organization","name":"Solove","url":"https:\/\/solove.lt\/","logo":{"@type":"ImageObject","inLanguage":"en-US","@id":"https:\/\/solove.lt\/#\/schema\/logo\/image\/","url":"https:\/\/solove.lt\/wp-content\/uploads\/2025\/11\/logo.svg","contentUrl":"https:\/\/solove.lt\/wp-content\/uploads\/2025\/11\/logo.svg","width":320,"height":280,"caption":"Solove"},"image":{"@id":"https:\/\/solove.lt\/#\/schema\/logo\/image\/"},"sameAs":["https:\/\/www.instagram.com\/solove.lt\/"]}]}},"_links":{"self":[{"href":"https:\/\/solove.lt\/en\/wp-json\/wp\/v2\/pages\/3908","targetHints":{"allow":["GET"]}}],"collection":[{"href":"https:\/\/solove.lt\/en\/wp-json\/wp\/v2\/pages"}],"about":[{"href":"https:\/\/solove.lt\/en\/wp-json\/wp\/v2\/types\/page"}],"author":[{"embeddable":true,"href":"https:\/\/solove.lt\/en\/wp-json\/wp\/v2\/users\/2"}],"replies":[{"embeddable":true,"href":"https:\/\/solove.lt\/en\/wp-json\/wp\/v2\/comments?post=3908"}],"version-history":[{"count":4,"href":"https:\/\/solove.lt\/en\/wp-json\/wp\/v2\/pages\/3908\/revisions"}],"predecessor-version":[{"id":3915,"href":"https:\/\/solove.lt\/en\/wp-json\/wp\/v2\/pages\/3908\/revisions\/3915"}],"wp:attachment":[{"href":"https:\/\/solove.lt\/en\/wp-json\/wp\/v2\/media?parent=3908"}],"curies":[{"name":"wp","href":"https:\/\/api.w.org\/{rel}","templated":true}]}}