{"id":358,"date":"2015-08-12T12:27:19","date_gmt":"2015-08-12T12:27:19","guid":{"rendered":"http:\/\/savoy.nordicmade.com\/?page_id=358"},"modified":"2025-12-05T15:06:56","modified_gmt":"2025-12-05T13:06:56","slug":"about-2","status":"publish","type":"page","link":"https:\/\/solove.lt\/en\/about-2\/","title":{"rendered":"Apie mus"},"content":{"rendered":"<div data-elementor-type=\"wp-page\" data-elementor-id=\"358\" class=\"elementor elementor-358\">\n\t\t\t\t<div class=\"elementor-element elementor-element-09c65a2 e-flex e-con-boxed e-con e-parent\" data-id=\"09c65a2\" data-element_type=\"container\" data-e-type=\"container\">\n\t\t\t\t\t<div class=\"e-con-inner\">\n\t\t\t\t<div class=\"elementor-element elementor-element-707f8b1 elementor-widget elementor-widget-image\" data-id=\"707f8b1\" data-element_type=\"widget\" data-e-type=\"widget\" data-widget_type=\"image.default\">\n\t\t\t\t\t\t\t\t\t\t\t\t\t\t\t<img fetchpriority=\"high\" decoding=\"async\" width=\"1024\" height=\"695\" src=\"https:\/\/solove.lt\/wp-content\/uploads\/2025\/12\/Musu-pavadinimas-atsirado-is-minties-kad-geriausias-pasirinkimas-visada-yra-tas-kuri-diktuoja-sirdis.-Kai-saves-paklausi-\u201eKa-renkuosi-atsakymas-naturaliai-tampa-\u2013-meile.-Meile-jaukumui-groziu-1024x695.png\" class=\"attachment-large size-large wp-image-3951\" alt=\"Musu-pavadinimas-atsirado-is-minties-kad-geriausias-pasirinkimas-visada-yra-tas-kuri-diktuoja-sirdis.-\" srcset=\"https:\/\/solove.lt\/wp-content\/uploads\/2025\/12\/Musu-pavadinimas-atsirado-is-minties-kad-geriausias-pasirinkimas-visada-yra-tas-kuri-diktuoja-sirdis.-Kai-saves-paklausi-\u201eKa-renkuosi-atsakymas-naturaliai-tampa-\u2013-meile.-Meile-jaukumui-groziu-1024x695.png 1024w, https:\/\/solove.lt\/wp-content\/uploads\/2025\/12\/Musu-pavadinimas-atsirado-is-minties-kad-geriausias-pasirinkimas-visada-yra-tas-kuri-diktuoja-sirdis.-Kai-saves-paklausi-\u201eKa-renkuosi-atsakymas-naturaliai-tampa-\u2013-meile.-Meile-jaukumui-groziu-300x204.png 300w, https:\/\/solove.lt\/wp-content\/uploads\/2025\/12\/Musu-pavadinimas-atsirado-is-minties-kad-geriausias-pasirinkimas-visada-yra-tas-kuri-diktuoja-sirdis.-Kai-saves-paklausi-\u201eKa-renkuosi-atsakymas-naturaliai-tampa-\u2013-meile.-Meile-jaukumui-groziu-768x521.png 768w, https:\/\/solove.lt\/wp-content\/uploads\/2025\/12\/Musu-pavadinimas-atsirado-is-minties-kad-geriausias-pasirinkimas-visada-yra-tas-kuri-diktuoja-sirdis.-Kai-saves-paklausi-\u201eKa-renkuosi-atsakymas-naturaliai-tampa-\u2013-meile.-Meile-jaukumui-groziu-1536x1043.png 1536w, https:\/\/solove.lt\/wp-content\/uploads\/2025\/12\/Musu-pavadinimas-atsirado-is-minties-kad-geriausias-pasirinkimas-visada-yra-tas-kuri-diktuoja-sirdis.-Kai-saves-paklausi-\u201eKa-renkuosi-atsakymas-naturaliai-tampa-\u2013-meile.-Meile-jaukumui-groziu-18x12.png 18w, https:\/\/solove.lt\/wp-content\/uploads\/2025\/12\/Musu-pavadinimas-atsirado-is-minties-kad-geriausias-pasirinkimas-visada-yra-tas-kuri-diktuoja-sirdis.-Kai-saves-paklausi-\u201eKa-renkuosi-atsakymas-naturaliai-tampa-\u2013-meile.-Meile-jaukumui-groziu-680x462.png 680w, https:\/\/solove.lt\/wp-content\/uploads\/2025\/12\/Musu-pavadinimas-atsirado-is-minties-kad-geriausias-pasirinkimas-visada-yra-tas-kuri-diktuoja-sirdis.-Kai-saves-paklausi-\u201eKa-renkuosi-atsakymas-naturaliai-tampa-\u2013-meile.-Meile-jaukumui-groziu.png 2048w\" sizes=\"(max-width: 1024px) 100vw, 1024px\" \/>\t\t\t\t\t\t\t\t\t\t\t\t\t\t\t<\/div>\n\t\t\t\t\t<\/div>\n\t\t\t\t<\/div>\n\t\t\t\t<section class=\"elementor-section elementor-top-section elementor-element elementor-element-0cabd80 elementor-section-boxed elementor-section-height-default elementor-section-height-default\" data-id=\"0cabd80\" data-element_type=\"section\" data-e-type=\"section\">\n\t\t\t\t\t\t<div class=\"elementor-container elementor-column-gap-extended\">\n\t\t\t\t\t<div class=\"elementor-column elementor-col-50 elementor-top-column elementor-element elementor-element-004c2af\" data-id=\"004c2af\" data-element_type=\"column\" data-e-type=\"column\">\n\t\t\t<div class=\"elementor-widget-wrap elementor-element-populated\">\n\t\t\t\t\t\t<div class=\"elementor-element elementor-element-9eb89a1 elementor-widget__width-initial elementor-widget elementor-widget-heading\" data-id=\"9eb89a1\" data-element_type=\"widget\" data-e-type=\"widget\" data-widget_type=\"heading.default\">\n\t\t\t\t\t<h4 class=\"elementor-heading-title elementor-size-default\">Apie mus<\/h4>\t\t\t\t<\/div>\n\t\t\t\t\t<\/div>\n\t\t<\/div>\n\t\t\t\t<div class=\"elementor-column elementor-col-50 elementor-top-column elementor-element elementor-element-e968738\" data-id=\"e968738\" data-element_type=\"column\" data-e-type=\"column\">\n\t\t\t<div class=\"elementor-widget-wrap elementor-element-populated\">\n\t\t\t\t\t\t<div class=\"elementor-element elementor-element-edcf037 elementor-widget elementor-widget-text-editor\" data-id=\"edcf037\" data-element_type=\"widget\" data-e-type=\"widget\" data-widget_type=\"text-editor.default\">\n\t\t\t\t\t\t\t\t\t<p data-start=\"82\" data-end=\"432\">M\u016bs\u0173 id\u0117ja gim\u0117 i\u0161 noro kasdienyb\u0119 pripildyti jaukumo, estetikos ir kokyb\u0117s. Renkam\u0117s tik tas nam\u0173 ir gro\u017eio prekes, kurios kuria ger\u0105 jausm\u0105, yra patikimos ir malonios naudoti. Kiekvienas produktas prie\u0161 atsirinkdamas m\u016bs\u0173 lentynose praeina s\u0105\u017eining\u0105 vertinim\u0105 \u2013 tik taip galime u\u017etikrinti, kad klientams pasi\u016blysime tai, k\u0105 rekomenduotume ir patys.<\/p><p data-start=\"434\" data-end=\"738\">Mums svarbiausia, kad \u017emon\u0117s pasitik\u0117t\u0173 savo pasirinkimais ir jaust\u0173 ai\u0161ki\u0105 vert\u0119. Tikime, kad gra\u017ei aplinka ir kokybi\u0161ki ritualai gali b\u016bti paprasti, jei \u0161alia \u2013 tinkamai atrinktos detal\u0117s. \u010cia siekiame sukurti viet\u0105, kur lengva atrasti \u012fkv\u0117pim\u0105, rasti tai, kas tinka b\u016btent jums, ir sugr\u012f\u017eti dar kart\u0105.<\/p>\t\t\t\t\t\t\t\t<\/div>\n\t\t\t\t\t<\/div>\n\t\t<\/div>\n\t\t\t\t\t<\/div>\n\t\t<\/section>\n\t\t\t\t<section class=\"elementor-section elementor-top-section elementor-element elementor-element-38f9f1c elementor-section-boxed elementor-section-height-default elementor-section-height-default\" data-id=\"38f9f1c\" data-element_type=\"section\" data-e-type=\"section\">\n\t\t\t\t\t\t<div class=\"elementor-container elementor-column-gap-extended\">\n\t\t\t\t\t<div class=\"elementor-column elementor-col-50 elementor-top-column elementor-element elementor-element-18536f3\" data-id=\"18536f3\" data-element_type=\"column\" data-e-type=\"column\">\n\t\t\t<div class=\"elementor-widget-wrap elementor-element-populated\">\n\t\t\t\t\t\t<div class=\"elementor-element elementor-element-adb2430 elementor-widget elementor-widget-heading\" data-id=\"adb2430\" data-element_type=\"widget\" data-e-type=\"widget\" data-widget_type=\"heading.default\">\n\t\t\t\t\t<h4 class=\"elementor-heading-title elementor-size-default\">kontaktai<\/h4>\t\t\t\t<\/div>\n\t\t\t\t\t<\/div>\n\t\t<\/div>\n\t\t\t\t<div class=\"elementor-column elementor-col-50 elementor-top-column elementor-element elementor-element-f40756e\" data-id=\"f40756e\" data-element_type=\"column\" data-e-type=\"column\">\n\t\t\t<div class=\"elementor-widget-wrap elementor-element-populated\">\n\t\t\t\t\t\t<div class=\"elementor-element elementor-element-c551d30 elementor-widget elementor-widget-text-editor\" data-id=\"c551d30\" data-element_type=\"widget\" data-e-type=\"widget\" data-widget_type=\"text-editor.default\">\n\t\t\t\t\t\t\t\t\t<p>Telefonas: +37064587142<br \/><a href=\"#\">labas@solove.lt<\/a><\/p>\n<p>\u00a0<\/p>\t\t\t\t\t\t\t\t<\/div>\n\t\t\t\t\t<\/div>\n\t\t<\/div>\n\t\t\t\t\t<\/div>\n\t\t<\/section>\n\t\t\t\t<\/div>","protected":false},"excerpt":{"rendered":"<p>Apie mus M\u016bs\u0173 id\u0117ja gim\u0117 i\u0161 noro kasdienyb\u0119 pripildyti jaukumo, estetikos ir kokyb\u0117s. Renkam\u0117s tik tas nam\u0173 ir gro\u017eio prekes, kurios kuria ger\u0105 jausm\u0105, yra patikimos ir malonios naudoti. Kiekvienas produktas prie\u0161 atsirinkdamas m\u016bs\u0173 lentynose praeina s\u0105\u017eining\u0105 vertinim\u0105 \u2013 tik taip galime u\u017etikrinti, kad klientams pasi\u016blysime tai, k\u0105 rekomenduotume ir patys. Mums svarbiausia, kad \u017emon\u0117s &hellip;<\/p>","protected":false},"author":1,"featured_media":0,"parent":0,"menu_order":0,"comment_status":"closed","ping_status":"closed","template":"","meta":{"footnotes":""},"class_list":["post-358","page","type-page","status-publish","hentry"],"yoast_head":"<!-- This site is optimized with the Yoast SEO plugin v27.4 - https:\/\/yoast.com\/product\/yoast-seo-wordpress\/ -->\n<title>Sm\u0117lio \u017evak\u0117s \u2013 Apie sLlove | Nat\u016bralios, ekologi\u0161kos \u017evak\u0117s<\/title>\n<meta name=\"description\" content=\"Su\u017einokite soLove istorij\u0105 \u2013 kaip kuriamos m\u016bs\u0173 sm\u0117lio \u017evak\u0117s i\u0161 nat\u016bralaus augalinio va\u0161ko. Tvarios, ekologi\u0161kos ir esteti\u0161kos \u017evak\u0117s kiekvieniems namams.\" \/>\n<meta name=\"robots\" content=\"index, follow, max-snippet:-1, max-image-preview:large, max-video-preview:-1\" \/>\n<link rel=\"canonical\" href=\"https:\/\/solove.lt\/en\/about-2\/\" \/>\n<meta property=\"og:locale\" content=\"en_US\" \/>\n<meta property=\"og:type\" content=\"article\" \/>\n<meta property=\"og:title\" content=\"Sm\u0117lio \u017evak\u0117s \u2013 Apie sLlove | Nat\u016bralios, ekologi\u0161kos \u017evak\u0117s\" \/>\n<meta property=\"og:description\" content=\"Su\u017einokite soLove istorij\u0105 \u2013 kaip kuriamos m\u016bs\u0173 sm\u0117lio \u017evak\u0117s i\u0161 nat\u016bralaus augalinio va\u0161ko. Tvarios, ekologi\u0161kos ir esteti\u0161kos \u017evak\u0117s kiekvieniems namams.\" \/>\n<meta property=\"og:url\" content=\"https:\/\/solove.lt\/en\/about-2\/\" \/>\n<meta property=\"og:site_name\" content=\"Solove\" \/>\n<meta property=\"article:modified_time\" content=\"2025-12-05T13:06:56+00:00\" \/>\n<meta name=\"twitter:card\" content=\"summary_large_image\" \/>\n<meta name=\"twitter:label1\" content=\"Est. reading time\" \/>\n\t<meta name=\"twitter:data1\" content=\"2 minutes\" \/>\n<script type=\"application\/ld+json\" class=\"yoast-schema-graph\">{\"@context\":\"https:\\\/\\\/schema.org\",\"@graph\":[{\"@type\":\"WebPage\",\"@id\":\"https:\\\/\\\/solove.lt\\\/about-2\\\/\",\"url\":\"https:\\\/\\\/solove.lt\\\/about-2\\\/\",\"name\":\"Sm\u0117lio \u017evak\u0117s \u2013 Apie sLlove | Nat\u016bralios, ekologi\u0161kos \u017evak\u0117s\",\"isPartOf\":{\"@id\":\"https:\\\/\\\/solove.lt\\\/#website\"},\"datePublished\":\"2015-08-12T12:27:19+00:00\",\"dateModified\":\"2025-12-05T13:06:56+00:00\",\"description\":\"Su\u017einokite soLove istorij\u0105 \u2013 kaip kuriamos m\u016bs\u0173 sm\u0117lio \u017evak\u0117s i\u0161 nat\u016bralaus augalinio va\u0161ko. Tvarios, ekologi\u0161kos ir esteti\u0161kos \u017evak\u0117s kiekvieniems namams.\",\"breadcrumb\":{\"@id\":\"https:\\\/\\\/solove.lt\\\/about-2\\\/#breadcrumb\"},\"inLanguage\":\"en-US\",\"potentialAction\":[{\"@type\":\"ReadAction\",\"target\":[\"https:\\\/\\\/solove.lt\\\/about-2\\\/\"]}]},{\"@type\":\"BreadcrumbList\",\"@id\":\"https:\\\/\\\/solove.lt\\\/about-2\\\/#breadcrumb\",\"itemListElement\":[{\"@type\":\"ListItem\",\"position\":1,\"name\":\"Home\",\"item\":\"https:\\\/\\\/solove.lt\\\/\"},{\"@type\":\"ListItem\",\"position\":2,\"name\":\"Apie mus\"}]},{\"@type\":\"WebSite\",\"@id\":\"https:\\\/\\\/solove.lt\\\/#website\",\"url\":\"https:\\\/\\\/solove.lt\\\/\",\"name\":\"Solove\",\"description\":\"Nat\u016bral\u016bs nam\u0173 kvapai ir \u017evaki\u0173 sm\u0117lis\",\"publisher\":{\"@id\":\"https:\\\/\\\/solove.lt\\\/#organization\"},\"potentialAction\":[{\"@type\":\"SearchAction\",\"target\":{\"@type\":\"EntryPoint\",\"urlTemplate\":\"https:\\\/\\\/solove.lt\\\/?s={search_term_string}\"},\"query-input\":{\"@type\":\"PropertyValueSpecification\",\"valueRequired\":true,\"valueName\":\"search_term_string\"}}],\"inLanguage\":\"en-US\"},{\"@type\":\"Organization\",\"@id\":\"https:\\\/\\\/solove.lt\\\/#organization\",\"name\":\"Solove\",\"url\":\"https:\\\/\\\/solove.lt\\\/\",\"logo\":{\"@type\":\"ImageObject\",\"inLanguage\":\"en-US\",\"@id\":\"https:\\\/\\\/solove.lt\\\/#\\\/schema\\\/logo\\\/image\\\/\",\"url\":\"https:\\\/\\\/solove.lt\\\/wp-content\\\/uploads\\\/2025\\\/11\\\/logo.svg\",\"contentUrl\":\"https:\\\/\\\/solove.lt\\\/wp-content\\\/uploads\\\/2025\\\/11\\\/logo.svg\",\"width\":320,\"height\":280,\"caption\":\"Solove\"},\"image\":{\"@id\":\"https:\\\/\\\/solove.lt\\\/#\\\/schema\\\/logo\\\/image\\\/\"},\"sameAs\":[\"https:\\\/\\\/www.instagram.com\\\/solove.lt\\\/\"]}]}<\/script>\n<!-- \/ Yoast SEO plugin. -->","yoast_head_json":{"title":"Sm\u0117lio \u017evak\u0117s \u2013 Apie sLlove | Nat\u016bralios, ekologi\u0161kos \u017evak\u0117s","description":"Su\u017einokite soLove istorij\u0105 \u2013 kaip kuriamos m\u016bs\u0173 sm\u0117lio \u017evak\u0117s i\u0161 nat\u016bralaus augalinio va\u0161ko. Tvarios, ekologi\u0161kos ir esteti\u0161kos \u017evak\u0117s kiekvieniems namams.","robots":{"index":"index","follow":"follow","max-snippet":"max-snippet:-1","max-image-preview":"max-image-preview:large","max-video-preview":"max-video-preview:-1"},"canonical":"https:\/\/solove.lt\/en\/about-2\/","og_locale":"en_US","og_type":"article","og_title":"Sm\u0117lio \u017evak\u0117s \u2013 Apie sLlove | Nat\u016bralios, ekologi\u0161kos \u017evak\u0117s","og_description":"Su\u017einokite soLove istorij\u0105 \u2013 kaip kuriamos m\u016bs\u0173 sm\u0117lio \u017evak\u0117s i\u0161 nat\u016bralaus augalinio va\u0161ko. Tvarios, ekologi\u0161kos ir esteti\u0161kos \u017evak\u0117s kiekvieniems namams.","og_url":"https:\/\/solove.lt\/en\/about-2\/","og_site_name":"Solove","article_modified_time":"2025-12-05T13:06:56+00:00","twitter_card":"summary_large_image","twitter_misc":{"Est. reading time":"2 minutes"},"schema":{"@context":"https:\/\/schema.org","@graph":[{"@type":"WebPage","@id":"https:\/\/solove.lt\/about-2\/","url":"https:\/\/solove.lt\/about-2\/","name":"Sm\u0117lio \u017evak\u0117s \u2013 Apie sLlove | Nat\u016bralios, ekologi\u0161kos \u017evak\u0117s","isPartOf":{"@id":"https:\/\/solove.lt\/#website"},"datePublished":"2015-08-12T12:27:19+00:00","dateModified":"2025-12-05T13:06:56+00:00","description":"Su\u017einokite soLove istorij\u0105 \u2013 kaip kuriamos m\u016bs\u0173 sm\u0117lio \u017evak\u0117s i\u0161 nat\u016bralaus augalinio va\u0161ko. Tvarios, ekologi\u0161kos ir esteti\u0161kos \u017evak\u0117s kiekvieniems namams.","breadcrumb":{"@id":"https:\/\/solove.lt\/about-2\/#breadcrumb"},"inLanguage":"en-US","potentialAction":[{"@type":"ReadAction","target":["https:\/\/solove.lt\/about-2\/"]}]},{"@type":"BreadcrumbList","@id":"https:\/\/solove.lt\/about-2\/#breadcrumb","itemListElement":[{"@type":"ListItem","position":1,"name":"Home","item":"https:\/\/solove.lt\/"},{"@type":"ListItem","position":2,"name":"Apie mus"}]},{"@type":"WebSite","@id":"https:\/\/solove.lt\/#website","url":"https:\/\/solove.lt\/","name":"Solove","description":"Nat\u016bral\u016bs nam\u0173 kvapai ir \u017evaki\u0173 sm\u0117lis","publisher":{"@id":"https:\/\/solove.lt\/#organization"},"potentialAction":[{"@type":"SearchAction","target":{"@type":"EntryPoint","urlTemplate":"https:\/\/solove.lt\/?s={search_term_string}"},"query-input":{"@type":"PropertyValueSpecification","valueRequired":true,"valueName":"search_term_string"}}],"inLanguage":"en-US"},{"@type":"Organization","@id":"https:\/\/solove.lt\/#organization","name":"Solove","url":"https:\/\/solove.lt\/","logo":{"@type":"ImageObject","inLanguage":"en-US","@id":"https:\/\/solove.lt\/#\/schema\/logo\/image\/","url":"https:\/\/solove.lt\/wp-content\/uploads\/2025\/11\/logo.svg","contentUrl":"https:\/\/solove.lt\/wp-content\/uploads\/2025\/11\/logo.svg","width":320,"height":280,"caption":"Solove"},"image":{"@id":"https:\/\/solove.lt\/#\/schema\/logo\/image\/"},"sameAs":["https:\/\/www.instagram.com\/solove.lt\/"]}]}},"_links":{"self":[{"href":"https:\/\/solove.lt\/en\/wp-json\/wp\/v2\/pages\/358","targetHints":{"allow":["GET"]}}],"collection":[{"href":"https:\/\/solove.lt\/en\/wp-json\/wp\/v2\/pages"}],"about":[{"href":"https:\/\/solove.lt\/en\/wp-json\/wp\/v2\/types\/page"}],"author":[{"embeddable":true,"href":"https:\/\/solove.lt\/en\/wp-json\/wp\/v2\/users\/1"}],"replies":[{"embeddable":true,"href":"https:\/\/solove.lt\/en\/wp-json\/wp\/v2\/comments?post=358"}],"version-history":[{"count":13,"href":"https:\/\/solove.lt\/en\/wp-json\/wp\/v2\/pages\/358\/revisions"}],"predecessor-version":[{"id":4366,"href":"https:\/\/solove.lt\/en\/wp-json\/wp\/v2\/pages\/358\/revisions\/4366"}],"wp:attachment":[{"href":"https:\/\/solove.lt\/en\/wp-json\/wp\/v2\/media?parent=358"}],"curies":[{"name":"wp","href":"https:\/\/api.w.org\/{rel}","templated":true}]}}