{"id":2331,"date":"2015-08-11T16:25:00","date_gmt":"2015-08-11T16:25:00","guid":{"rendered":"http:\/\/savoy.nordicmade.com\/?page_id=21"},"modified":"2025-11-24T16:40:39","modified_gmt":"2025-11-24T16:40:39","slug":"wishlist","status":"publish","type":"page","link":"https:\/\/solove.lt\/en\/wishlist\/","title":{"rendered":"Nor\u0173 s\u0105ra\u0161as"},"content":{"rendered":"<div id=\"nm-wishlist-empty\" class=\"show\">\n    <div class=\"nm-row\">\n        <div class=\"col-xs-12\">\n            <p class=\"icon\"><i class=\"nm-font nm-font-close2\"><\/i><\/p>\n            <h1>The wishlist is currently empty.<\/h1>\n            <p class=\"note\">Click the <i class=\"nm-font nm-font-heart-o\"><\/i> icons to add products<\/p> \n            <p><a href=\"https:\/\/solove.lt\/en\/shop\/\" class=\"button\">Return to Shop<\/a><\/p>\n        <\/div>\n    <\/div>\n<\/div>","protected":false},"excerpt":{"rendered":"","protected":false},"author":1,"featured_media":0,"parent":0,"menu_order":0,"comment_status":"closed","ping_status":"closed","template":"","meta":{"footnotes":""},"class_list":["post-2331","page","type-page","status-publish","hentry"],"yoast_head":"<!-- This site is optimized with the Yoast SEO plugin v27.4 - https:\/\/yoast.com\/product\/yoast-seo-wordpress\/ -->\n<title>Nor\u0173 s\u0105ra\u0161as - soLove \u2013 Sm\u0117lio \u017evak\u0117s<\/title>\n<meta name=\"description\" content=\"soLove \u2013 sm\u0117lio \u017evak\u0117s pagamintos i\u0161 nat\u016bralaus augalinio va\u0161ko. \u0160variai degan\u010dios, be parafino, be suod\u017ei\u0173, tvarios ir stilingos \u2013 puikiai tinka interjerui ir dovanoms.\" \/>\n<meta name=\"robots\" content=\"index, follow, max-snippet:-1, max-image-preview:large, max-video-preview:-1\" \/>\n<link rel=\"canonical\" href=\"https:\/\/solove.lt\/en\/wishlist\/\" \/>\n<meta property=\"og:locale\" content=\"en_US\" \/>\n<meta property=\"og:type\" content=\"article\" \/>\n<meta property=\"og:title\" content=\"Nor\u0173 s\u0105ra\u0161as - soLove \u2013 Sm\u0117lio \u017evak\u0117s\" \/>\n<meta property=\"og:description\" content=\"soLove \u2013 sm\u0117lio \u017evak\u0117s pagamintos i\u0161 nat\u016bralaus augalinio va\u0161ko. \u0160variai degan\u010dios, be parafino, be suod\u017ei\u0173, tvarios ir stilingos \u2013 puikiai tinka interjerui ir dovanoms.\" \/>\n<meta property=\"og:url\" content=\"https:\/\/solove.lt\/en\/wishlist\/\" \/>\n<meta property=\"og:site_name\" content=\"Solove\" \/>\n<meta property=\"article:modified_time\" content=\"2025-11-24T16:40:39+00:00\" \/>\n<meta name=\"twitter:card\" content=\"summary_large_image\" \/>\n<script type=\"application\/ld+json\" class=\"yoast-schema-graph\">{\"@context\":\"https:\\\/\\\/schema.org\",\"@graph\":[{\"@type\":\"WebPage\",\"@id\":\"https:\\\/\\\/solove.lt\\\/wishlist\\\/\",\"url\":\"https:\\\/\\\/solove.lt\\\/wishlist\\\/\",\"name\":\"Nor\u0173 s\u0105ra\u0161as - soLove \u2013 Sm\u0117lio \u017evak\u0117s\",\"isPartOf\":{\"@id\":\"https:\\\/\\\/solove.lt\\\/#website\"},\"datePublished\":\"2015-08-11T16:25:00+00:00\",\"dateModified\":\"2025-11-24T16:40:39+00:00\",\"description\":\"soLove \u2013 sm\u0117lio \u017evak\u0117s pagamintos i\u0161 nat\u016bralaus augalinio va\u0161ko. \u0160variai degan\u010dios, be parafino, be suod\u017ei\u0173, tvarios ir stilingos \u2013 puikiai tinka interjerui ir dovanoms.\",\"breadcrumb\":{\"@id\":\"https:\\\/\\\/solove.lt\\\/wishlist\\\/#breadcrumb\"},\"inLanguage\":\"en-US\",\"potentialAction\":[{\"@type\":\"ReadAction\",\"target\":[\"https:\\\/\\\/solove.lt\\\/wishlist\\\/\"]}]},{\"@type\":\"BreadcrumbList\",\"@id\":\"https:\\\/\\\/solove.lt\\\/wishlist\\\/#breadcrumb\",\"itemListElement\":[{\"@type\":\"ListItem\",\"position\":1,\"name\":\"Home\",\"item\":\"https:\\\/\\\/solove.lt\\\/\"},{\"@type\":\"ListItem\",\"position\":2,\"name\":\"Nor\u0173 s\u0105ra\u0161as\"}]},{\"@type\":\"WebSite\",\"@id\":\"https:\\\/\\\/solove.lt\\\/#website\",\"url\":\"https:\\\/\\\/solove.lt\\\/\",\"name\":\"Solove\",\"description\":\"Nat\u016bral\u016bs nam\u0173 kvapai ir \u017evaki\u0173 sm\u0117lis\",\"publisher\":{\"@id\":\"https:\\\/\\\/solove.lt\\\/#organization\"},\"potentialAction\":[{\"@type\":\"SearchAction\",\"target\":{\"@type\":\"EntryPoint\",\"urlTemplate\":\"https:\\\/\\\/solove.lt\\\/?s={search_term_string}\"},\"query-input\":{\"@type\":\"PropertyValueSpecification\",\"valueRequired\":true,\"valueName\":\"search_term_string\"}}],\"inLanguage\":\"en-US\"},{\"@type\":\"Organization\",\"@id\":\"https:\\\/\\\/solove.lt\\\/#organization\",\"name\":\"Solove\",\"url\":\"https:\\\/\\\/solove.lt\\\/\",\"logo\":{\"@type\":\"ImageObject\",\"inLanguage\":\"en-US\",\"@id\":\"https:\\\/\\\/solove.lt\\\/#\\\/schema\\\/logo\\\/image\\\/\",\"url\":\"https:\\\/\\\/solove.lt\\\/wp-content\\\/uploads\\\/2025\\\/11\\\/logo.svg\",\"contentUrl\":\"https:\\\/\\\/solove.lt\\\/wp-content\\\/uploads\\\/2025\\\/11\\\/logo.svg\",\"width\":320,\"height\":280,\"caption\":\"Solove\"},\"image\":{\"@id\":\"https:\\\/\\\/solove.lt\\\/#\\\/schema\\\/logo\\\/image\\\/\"},\"sameAs\":[\"https:\\\/\\\/www.instagram.com\\\/solove.lt\\\/\"]}]}<\/script>\n<!-- \/ Yoast SEO plugin. -->","yoast_head_json":{"title":"Nor\u0173 s\u0105ra\u0161as - soLove \u2013 Sm\u0117lio \u017evak\u0117s","description":"soLove \u2013 sm\u0117lio \u017evak\u0117s pagamintos i\u0161 nat\u016bralaus augalinio va\u0161ko. \u0160variai degan\u010dios, be parafino, be suod\u017ei\u0173, tvarios ir stilingos \u2013 puikiai tinka interjerui ir dovanoms.","robots":{"index":"index","follow":"follow","max-snippet":"max-snippet:-1","max-image-preview":"max-image-preview:large","max-video-preview":"max-video-preview:-1"},"canonical":"https:\/\/solove.lt\/en\/wishlist\/","og_locale":"en_US","og_type":"article","og_title":"Nor\u0173 s\u0105ra\u0161as - soLove \u2013 Sm\u0117lio \u017evak\u0117s","og_description":"soLove \u2013 sm\u0117lio \u017evak\u0117s pagamintos i\u0161 nat\u016bralaus augalinio va\u0161ko. \u0160variai degan\u010dios, be parafino, be suod\u017ei\u0173, tvarios ir stilingos \u2013 puikiai tinka interjerui ir dovanoms.","og_url":"https:\/\/solove.lt\/en\/wishlist\/","og_site_name":"Solove","article_modified_time":"2025-11-24T16:40:39+00:00","twitter_card":"summary_large_image","schema":{"@context":"https:\/\/schema.org","@graph":[{"@type":"WebPage","@id":"https:\/\/solove.lt\/wishlist\/","url":"https:\/\/solove.lt\/wishlist\/","name":"Nor\u0173 s\u0105ra\u0161as - soLove \u2013 Sm\u0117lio \u017evak\u0117s","isPartOf":{"@id":"https:\/\/solove.lt\/#website"},"datePublished":"2015-08-11T16:25:00+00:00","dateModified":"2025-11-24T16:40:39+00:00","description":"soLove \u2013 sm\u0117lio \u017evak\u0117s pagamintos i\u0161 nat\u016bralaus augalinio va\u0161ko. \u0160variai degan\u010dios, be parafino, be suod\u017ei\u0173, tvarios ir stilingos \u2013 puikiai tinka interjerui ir dovanoms.","breadcrumb":{"@id":"https:\/\/solove.lt\/wishlist\/#breadcrumb"},"inLanguage":"en-US","potentialAction":[{"@type":"ReadAction","target":["https:\/\/solove.lt\/wishlist\/"]}]},{"@type":"BreadcrumbList","@id":"https:\/\/solove.lt\/wishlist\/#breadcrumb","itemListElement":[{"@type":"ListItem","position":1,"name":"Home","item":"https:\/\/solove.lt\/"},{"@type":"ListItem","position":2,"name":"Nor\u0173 s\u0105ra\u0161as"}]},{"@type":"WebSite","@id":"https:\/\/solove.lt\/#website","url":"https:\/\/solove.lt\/","name":"Solove","description":"Nat\u016bral\u016bs nam\u0173 kvapai ir \u017evaki\u0173 sm\u0117lis","publisher":{"@id":"https:\/\/solove.lt\/#organization"},"potentialAction":[{"@type":"SearchAction","target":{"@type":"EntryPoint","urlTemplate":"https:\/\/solove.lt\/?s={search_term_string}"},"query-input":{"@type":"PropertyValueSpecification","valueRequired":true,"valueName":"search_term_string"}}],"inLanguage":"en-US"},{"@type":"Organization","@id":"https:\/\/solove.lt\/#organization","name":"Solove","url":"https:\/\/solove.lt\/","logo":{"@type":"ImageObject","inLanguage":"en-US","@id":"https:\/\/solove.lt\/#\/schema\/logo\/image\/","url":"https:\/\/solove.lt\/wp-content\/uploads\/2025\/11\/logo.svg","contentUrl":"https:\/\/solove.lt\/wp-content\/uploads\/2025\/11\/logo.svg","width":320,"height":280,"caption":"Solove"},"image":{"@id":"https:\/\/solove.lt\/#\/schema\/logo\/image\/"},"sameAs":["https:\/\/www.instagram.com\/solove.lt\/"]}]}},"_links":{"self":[{"href":"https:\/\/solove.lt\/en\/wp-json\/wp\/v2\/pages\/2331","targetHints":{"allow":["GET"]}}],"collection":[{"href":"https:\/\/solove.lt\/en\/wp-json\/wp\/v2\/pages"}],"about":[{"href":"https:\/\/solove.lt\/en\/wp-json\/wp\/v2\/types\/page"}],"author":[{"embeddable":true,"href":"https:\/\/solove.lt\/en\/wp-json\/wp\/v2\/users\/1"}],"replies":[{"embeddable":true,"href":"https:\/\/solove.lt\/en\/wp-json\/wp\/v2\/comments?post=2331"}],"version-history":[{"count":1,"href":"https:\/\/solove.lt\/en\/wp-json\/wp\/v2\/pages\/2331\/revisions"}],"predecessor-version":[{"id":2483,"href":"https:\/\/solove.lt\/en\/wp-json\/wp\/v2\/pages\/2331\/revisions\/2483"}],"wp:attachment":[{"href":"https:\/\/solove.lt\/en\/wp-json\/wp\/v2\/media?parent=2331"}],"curies":[{"name":"wp","href":"https:\/\/api.w.org\/{rel}","templated":true}]}}