{"id":11,"date":"2025-12-08T19:48:30","date_gmt":"2025-12-08T17:48:30","guid":{"rendered":"http:\/\/dev.solove.lt\/?page_id=11"},"modified":"2025-12-08T20:13:04","modified_gmt":"2025-12-08T18:13:04","slug":"refund_returns","status":"publish","type":"page","link":"https:\/\/solove.lt\/en\/refund_returns\/","title":{"rendered":"Pinig\u0173 ir preki\u0173 gr\u0105\u017einimo politika"},"content":{"rendered":"<div data-elementor-type=\"wp-page\" data-elementor-id=\"11\" class=\"elementor elementor-11\">\n\t\t\t\t<div class=\"elementor-element elementor-element-648e677d e-flex e-con-boxed e-con e-parent\" data-id=\"648e677d\" data-element_type=\"container\" data-e-type=\"container\">\n\t\t\t\t\t<div class=\"e-con-inner\">\n\t\t\t\t<div class=\"elementor-element elementor-element-51672bca elementor-widget elementor-widget-text-editor\" data-id=\"51672bca\" data-element_type=\"widget\" data-e-type=\"widget\" data-widget_type=\"text-editor.default\">\n\t\t\t\t\t\t\t\t\t\n<h1 data-start=\"597\" data-end=\"621\"><strong data-start=\"599\" data-end=\"621\">Gr\u0105\u017einimo politika<\/strong><\/h1>\n<p data-start=\"623\" data-end=\"675\">Prekes galima gr\u0105\u017einti, jei tenkinamos \u0161ios s\u0105lygos:<\/p>\n<ul data-start=\"677\" data-end=\"1422\">\n<li data-start=\"677\" data-end=\"844\">\n<p data-start=\"679\" data-end=\"844\">Prek\u0117 gr\u0105\u017einama per 14<strong data-start=\"699\" data-end=\"711\">\u00a0dien\u0173<\/strong> nuo u\u017esakymo gavimo datos (i\u0161skyrus pagal u\u017esakym\u0105 gaminamas prekes, kurioms gali b\u016bti taikomas ilgesnis gr\u0105\u017einimo laikotarpis).<\/p>\n<\/li>\n<li data-start=\"845\" data-end=\"926\">\n<p data-start=\"847\" data-end=\"926\">Prek\u0117 turi b\u016bti nenaudota, nepa\u017eeista ir su visomis originaliomis etiket\u0117mis.<\/p>\n<\/li>\n<li data-start=\"927\" data-end=\"1013\">\n<p data-start=\"929\" data-end=\"1013\">Personalizuotos prek\u0117s, taip pat apatinis trikota\u017eas ir kojin\u0117s \u2013 <strong data-start=\"995\" data-end=\"1010\">negr\u0105\u017einami<\/strong>.<\/p>\n<\/li>\n<\/ul>\n<hr data-start=\"1424\" data-end=\"1427\" \/>\n<h1 data-start=\"1429\" data-end=\"1455\"><strong data-start=\"1431\" data-end=\"1455\">Gr\u0105\u017einimai ES viduje<\/strong><\/h1>\n<p data-start=\"1457\" data-end=\"1625\">Ra\u0161ykite mums el. pa\u0161tu <strong data-start=\"1481\" data-end=\"1503\"><a class=\"decorated-link cursor-pointer\" rel=\"noopener\" data-start=\"1483\" data-end=\"1501\">labas@solove.lt<\/a><\/strong>, nurodykite <strong data-start=\"1516\" data-end=\"1535\">u\u017esakymo numer\u012f<\/strong> ir kuri prek\u0117 gr\u0105\u017einama. Mes atsi\u0173sime gr\u0105\u017einimo etiket\u0119.<\/p>\n<h3 data-start=\"1627\" data-end=\"1666\"><strong data-start=\"1631\" data-end=\"1666\">Gr\u0105\u017einimo siuntimo mokes\u010diai ES<\/strong><\/h3>\n<p data-start=\"1667\" data-end=\"1777\">Gr\u0105\u017einimai ir keitimai turi siuntimo mokest\u012f, lyg\u0173 m\u016bs\u0173 standartiniams siuntimo tarifams \u2014 tarifus rasite <strong><a href=\"https:\/\/solove.lt\/en\/pirkimo-taisykles\/\">\u010dia<\/a>.<\/strong><\/p>\n<p data-start=\"1971\" data-end=\"2084\"><strong data-start=\"1971\" data-end=\"1983\">Pastaba:<\/strong> gr\u0105\u017einimo siuntimas i\u0161 <strong data-start=\"2007\" data-end=\"2037\">Graikijos, Maltos ir Kipro<\/strong> gali b\u016bti brangesnis, priklausomai nuo prek\u0117s.<\/p>\n<hr data-start=\"2086\" data-end=\"2089\" \/>\n<h1 data-start=\"2091\" data-end=\"2117\"><strong data-start=\"2093\" data-end=\"2117\">Gr\u0105\u017einimai JAV ir JK<\/strong><\/h1>\n<p data-start=\"2119\" data-end=\"2267\">Ra\u0161ykite mums el. pa\u0161tu <strong data-start=\"1481\" data-end=\"1503\"><a class=\"decorated-link cursor-pointer\" rel=\"noopener\" data-start=\"1483\" data-end=\"1501\">labas@solove.lt<\/a><\/strong>, nurodykite u\u017esakymo numer\u012f ir kuri prek\u0117 gr\u0105\u017einama. Mes atsi\u0173sime tinkamo sand\u0117lio gr\u0105\u017einimo adres\u0105.<\/p>\n<p data-start=\"2554\" data-end=\"2658\">\u00a0<\/p>\n<hr data-start=\"2660\" data-end=\"2663\" \/>\n<h1 data-start=\"2665\" data-end=\"2692\"><strong data-start=\"2667\" data-end=\"2692\">Gr\u0105\u017einim\u0173 apdorojimas<\/strong><\/h1>\n<p data-start=\"2694\" data-end=\"2865\">Kai prek\u0117 pasiekia m\u016bs\u0173 ar partneri\u0173 sand\u0117l\u012f ir atitinka gr\u0105\u017einimo s\u0105lygas, mes gr\u0105\u017einame pinigus pirk\u0117jui.<br data-start=\"2804\" data-end=\"2807\" \/>Pinig\u0173 gr\u0105\u017einimas paprastai u\u017etrunka <strong data-start=\"2844\" data-end=\"2865\">3\u20137 darbo dienas.<\/strong><\/p>\n<hr data-start=\"2867\" data-end=\"2870\" \/>\n<h1 data-start=\"2872\" data-end=\"2886\"><strong data-start=\"2874\" data-end=\"2886\">Keitimai<\/strong><\/h1>\n<p data-start=\"2888\" data-end=\"2990\">Keitimai apdorojami taip pat, kaip gr\u0105\u017einimai. Jei klientas nori kito dyd\u017eio ar kitos prek\u0117s, tiesiog:<\/p>\n<ol data-start=\"2992\" data-end=\"3054\">\n<li data-start=\"2992\" data-end=\"3023\">\n<p data-start=\"2995\" data-end=\"3023\">Gr\u0105\u017einate originali\u0105 prek\u0119<\/p>\n<\/li>\n<li data-start=\"3024\" data-end=\"3054\">\n<p data-start=\"3027\" data-end=\"3054\">Pateikiate nauj\u0105 u\u017esakym\u0105<\/p>\n<\/li>\n<\/ol>\n<hr data-start=\"3136\" data-end=\"3139\" \/>\n<p data-start=\"3141\" data-end=\"3256\">Jei turite klausim\u0173 d\u0117l gr\u0105\u017einim\u0173 ar keitim\u0173, para\u0161ykite mums el. pa\u0161tu: <strong data-start=\"1481\" data-end=\"1503\"><a class=\"decorated-link cursor-pointer\" rel=\"noopener\" data-start=\"1483\" data-end=\"1501\">labas@solove.lt<\/a><\/strong><\/p>\n\t\t\t\t\t\t\t\t<\/div>\n\t\t\t\t\t<\/div>\n\t\t\t\t<\/div>\n\t\t\t\t<\/div>","protected":false},"excerpt":{"rendered":"<p>Gr\u0105\u017einimo politika Prekes galima gr\u0105\u017einti, jei tenkinamos \u0161ios s\u0105lygos: Prek\u0117 gr\u0105\u017einama per 14\u00a0dien\u0173 nuo u\u017esakymo gavimo datos (i\u0161skyrus pagal u\u017esakym\u0105 gaminamas prekes, kurioms gali b\u016bti taikomas ilgesnis gr\u0105\u017einimo laikotarpis). Prek\u0117 turi b\u016bti nenaudota, nepa\u017eeista ir su visomis originaliomis etiket\u0117mis. Personalizuotos prek\u0117s, taip pat apatinis trikota\u017eas ir kojin\u0117s \u2013 negr\u0105\u017einami. Gr\u0105\u017einimai ES viduje Ra\u0161ykite mums el. &hellip;<\/p>","protected":false},"author":1,"featured_media":0,"parent":0,"menu_order":0,"comment_status":"closed","ping_status":"closed","template":"","meta":{"footnotes":""},"class_list":["post-11","page","type-page","status-publish","hentry"],"yoast_head":"<!-- This site is optimized with the Yoast SEO plugin v27.4 - https:\/\/yoast.com\/product\/yoast-seo-wordpress\/ -->\n<title>Pinig\u0173 ir preki\u0173 gr\u0105\u017einimo politika - soLove \u2013 Sm\u0117lio \u017evak\u0117s<\/title>\n<meta name=\"description\" content=\"soLove \u2013 sm\u0117lio \u017evak\u0117s pagamintos i\u0161 nat\u016bralaus augalinio va\u0161ko. \u0160variai degan\u010dios, be parafino, be suod\u017ei\u0173, tvarios ir stilingos \u2013 puikiai tinka interjerui ir dovanoms.\" \/>\n<meta name=\"robots\" content=\"index, follow, max-snippet:-1, max-image-preview:large, max-video-preview:-1\" \/>\n<link rel=\"canonical\" href=\"https:\/\/solove.lt\/en\/refund_returns\/\" \/>\n<meta property=\"og:locale\" content=\"en_US\" \/>\n<meta property=\"og:type\" content=\"article\" \/>\n<meta property=\"og:title\" content=\"Pinig\u0173 ir preki\u0173 gr\u0105\u017einimo politika - soLove \u2013 Sm\u0117lio \u017evak\u0117s\" \/>\n<meta property=\"og:description\" content=\"soLove \u2013 sm\u0117lio \u017evak\u0117s pagamintos i\u0161 nat\u016bralaus augalinio va\u0161ko. \u0160variai degan\u010dios, be parafino, be suod\u017ei\u0173, tvarios ir stilingos \u2013 puikiai tinka interjerui ir dovanoms.\" \/>\n<meta property=\"og:url\" content=\"https:\/\/solove.lt\/en\/refund_returns\/\" \/>\n<meta property=\"og:site_name\" content=\"Solove\" \/>\n<meta property=\"article:modified_time\" content=\"2025-12-08T18:13:04+00:00\" \/>\n<meta name=\"twitter:card\" content=\"summary_large_image\" \/>\n<meta name=\"twitter:label1\" content=\"Est. reading time\" \/>\n\t<meta name=\"twitter:data1\" content=\"1 minute\" \/>\n<script type=\"application\/ld+json\" class=\"yoast-schema-graph\">{\"@context\":\"https:\\\/\\\/schema.org\",\"@graph\":[{\"@type\":\"WebPage\",\"@id\":\"https:\\\/\\\/solove.lt\\\/refund_returns\\\/\",\"url\":\"https:\\\/\\\/solove.lt\\\/refund_returns\\\/\",\"name\":\"Pinig\u0173 ir preki\u0173 gr\u0105\u017einimo politika - soLove \u2013 Sm\u0117lio \u017evak\u0117s\",\"isPartOf\":{\"@id\":\"https:\\\/\\\/solove.lt\\\/#website\"},\"datePublished\":\"2025-12-08T17:48:30+00:00\",\"dateModified\":\"2025-12-08T18:13:04+00:00\",\"description\":\"soLove \u2013 sm\u0117lio \u017evak\u0117s pagamintos i\u0161 nat\u016bralaus augalinio va\u0161ko. \u0160variai degan\u010dios, be parafino, be suod\u017ei\u0173, tvarios ir stilingos \u2013 puikiai tinka interjerui ir dovanoms.\",\"breadcrumb\":{\"@id\":\"https:\\\/\\\/solove.lt\\\/refund_returns\\\/#breadcrumb\"},\"inLanguage\":\"en-US\",\"potentialAction\":[{\"@type\":\"ReadAction\",\"target\":[\"https:\\\/\\\/solove.lt\\\/refund_returns\\\/\"]}]},{\"@type\":\"BreadcrumbList\",\"@id\":\"https:\\\/\\\/solove.lt\\\/refund_returns\\\/#breadcrumb\",\"itemListElement\":[{\"@type\":\"ListItem\",\"position\":1,\"name\":\"Home\",\"item\":\"https:\\\/\\\/solove.lt\\\/\"},{\"@type\":\"ListItem\",\"position\":2,\"name\":\"Pinig\u0173 ir preki\u0173 gr\u0105\u017einimo politika\"}]},{\"@type\":\"WebSite\",\"@id\":\"https:\\\/\\\/solove.lt\\\/#website\",\"url\":\"https:\\\/\\\/solove.lt\\\/\",\"name\":\"Solove\",\"description\":\"Nat\u016bral\u016bs nam\u0173 kvapai ir \u017evaki\u0173 sm\u0117lis\",\"publisher\":{\"@id\":\"https:\\\/\\\/solove.lt\\\/#organization\"},\"potentialAction\":[{\"@type\":\"SearchAction\",\"target\":{\"@type\":\"EntryPoint\",\"urlTemplate\":\"https:\\\/\\\/solove.lt\\\/?s={search_term_string}\"},\"query-input\":{\"@type\":\"PropertyValueSpecification\",\"valueRequired\":true,\"valueName\":\"search_term_string\"}}],\"inLanguage\":\"en-US\"},{\"@type\":\"Organization\",\"@id\":\"https:\\\/\\\/solove.lt\\\/#organization\",\"name\":\"Solove\",\"url\":\"https:\\\/\\\/solove.lt\\\/\",\"logo\":{\"@type\":\"ImageObject\",\"inLanguage\":\"en-US\",\"@id\":\"https:\\\/\\\/solove.lt\\\/#\\\/schema\\\/logo\\\/image\\\/\",\"url\":\"https:\\\/\\\/solove.lt\\\/wp-content\\\/uploads\\\/2025\\\/11\\\/logo.svg\",\"contentUrl\":\"https:\\\/\\\/solove.lt\\\/wp-content\\\/uploads\\\/2025\\\/11\\\/logo.svg\",\"width\":320,\"height\":280,\"caption\":\"Solove\"},\"image\":{\"@id\":\"https:\\\/\\\/solove.lt\\\/#\\\/schema\\\/logo\\\/image\\\/\"},\"sameAs\":[\"https:\\\/\\\/www.instagram.com\\\/solove.lt\\\/\"]}]}<\/script>\n<!-- \/ Yoast SEO plugin. -->","yoast_head_json":{"title":"Pinig\u0173 ir preki\u0173 gr\u0105\u017einimo politika - soLove \u2013 Sm\u0117lio \u017evak\u0117s","description":"soLove \u2013 sm\u0117lio \u017evak\u0117s pagamintos i\u0161 nat\u016bralaus augalinio va\u0161ko. \u0160variai degan\u010dios, be parafino, be suod\u017ei\u0173, tvarios ir stilingos \u2013 puikiai tinka interjerui ir dovanoms.","robots":{"index":"index","follow":"follow","max-snippet":"max-snippet:-1","max-image-preview":"max-image-preview:large","max-video-preview":"max-video-preview:-1"},"canonical":"https:\/\/solove.lt\/en\/refund_returns\/","og_locale":"en_US","og_type":"article","og_title":"Pinig\u0173 ir preki\u0173 gr\u0105\u017einimo politika - soLove \u2013 Sm\u0117lio \u017evak\u0117s","og_description":"soLove \u2013 sm\u0117lio \u017evak\u0117s pagamintos i\u0161 nat\u016bralaus augalinio va\u0161ko. \u0160variai degan\u010dios, be parafino, be suod\u017ei\u0173, tvarios ir stilingos \u2013 puikiai tinka interjerui ir dovanoms.","og_url":"https:\/\/solove.lt\/en\/refund_returns\/","og_site_name":"Solove","article_modified_time":"2025-12-08T18:13:04+00:00","twitter_card":"summary_large_image","twitter_misc":{"Est. reading time":"1 minute"},"schema":{"@context":"https:\/\/schema.org","@graph":[{"@type":"WebPage","@id":"https:\/\/solove.lt\/refund_returns\/","url":"https:\/\/solove.lt\/refund_returns\/","name":"Pinig\u0173 ir preki\u0173 gr\u0105\u017einimo politika - soLove \u2013 Sm\u0117lio \u017evak\u0117s","isPartOf":{"@id":"https:\/\/solove.lt\/#website"},"datePublished":"2025-12-08T17:48:30+00:00","dateModified":"2025-12-08T18:13:04+00:00","description":"soLove \u2013 sm\u0117lio \u017evak\u0117s pagamintos i\u0161 nat\u016bralaus augalinio va\u0161ko. \u0160variai degan\u010dios, be parafino, be suod\u017ei\u0173, tvarios ir stilingos \u2013 puikiai tinka interjerui ir dovanoms.","breadcrumb":{"@id":"https:\/\/solove.lt\/refund_returns\/#breadcrumb"},"inLanguage":"en-US","potentialAction":[{"@type":"ReadAction","target":["https:\/\/solove.lt\/refund_returns\/"]}]},{"@type":"BreadcrumbList","@id":"https:\/\/solove.lt\/refund_returns\/#breadcrumb","itemListElement":[{"@type":"ListItem","position":1,"name":"Home","item":"https:\/\/solove.lt\/"},{"@type":"ListItem","position":2,"name":"Pinig\u0173 ir preki\u0173 gr\u0105\u017einimo politika"}]},{"@type":"WebSite","@id":"https:\/\/solove.lt\/#website","url":"https:\/\/solove.lt\/","name":"Solove","description":"Nat\u016bral\u016bs nam\u0173 kvapai ir \u017evaki\u0173 sm\u0117lis","publisher":{"@id":"https:\/\/solove.lt\/#organization"},"potentialAction":[{"@type":"SearchAction","target":{"@type":"EntryPoint","urlTemplate":"https:\/\/solove.lt\/?s={search_term_string}"},"query-input":{"@type":"PropertyValueSpecification","valueRequired":true,"valueName":"search_term_string"}}],"inLanguage":"en-US"},{"@type":"Organization","@id":"https:\/\/solove.lt\/#organization","name":"Solove","url":"https:\/\/solove.lt\/","logo":{"@type":"ImageObject","inLanguage":"en-US","@id":"https:\/\/solove.lt\/#\/schema\/logo\/image\/","url":"https:\/\/solove.lt\/wp-content\/uploads\/2025\/11\/logo.svg","contentUrl":"https:\/\/solove.lt\/wp-content\/uploads\/2025\/11\/logo.svg","width":320,"height":280,"caption":"Solove"},"image":{"@id":"https:\/\/solove.lt\/#\/schema\/logo\/image\/"},"sameAs":["https:\/\/www.instagram.com\/solove.lt\/"]}]}},"_links":{"self":[{"href":"https:\/\/solove.lt\/en\/wp-json\/wp\/v2\/pages\/11","targetHints":{"allow":["GET"]}}],"collection":[{"href":"https:\/\/solove.lt\/en\/wp-json\/wp\/v2\/pages"}],"about":[{"href":"https:\/\/solove.lt\/en\/wp-json\/wp\/v2\/types\/page"}],"author":[{"embeddable":true,"href":"https:\/\/solove.lt\/en\/wp-json\/wp\/v2\/users\/1"}],"replies":[{"embeddable":true,"href":"https:\/\/solove.lt\/en\/wp-json\/wp\/v2\/comments?post=11"}],"version-history":[{"count":4,"href":"https:\/\/solove.lt\/en\/wp-json\/wp\/v2\/pages\/11\/revisions"}],"predecessor-version":[{"id":3982,"href":"https:\/\/solove.lt\/en\/wp-json\/wp\/v2\/pages\/11\/revisions\/3982"}],"wp:attachment":[{"href":"https:\/\/solove.lt\/en\/wp-json\/wp\/v2\/media?parent=11"}],"curies":[{"name":"wp","href":"https:\/\/api.w.org\/{rel}","templated":true}]}}